{"id":160,"date":"2025-10-22T06:28:48","date_gmt":"2025-10-22T06:28:48","guid":{"rendered":"https:\/\/www.maitreennajah.com\/?page_id=160"},"modified":"2026-01-09T23:44:14","modified_gmt":"2026-01-09T23:44:14","slug":"droit-de-la-famille","status":"publish","type":"page","link":"https:\/\/www.maitreennajah.com\/ar\/droit-de-la-famille\/","title":{"rendered":"\u0642\u0627\u0646\u0648\u0646 \u0627\u0644\u0623\u0633\u0631\u0629"},"content":{"rendered":"<div data-elementor-type=\"wp-page\" data-elementor-id=\"160\" class=\"elementor elementor-160\">\n\t\t\t\t<div class=\"elementor-element elementor-element-556a8ca e-flex e-con-boxed e-con e-parent\" data-id=\"556a8ca\" data-element_type=\"container\" data-e-type=\"container\" data-settings=\"{&quot;background_background&quot;:&quot;classic&quot;}\">\n\t\t\t\t\t<div class=\"e-con-inner\">\n\t\t<div class=\"elementor-element elementor-element-2d619a0 e-con-full e-flex e-con e-child\" data-id=\"2d619a0\" data-element_type=\"container\" data-e-type=\"container\">\n\t\t\t\t<div class=\"elementor-element elementor-element-97d7a3d elementor-widget elementor-widget-heading\" data-id=\"97d7a3d\" data-element_type=\"widget\" data-e-type=\"widget\" data-widget_type=\"heading.default\">\n\t\t\t\t\t<h2 class=\"elementor-heading-title elementor-size-default\">\u0642\u0627\u0646\u0648\u0646 \u0627\u0644\u0623\u0633\u0631\u0629<\/h2>\t\t\t\t<\/div>\n\t\t\t\t<div class=\"elementor-element elementor-element-8f4f4e6 elementor-widget elementor-widget-text-editor\" data-id=\"8f4f4e6\" data-element_type=\"widget\" data-e-type=\"widget\" data-widget_type=\"text-editor.default\">\n\t\t\t\t\t\t\t\t\t<p>\u0627\u0644\u0623\u0633\u062a\u0627\u0630\u0629 \u0627\u0644\u0646\u062c\u0627\u062d \u062e\u062f\u064a\u062c\u0629\u060c \u0627\u0644\u0645\u0642\u064a\u0645\u0629 \u0641\u064a \u0645\u062f\u064a\u0646\u0629 \u0633\u0644\u0627\u060c \u0645\u062a\u062e\u0635\u0635\u0629 \u0641\u064a \u0642\u0627\u0646\u0648\u0646 \u0627\u0644\u0623\u0633\u0631\u0629\u060c \u0648\u062a\u0642\u062f\u0645 \u0627\u0644\u0645\u0634\u0648\u0631\u0629 \u0627\u0644\u0642\u0627\u0646\u0648\u0646\u064a\u0629 \u0648\u0627\u0644\u062f\u0639\u0645 \u0627\u0644\u0639\u0627\u0637\u0641\u064a \u0641\u064a \u062c\u0645\u064a\u0639 \u062c\u0648\u0627\u0646\u0628 \u0627\u0644\u0623\u0633\u0631\u0629.<\/p>\t\t\t\t\t\t\t\t<\/div>\n\t\t\t\t<\/div>\n\t\t\t\t\t<\/div>\n\t\t\t\t<\/div>\n\t\t<div class=\"elementor-element elementor-element-2a48c62 e-flex e-con-boxed e-con e-parent\" data-id=\"2a48c62\" data-element_type=\"container\" data-e-type=\"container\">\n\t\t\t\t\t<div class=\"e-con-inner\">\n\t\t<div class=\"elementor-element elementor-element-1a2e458 e-con-full e-flex elementor-invisible e-con e-child\" data-id=\"1a2e458\" data-element_type=\"container\" data-e-type=\"container\" data-settings=\"{&quot;background_background&quot;:&quot;classic&quot;,&quot;animation&quot;:&quot;fadeInUp&quot;,&quot;animation_delay&quot;:200}\">\n\t\t\t\t<\/div>\n\t\t<div class=\"elementor-element elementor-element-472854e e-con-full e-flex elementor-invisible e-con e-child\" data-id=\"472854e\" data-element_type=\"container\" data-e-type=\"container\" data-settings=\"{&quot;background_background&quot;:&quot;classic&quot;,&quot;animation&quot;:&quot;fadeInUp&quot;}\">\n\t\t\t\t<div class=\"elementor-element elementor-element-38aaeac elementor-widget elementor-widget-heading\" data-id=\"38aaeac\" data-element_type=\"widget\" data-e-type=\"widget\" data-widget_type=\"heading.default\">\n\t\t\t\t\t<h3 class=\"elementor-heading-title elementor-size-default\">\u0627\u0644\u062f\u0639\u0645 \u0627\u0644\u0642\u0627\u0646\u0648\u0646\u064a \u0641\u064a \u0642\u0627\u0646\u0648\u0646 \u0627\u0644\u0623\u0633\u0631\u0629<\/h3>\t\t\t\t<\/div>\n\t\t\t\t<div class=\"elementor-element elementor-element-54db3c5 elementor-widget-divider--view-line elementor-widget elementor-widget-divider\" data-id=\"54db3c5\" data-element_type=\"widget\" data-e-type=\"widget\" data-widget_type=\"divider.default\">\n\t\t\t\t\t\t\t<div class=\"elementor-divider\">\n\t\t\t<span class=\"elementor-divider-separator\">\n\t\t\t\t\t\t<\/span>\n\t\t<\/div>\n\t\t\t\t\t\t<\/div>\n\t\t\t\t<div class=\"elementor-element elementor-element-b1dbc3b elementor-widget elementor-widget-text-editor\" data-id=\"b1dbc3b\" data-element_type=\"widget\" data-e-type=\"widget\" data-widget_type=\"text-editor.default\">\n\t\t\t\t\t\t\t\t\t<p>\u0646\u062f\u0639\u0648\u0643\u0645 \u0644\u0627\u0633\u062a\u0643\u0634\u0627\u0641 \u0642\u0633\u0645\u0646\u0627 \u0627\u0644\u0645\u062e\u0635\u0635 \u0644\u0642\u0627\u0646\u0648\u0646 \u0627\u0644\u0623\u0633\u0631\u0629\u060c \u062d\u064a\u062b \u062a\u0642\u062f\u0645 \u0627\u0644\u0645\u062d\u0627\u0645\u064a\u0629 \u0627\u0644\u0623\u0633\u062a\u0627\u0630\u0629 \u0627\u0644\u0646\u062c\u0627\u062d \u062e\u062f\u064a\u062c\u0629\u060c \u0648\u0645\u0642\u0631\u0647 \u0641\u064a \u0633\u0644\u0627\u060c \u0646\u0647\u062c\u064b\u0627 \u0645\u0647\u0646\u064a\u064b\u0627 \u0648\u0645\u062a\u0639\u0627\u0637\u0641\u064b\u0627 \u0641\u064a \u0627\u0644\u062a\u0639\u0627\u0645\u0644 \u0645\u0639 \u0642\u0636\u0627\u064a\u0627 \u0627\u0644\u0623\u0633\u0631\u0629.<\/p><p>\u0646\u0648\u0644\u064a \u0627\u0647\u062a\u0645\u0627\u0645\u0627\u064b \u062e\u0627\u0635\u0627\u064b \u0644\u0644\u0641\u0631\u0648\u0642 \u0627\u0644\u062f\u0642\u064a\u0642\u0629 \u0648\u0627\u0644\u0627\u0639\u062a\u0628\u0627\u0631\u0627\u062a \u0627\u0644\u062d\u0633\u0627\u0633\u0629 \u0627\u0644\u0645\u062a\u0639\u0644\u0642\u0629 \u0628\u0642\u0636\u0627\u064a\u0627 \u0642\u0627\u0646\u0648\u0646 \u0627\u0644\u0623\u0633\u0631\u0629\u060c \u0628\u0645\u0627 \u0641\u064a \u0630\u0644\u0643 \u062e\u0635\u0648\u0635\u064a\u0627\u062a \u0627\u0644\u0632\u064a\u062c\u0627\u062a \u0628\u064a\u0646 \u0627\u0644\u062b\u0642\u0627\u0641\u0627\u062a \u0627\u0644\u0645\u062e\u062a\u0644\u0641\u0629.<\/p>\t\t\t\t\t\t\t\t<\/div>\n\t\t\t\t<\/div>\n\t\t\t\t\t<\/div>\n\t\t\t\t<\/div>\n\t\t<div class=\"elementor-element elementor-element-a29aeca e-flex e-con-boxed e-con e-parent\" data-id=\"a29aeca\" data-element_type=\"container\" data-e-type=\"container\" data-settings=\"{&quot;background_background&quot;:&quot;classic&quot;}\">\n\t\t\t\t\t<div class=\"e-con-inner\">\n\t\t<div class=\"elementor-element elementor-element-4244453f e-con-full e-flex e-con e-child\" data-id=\"4244453f\" data-element_type=\"container\" data-e-type=\"container\">\n\t\t\t\t<div class=\"elementor-element elementor-element-5f5f2863 elementor-invisible elementor-widget elementor-widget-heading\" data-id=\"5f5f2863\" data-element_type=\"widget\" data-e-type=\"widget\" data-settings=\"{&quot;_animation&quot;:&quot;fadeIn&quot;}\" data-widget_type=\"heading.default\">\n\t\t\t\t\t<h4 class=\"elementor-heading-title elementor-size-default\">\u064a\u0642\u062f\u0645 \u0645\u0643\u062a\u0628\u0646\u0627 \u0645\u0633\u0627\u0639\u062f\u0629 \u0642\u0627\u0646\u0648\u0646\u064a\u0629 \u0634\u0627\u0645\u0644\u0629 \u0641\u064a \u062c\u0645\u064a\u0639 \u0645\u062c\u0627\u0644\u0627\u062a \u0642\u0627\u0646\u0648\u0646 \u0627\u0644\u0623\u0633\u0631\u0629 \u0641\u064a \u0627\u0644\u0645\u063a\u0631\u0628\u060c \u0645\u0639 \u0627\u0644\u062a\u0631\u0643\u064a\u0632 \u0639\u0644\u0649 \u0627\u0644\u062e\u062f\u0645\u0627\u062a \u0627\u0644\u062a\u0627\u0644\u064a\u0629:<\/h4>\t\t\t\t<\/div>\n\t\t\t\t<div class=\"elementor-element elementor-element-203d7c3c elementor-invisible elementor-widget elementor-widget-heading\" data-id=\"203d7c3c\" data-element_type=\"widget\" data-e-type=\"widget\" data-settings=\"{&quot;_animation&quot;:&quot;fadeIn&quot;,&quot;_animation_delay&quot;:200}\" data-widget_type=\"heading.default\">\n\t\t\t\t\t<h3 class=\"elementor-heading-title elementor-size-default\">\u062e\u062f\u0645\u0627\u062a\u0646\u0627 \u0641\u064a \u0645\u062c\u0627\u0644 \u0642\u0627\u0646\u0648\u0646 \u0627\u0644\u0623\u0633\u0631\u0629\n<\/h3>\t\t\t\t<\/div>\n\t\t\t\t<div class=\"elementor-element elementor-element-4e7d75d2 elementor-widget-divider--view-line elementor-invisible elementor-widget elementor-widget-divider\" data-id=\"4e7d75d2\" data-element_type=\"widget\" data-e-type=\"widget\" data-settings=\"{&quot;_animation&quot;:&quot;fadeIn&quot;,&quot;_animation_delay&quot;:400}\" data-widget_type=\"divider.default\">\n\t\t\t\t\t\t\t<div class=\"elementor-divider\">\n\t\t\t<span class=\"elementor-divider-separator\">\n\t\t\t\t\t\t<\/span>\n\t\t<\/div>\n\t\t\t\t\t\t<\/div>\n\t\t<div class=\"elementor-element elementor-element-77c4d329 e-con-full e-flex elementor-invisible e-con e-child\" data-id=\"77c4d329\" data-element_type=\"container\" data-e-type=\"container\" data-settings=\"{&quot;animation&quot;:&quot;fadeInUp&quot;,&quot;animation_delay&quot;:400}\">\n\t\t<div class=\"elementor-element elementor-element-79356f4b e-con-full e-flex e-con e-child\" data-id=\"79356f4b\" data-element_type=\"container\" data-e-type=\"container\" data-settings=\"{&quot;background_background&quot;:&quot;classic&quot;}\">\n\t\t\t\t<div class=\"elementor-element elementor-element-507cdaad elementor-view-default elementor-widget elementor-widget-icon\" data-id=\"507cdaad\" data-element_type=\"widget\" data-e-type=\"widget\" data-widget_type=\"icon.default\">\n\t\t\t\t\t\t\t<div class=\"elementor-icon-wrapper\">\n\t\t\t<div class=\"elementor-icon\">\n\t\t\t<i aria-hidden=\"true\" class=\"icon icon-chat-1\"><\/i>\t\t\t<\/div>\n\t\t<\/div>\n\t\t\t\t\t\t<\/div>\n\t\t\t\t<div class=\"elementor-element elementor-element-7e19135f elementor-widget elementor-widget-heading\" data-id=\"7e19135f\" data-element_type=\"widget\" data-e-type=\"widget\" data-widget_type=\"heading.default\">\n\t\t\t\t\t<h4 class=\"elementor-heading-title elementor-size-default\">\u0627\u0644\u0637\u0644\u0627\u0642 \u0648\u0627\u0644\u0627\u0646\u0641\u0635\u0627\u0644<\/h4>\t\t\t\t<\/div>\n\t\t\t\t<div class=\"elementor-element elementor-element-3b25c155 elementor-widget elementor-widget-text-editor\" data-id=\"3b25c155\" data-element_type=\"widget\" data-e-type=\"widget\" data-widget_type=\"text-editor.default\">\n\t\t\t\t\t\t\t\t\t<p id=\"elementor-tab-title-1071\" class=\"elementor-tab-title elementor-active\" tabindex=\"0\" role=\"button\" data-tab=\"1\" aria-controls=\"elementor-tab-content-1071\" aria-expanded=\"true\" aria-selected=\"true\">\u062f\u0639\u0645 \u0634\u0627\u0645\u0644 \u0644\u0645\u0633\u0627\u0639\u062f\u062a\u0643 \u0641\u064a \u0627\u0644\u062a\u0646\u0642\u0644 \u062e\u0644\u0627\u0644 \u0639\u0645\u0644\u064a\u0629 \u0627\u0644\u0637\u0644\u0627\u0642\u060c \u0633\u0648\u0627\u0621 \u0643\u0627\u0646\u062a \u062a\u062a\u0636\u0645\u0646 \u062a\u0633\u0648\u064a\u0627\u062a \u0648\u062f\u064a\u0629 \u0623\u0648 \u0646\u0632\u0627\u0639\u064a\u0629.<\/p>\t\t\t\t\t\t\t\t<\/div>\n\t\t\t\t<\/div>\n\t\t<div class=\"elementor-element elementor-element-39530aea e-con-full e-flex e-con e-child\" data-id=\"39530aea\" data-element_type=\"container\" data-e-type=\"container\" data-settings=\"{&quot;background_background&quot;:&quot;classic&quot;}\">\n\t\t\t\t<div class=\"elementor-element elementor-element-435c2441 elementor-view-default elementor-widget elementor-widget-icon\" data-id=\"435c2441\" data-element_type=\"widget\" data-e-type=\"widget\" data-widget_type=\"icon.default\">\n\t\t\t\t\t\t\t<div class=\"elementor-icon-wrapper\">\n\t\t\t<div class=\"elementor-icon\">\n\t\t\t<i aria-hidden=\"true\" class=\"icon icon-eraser\"><\/i>\t\t\t<\/div>\n\t\t<\/div>\n\t\t\t\t\t\t<\/div>\n\t\t\t\t<div class=\"elementor-element elementor-element-138e6004 elementor-widget elementor-widget-heading\" data-id=\"138e6004\" data-element_type=\"widget\" data-e-type=\"widget\" data-widget_type=\"heading.default\">\n\t\t\t\t\t<h4 class=\"elementor-heading-title elementor-size-default\">\u0631\u0639\u0627\u064a\u0629 \u0627\u0644\u0623\u0637\u0641\u0627\u0644<\/h4>\t\t\t\t<\/div>\n\t\t\t\t<div class=\"elementor-element elementor-element-49416ec7 elementor-widget elementor-widget-text-editor\" data-id=\"49416ec7\" data-element_type=\"widget\" data-e-type=\"widget\" data-widget_type=\"text-editor.default\">\n\t\t\t\t\t\t\t\t\t<p>\u0646\u0635\u0627\u0626\u062d \u0645\u062d\u062f\u062f\u0629 \u0644\u0625\u0646\u0634\u0627\u0621 \u062a\u0631\u062a\u064a\u0628\u0627\u062a \u0627\u0644\u062d\u0636\u0627\u0646\u0629 \u0627\u0644\u062a\u064a \u062a\u062d\u0645\u064a \u0628\u0634\u0643\u0644 \u0623\u0641\u0636\u0644 \u0631\u0641\u0627\u0647\u0629 \u0627\u0644\u0637\u0641\u0644.<\/p>\t\t\t\t\t\t\t\t<\/div>\n\t\t\t\t<\/div>\n\t\t<div class=\"elementor-element elementor-element-33389bab e-con-full e-flex e-con e-child\" data-id=\"33389bab\" data-element_type=\"container\" data-e-type=\"container\" data-settings=\"{&quot;background_background&quot;:&quot;classic&quot;}\">\n\t\t\t\t<div class=\"elementor-element elementor-element-637fb341 elementor-view-default elementor-widget elementor-widget-icon\" data-id=\"637fb341\" data-element_type=\"widget\" data-e-type=\"widget\" data-widget_type=\"icon.default\">\n\t\t\t\t\t\t\t<div class=\"elementor-icon-wrapper\">\n\t\t\t<div class=\"elementor-icon\">\n\t\t\t<i aria-hidden=\"true\" class=\"icon icon-file-1\"><\/i>\t\t\t<\/div>\n\t\t<\/div>\n\t\t\t\t\t\t<\/div>\n\t\t\t\t<div class=\"elementor-element elementor-element-1e2aa0c7 elementor-widget elementor-widget-heading\" data-id=\"1e2aa0c7\" data-element_type=\"widget\" data-e-type=\"widget\" data-widget_type=\"heading.default\">\n\t\t\t\t\t<h4 class=\"elementor-heading-title elementor-size-default\">\u0627\u0644\u0646\u0641\u0642\u0629<\/h4>\t\t\t\t<\/div>\n\t\t\t\t<div class=\"elementor-element elementor-element-504bc37f elementor-widget elementor-widget-text-editor\" data-id=\"504bc37f\" data-element_type=\"widget\" data-e-type=\"widget\" data-widget_type=\"text-editor.default\">\n\t\t\t\t\t\t\t\t\t<p>\u0627\u0644\u0645\u0633\u0627\u0639\u062f\u0629 \u0641\u064a \u062a\u062d\u062f\u064a\u062f \u0648\u0627\u0644\u062a\u0641\u0627\u0648\u0636 \u0628\u0634\u0623\u0646 \u062f\u0639\u0645 \u0627\u0644\u0637\u0641\u0644 \u0627\u0644\u0639\u0627\u062f\u0644.<\/p>\t\t\t\t\t\t\t\t<\/div>\n\t\t\t\t<\/div>\n\t\t\t\t<\/div>\n\t\t<div class=\"elementor-element elementor-element-5c6c5006 e-con-full e-flex elementor-invisible e-con e-child\" data-id=\"5c6c5006\" data-element_type=\"container\" data-e-type=\"container\" data-settings=\"{&quot;animation&quot;:&quot;fadeInUp&quot;,&quot;animation_delay&quot;:600}\">\n\t\t<div class=\"elementor-element elementor-element-7c9ff652 e-con-full e-flex e-con e-child\" data-id=\"7c9ff652\" data-element_type=\"container\" data-e-type=\"container\" data-settings=\"{&quot;background_background&quot;:&quot;classic&quot;}\">\n\t\t\t\t<div class=\"elementor-element elementor-element-55dd55cd elementor-view-default elementor-widget elementor-widget-icon\" data-id=\"55dd55cd\" data-element_type=\"widget\" data-e-type=\"widget\" data-widget_type=\"icon.default\">\n\t\t\t\t\t\t\t<div class=\"elementor-icon-wrapper\">\n\t\t\t<div class=\"elementor-icon\">\n\t\t\t<i aria-hidden=\"true\" class=\"icon icon-checked1\"><\/i>\t\t\t<\/div>\n\t\t<\/div>\n\t\t\t\t\t\t<\/div>\n\t\t\t\t<div class=\"elementor-element elementor-element-5f03f3fc elementor-widget elementor-widget-heading\" data-id=\"5f03f3fc\" data-element_type=\"widget\" data-e-type=\"widget\" data-widget_type=\"heading.default\">\n\t\t\t\t\t<h4 class=\"elementor-heading-title elementor-size-default\">\u0627\u0644\u0645\u064a\u0631\u0627\u062b \u0648\u0627\u0644\u0648\u0635\u0627\u064a\u0627<\/h4>\t\t\t\t<\/div>\n\t\t\t\t<div class=\"elementor-element elementor-element-61f88474 elementor-widget elementor-widget-text-editor\" data-id=\"61f88474\" data-element_type=\"widget\" data-e-type=\"widget\" data-widget_type=\"text-editor.default\">\n\t\t\t\t\t\t\t\t\t<p>\u0627\u0644\u0645\u0633\u0627\u0639\u062f\u0629 \u0641\u064a \u0627\u0644\u062a\u062e\u0637\u064a\u0637 \u0644\u0644\u062e\u0644\u0627\u0641\u0629 \u0648\u062d\u0644 \u0627\u0644\u0646\u0632\u0627\u0639\u0627\u062a.<\/p>\t\t\t\t\t\t\t\t<\/div>\n\t\t\t\t<\/div>\n\t\t<div class=\"elementor-element elementor-element-4c0eb9ac e-con-full e-flex e-con e-child\" data-id=\"4c0eb9ac\" data-element_type=\"container\" data-e-type=\"container\" data-settings=\"{&quot;background_background&quot;:&quot;classic&quot;}\">\n\t\t\t\t<div class=\"elementor-element elementor-element-5fff922 elementor-view-default elementor-widget elementor-widget-icon\" data-id=\"5fff922\" data-element_type=\"widget\" data-e-type=\"widget\" data-widget_type=\"icon.default\">\n\t\t\t\t\t\t\t<div class=\"elementor-icon-wrapper\">\n\t\t\t<div class=\"elementor-icon\">\n\t\t\t<i aria-hidden=\"true\" class=\"icon icon-finance-book\"><\/i>\t\t\t<\/div>\n\t\t<\/div>\n\t\t\t\t\t\t<\/div>\n\t\t\t\t<div class=\"elementor-element elementor-element-1c616b98 elementor-widget elementor-widget-heading\" data-id=\"1c616b98\" data-element_type=\"widget\" data-e-type=\"widget\" data-widget_type=\"heading.default\">\n\t\t\t\t\t<h4 class=\"elementor-heading-title elementor-size-default\">\u0627\u0644\u0639\u0646\u0641 \u0627\u0644\u0623\u0633\u0631\u064a<\/h4>\t\t\t\t<\/div>\n\t\t\t\t<div class=\"elementor-element elementor-element-1406563a elementor-widget elementor-widget-text-editor\" data-id=\"1406563a\" data-element_type=\"widget\" data-e-type=\"widget\" data-widget_type=\"text-editor.default\">\n\t\t\t\t\t\t\t\t\t<p>\u0627\u0644\u0645\u0633\u0627\u0639\u062f\u0629 \u0648\u0627\u0644\u062a\u0645\u062b\u064a\u0644 \u0644\u0636\u062d\u0627\u064a\u0627 \u0627\u0644\u0639\u0646\u0641 \u0648\u0636\u0645\u0627\u0646 \u0633\u0644\u0627\u0645\u062a\u0647\u0645 \u0648\u062d\u0642\u0647\u0645 \u0641\u064a \u0627\u0644\u0639\u062f\u0627\u0644\u0629.<\/p>\t\t\t\t\t\t\t\t<\/div>\n\t\t\t\t<\/div>\n\t\t<div class=\"elementor-element elementor-element-7e572c4b e-con-full e-flex e-con e-child\" data-id=\"7e572c4b\" data-element_type=\"container\" data-e-type=\"container\" data-settings=\"{&quot;background_background&quot;:&quot;classic&quot;}\">\n\t\t\t\t<div class=\"elementor-element elementor-element-3a7f5af9 elementor-view-default elementor-widget elementor-widget-icon\" data-id=\"3a7f5af9\" data-element_type=\"widget\" data-e-type=\"widget\" data-widget_type=\"icon.default\">\n\t\t\t\t\t\t\t<div class=\"elementor-icon-wrapper\">\n\t\t\t<div class=\"elementor-icon\">\n\t\t\t<i aria-hidden=\"true\" class=\"icon icon-id-card-1\"><\/i>\t\t\t<\/div>\n\t\t<\/div>\n\t\t\t\t\t\t<\/div>\n\t\t\t\t<div class=\"elementor-element elementor-element-682656f0 elementor-widget elementor-widget-heading\" data-id=\"682656f0\" data-element_type=\"widget\" data-e-type=\"widget\" data-widget_type=\"heading.default\">\n\t\t\t\t\t<h4 class=\"elementor-heading-title elementor-size-default\">\u0627\u0644\u0643\u0641\u0627\u0644\u0629<\/h4>\t\t\t\t<\/div>\n\t\t\t\t<div class=\"elementor-element elementor-element-63806589 elementor-widget elementor-widget-text-editor\" data-id=\"63806589\" data-element_type=\"widget\" data-e-type=\"widget\" data-widget_type=\"text-editor.default\">\n\t\t\t\t\t\t\t\t\t<p>\u062f\u0644\u064a\u0644 \u0627\u0644\u0625\u0637\u0627\u0631 \u0627\u0644\u0642\u0627\u0646\u0648\u0646\u064a \u0644\u0644\u0643\u0641\u0627\u0644\u0629 \u0641\u064a \u0627\u0644\u0645\u063a\u0631\u0628 \u0648\u0641\u0642\u0627 \u0644\u0644\u0642\u0648\u0627\u0646\u064a\u0646 \u0627\u0644\u0645\u062d\u0644\u064a\u0629.<\/p>\t\t\t\t\t\t\t\t<\/div>\n\t\t\t\t<\/div>\n\t\t\t\t<\/div>\n\t\t<div class=\"elementor-element elementor-element-69be6a2b e-con-full e-flex elementor-invisible e-con e-child\" data-id=\"69be6a2b\" data-element_type=\"container\" data-e-type=\"container\" data-settings=\"{&quot;animation&quot;:&quot;fadeInUp&quot;,&quot;animation_delay&quot;:400}\">\n\t\t<div class=\"elementor-element elementor-element-1f1b37ec e-con-full e-flex e-con e-child\" data-id=\"1f1b37ec\" data-element_type=\"container\" data-e-type=\"container\" data-settings=\"{&quot;background_background&quot;:&quot;classic&quot;}\">\n\t\t\t\t<div class=\"elementor-element elementor-element-2720691f elementor-view-default elementor-widget elementor-widget-icon\" data-id=\"2720691f\" data-element_type=\"widget\" data-e-type=\"widget\" data-widget_type=\"icon.default\">\n\t\t\t\t\t\t\t<div class=\"elementor-icon-wrapper\">\n\t\t\t<div class=\"elementor-icon\">\n\t\t\t<i aria-hidden=\"true\" class=\"jki jki-fingerprint-solid\"><\/i>\t\t\t<\/div>\n\t\t<\/div>\n\t\t\t\t\t\t<\/div>\n\t\t\t\t<div class=\"elementor-element elementor-element-4f51ebc4 elementor-widget elementor-widget-heading\" data-id=\"4f51ebc4\" data-element_type=\"widget\" data-e-type=\"widget\" data-widget_type=\"heading.default\">\n\t\t\t\t\t<h4 class=\"elementor-heading-title elementor-size-default\">\u0627\u0644\u0632\u064a\u062c\u0627\u062a \u0627\u0644\u0645\u062e\u062a\u0644\u0637\u0629<\/h4>\t\t\t\t<\/div>\n\t\t\t\t<div class=\"elementor-element elementor-element-34a28783 elementor-widget elementor-widget-text-editor\" data-id=\"34a28783\" data-element_type=\"widget\" data-e-type=\"widget\" data-widget_type=\"text-editor.default\">\n\t\t\t\t\t\t\t\t\t<p>\u0646\u0635\u0627\u0626\u062d \u0627\u0644\u062e\u0628\u0631\u0627\u0621 \u0644\u0644\u0623\u0632\u0648\u0627\u062c \u0645\u0646 \u062b\u0642\u0627\u0641\u0627\u062a \u0623\u0648 \u062c\u0646\u0633\u064a\u0627\u062a \u0645\u062e\u062a\u0644\u0641\u0629\u060c \u0628\u0645\u0627 \u0641\u064a \u0630\u0644\u0643 \u0627\u0644\u0625\u062c\u0631\u0627\u0621\u0627\u062a \u0627\u0644\u0642\u0627\u0646\u0648\u0646\u064a\u0629 \u0641\u064a \u0627\u0644\u0645\u063a\u0631\u0628\u060c \u0648\u0639\u0642\u0648\u062f \u0627\u0644\u0632\u0648\u0627\u062c \u0648\u0625\u062f\u0627\u0631\u0629 \u0627\u0644\u062a\u0639\u0642\u064a\u062f\u0627\u062a \u0627\u0644\u0642\u0627\u0646\u0648\u0646\u064a\u0629 \u0627\u0644\u0645\u0631\u062a\u0628\u0637\u0629 \u0628\u0647\u0630\u0647 \u0627\u0644\u0627\u062a\u062d\u0627\u062f\u0627\u062a.<\/p>\t\t\t\t\t\t\t\t<\/div>\n\t\t\t\t<\/div>\n\t\t\t\t<\/div>\n\t\t\t\t<\/div>\n\t\t\t\t\t<\/div>\n\t\t\t\t<\/div>\n\t\t\t\t<\/div>\n\t\t\n    <div class=\"xs_social_share_widget xs_share_url after_content \t\tmain_content  wslu-style-1 wslu-share-box-shaped wslu-fill-colored wslu-none wslu-share-horizontal wslu-theme-font-no wslu-main_content\">\n\n\t\t\n        <ul>\n\t\t\t        <\/ul>\n    <\/div>","protected":false},"excerpt":{"rendered":"<p>Droit de la famille Le Ma\u00eetre Ennajah Khadija bas\u00e9 \u00e0 Sal\u00e9 est un sp\u00e9cialiste en droit de la famille, offrant des conseils juridiques et un soutien \u00e9motionnel sur tous les aspects familiaux. Support Juridique en Droit Familial Nous vous invitons \u00e0 explorer notre rubrique d\u00e9di\u00e9e au Droit de la Famille, o\u00f9 MAITRE ENNAJAH KHADIJA bas\u00e9 [&hellip;]<\/p>","protected":false},"author":1,"featured_media":0,"parent":0,"menu_order":0,"comment_status":"closed","ping_status":"closed","template":"elementor_header_footer","meta":{"postBodyCss":"","postBodyMargin":[],"postBodyPadding":[],"postBodyBackground":{"backgroundType":"classic","gradient":""},"footnotes":""},"class_list":["post-160","page","type-page","status-publish","hentry"],"rttpg_featured_image_url":null,"rttpg_author":{"display_name":"Maitreennajah","author_link":"https:\/\/www.maitreennajah.com\/ar\/author\/takafilawfirm\/"},"rttpg_comment":0,"rttpg_category":null,"rttpg_excerpt":"Droit de la famille Le Ma\u00eetre Ennajah Khadija bas\u00e9 \u00e0 Sal\u00e9 est un sp\u00e9cialiste en droit de la famille, offrant des conseils juridiques et un soutien \u00e9motionnel sur tous les aspects familiaux. Support Juridique en Droit Familial Nous vous invitons \u00e0 explorer notre rubrique d\u00e9di\u00e9e au Droit de la Famille, o\u00f9 MAITRE ENNAJAH KHADIJA bas\u00e9&hellip;","_links":{"self":[{"href":"https:\/\/www.maitreennajah.com\/ar\/wp-json\/wp\/v2\/pages\/160","targetHints":{"allow":["GET"]}}],"collection":[{"href":"https:\/\/www.maitreennajah.com\/ar\/wp-json\/wp\/v2\/pages"}],"about":[{"href":"https:\/\/www.maitreennajah.com\/ar\/wp-json\/wp\/v2\/types\/page"}],"author":[{"embeddable":true,"href":"https:\/\/www.maitreennajah.com\/ar\/wp-json\/wp\/v2\/users\/1"}],"replies":[{"embeddable":true,"href":"https:\/\/www.maitreennajah.com\/ar\/wp-json\/wp\/v2\/comments?post=160"}],"version-history":[{"count":40,"href":"https:\/\/www.maitreennajah.com\/ar\/wp-json\/wp\/v2\/pages\/160\/revisions"}],"predecessor-version":[{"id":1648,"href":"https:\/\/www.maitreennajah.com\/ar\/wp-json\/wp\/v2\/pages\/160\/revisions\/1648"}],"wp:attachment":[{"href":"https:\/\/www.maitreennajah.com\/ar\/wp-json\/wp\/v2\/media?parent=160"}],"curies":[{"name":"wp","href":"https:\/\/api.w.org\/{rel}","templated":true}]}}