{"id":168,"date":"2025-10-22T06:36:31","date_gmt":"2025-10-22T06:36:31","guid":{"rendered":"https:\/\/www.maitreennajah.com\/?page_id=168"},"modified":"2026-01-10T08:18:02","modified_gmt":"2026-01-10T08:18:02","slug":"droit-de-travail","status":"publish","type":"page","link":"https:\/\/www.maitreennajah.com\/ar\/droit-de-travail\/","title":{"rendered":"\u0642\u0627\u0646\u0648\u0646 \u0627\u0644\u0634\u063a\u0644"},"content":{"rendered":"<div data-elementor-type=\"wp-page\" data-elementor-id=\"168\" class=\"elementor elementor-168\">\n\t\t\t\t<div class=\"elementor-element elementor-element-465b927 e-flex e-con-boxed e-con e-parent\" data-id=\"465b927\" data-element_type=\"container\" data-e-type=\"container\" data-settings=\"{&quot;background_background&quot;:&quot;classic&quot;}\">\n\t\t\t\t\t<div class=\"e-con-inner\">\n\t\t<div class=\"elementor-element elementor-element-113c92f e-con-full e-flex e-con e-child\" data-id=\"113c92f\" data-element_type=\"container\" data-e-type=\"container\">\n\t\t\t\t<div class=\"elementor-element elementor-element-6eb3247 elementor-widget elementor-widget-heading\" data-id=\"6eb3247\" data-element_type=\"widget\" data-e-type=\"widget\" data-widget_type=\"heading.default\">\n\t\t\t\t\t<h2 class=\"elementor-heading-title elementor-size-default\">\u0642\u0627\u0646\u0648\u0646 \u0627\u0644\u0634\u063a\u0644<\/h2>\t\t\t\t<\/div>\n\t\t\t\t<div class=\"elementor-element elementor-element-34185c9 elementor-widget elementor-widget-text-editor\" data-id=\"34185c9\" data-element_type=\"widget\" data-e-type=\"widget\" data-widget_type=\"text-editor.default\">\n\t\t\t\t\t\t\t\t\t<p>\u064a\u0642\u0639 \u0645\u0643\u062a\u0628 \u0627\u0644\u0623\u0633\u062a\u0627\u0630\u0629 \u0627\u0644\u0646\u062c\u0627\u062d \u062e\u062f\u064a\u062c\u0629 \u0641\u064a \u0645\u062f\u064a\u0646\u0629 \u0633\u0644\u0627\u060c \u0648\u0647\u0648 \u0645\u062a\u062e\u0635\u0635 \u0641\u064a \u0642\u0627\u0646\u0648\u0646 \u0627\u0644\u0639\u0645\u0644 \u0648\u064a\u0642\u062f\u0645 \u0645\u062c\u0645\u0648\u0639\u0629 \u0648\u0627\u0633\u0639\u0629 \u0645\u0646 \u0627\u0644\u062e\u062f\u0645\u0627\u062a \u0644\u062a\u0644\u0628\u064a\u0629 \u0627\u0644\u0627\u062d\u062a\u064a\u0627\u062c\u0627\u062a \u0627\u0644\u0642\u0627\u0646\u0648\u0646\u064a\u0629 \u0644\u0643\u0644 \u0645\u0646 \u0623\u0635\u062d\u0627\u0628 \u0627\u0644\u0639\u0645\u0644 \u0648\u0627\u0644\u0645\u0648\u0638\u0641\u064a\u0646.<\/p>\t\t\t\t\t\t\t\t<\/div>\n\t\t\t\t<\/div>\n\t\t\t\t\t<\/div>\n\t\t\t\t<\/div>\n\t\t<div class=\"elementor-element elementor-element-99fa489 e-flex e-con-boxed e-con e-parent\" data-id=\"99fa489\" data-element_type=\"container\" data-e-type=\"container\">\n\t\t\t\t\t<div class=\"e-con-inner\">\n\t\t<div class=\"elementor-element elementor-element-95df29a e-con-full e-flex elementor-invisible e-con e-child\" data-id=\"95df29a\" data-element_type=\"container\" data-e-type=\"container\" data-settings=\"{&quot;background_background&quot;:&quot;classic&quot;,&quot;animation&quot;:&quot;fadeInUp&quot;,&quot;animation_delay&quot;:200}\">\n\t\t\t\t<\/div>\n\t\t<div class=\"elementor-element elementor-element-20e5ce5 e-con-full e-flex elementor-invisible e-con e-child\" data-id=\"20e5ce5\" data-element_type=\"container\" data-e-type=\"container\" data-settings=\"{&quot;background_background&quot;:&quot;classic&quot;,&quot;animation&quot;:&quot;fadeInUp&quot;}\">\n\t\t\t\t<div class=\"elementor-element elementor-element-fe73a69 elementor-widget elementor-widget-heading\" data-id=\"fe73a69\" data-element_type=\"widget\" data-e-type=\"widget\" data-widget_type=\"heading.default\">\n\t\t\t\t\t<h3 class=\"elementor-heading-title elementor-size-default\">\u0645\u0633\u0627\u0639\u062f\u0629 \u0634\u0627\u0645\u0644\u0629 \u0641\u064a \u0642\u0627\u0646\u0648\u0646 \u0627\u0644\u0639\u0645\u0644 \u0641\u064a \u0645\u062f\u064a\u0646\u0629 \u0633\u0644\u0627\n<\/h3>\t\t\t\t<\/div>\n\t\t\t\t<div class=\"elementor-element elementor-element-4f9eaf2 elementor-widget-divider--view-line elementor-widget elementor-widget-divider\" data-id=\"4f9eaf2\" data-element_type=\"widget\" data-e-type=\"widget\" data-widget_type=\"divider.default\">\n\t\t\t\t\t\t\t<div class=\"elementor-divider\">\n\t\t\t<span class=\"elementor-divider-separator\">\n\t\t\t\t\t\t<\/span>\n\t\t<\/div>\n\t\t\t\t\t\t<\/div>\n\t\t\t\t<div class=\"elementor-element elementor-element-67c7e3a elementor-widget elementor-widget-text-editor\" data-id=\"67c7e3a\" data-element_type=\"widget\" data-e-type=\"widget\" data-widget_type=\"text-editor.default\">\n\t\t\t\t\t\t\t\t\t<p>\u064a\u0642\u0639 \u0645\u0643\u062a\u0628 \u0627\u0644\u0623\u0633\u062a\u0627\u0630\u0629 \u0627\u0644\u0646\u062c\u0627\u062d \u062e\u062f\u064a\u062c\u0629 \u0641\u064a \u0645\u062f\u064a\u0646\u0629 \u0633\u0644\u0627\u060c \u0648\u064a\u0642\u062f\u0645 \u0644\u0643\u0645 \u062e\u0628\u0631\u0629 \u0648\u0627\u0633\u0639\u0629 \u0641\u064a \u0642\u0627\u0646\u0648\u0646 \u0627\u0644\u0639\u0645\u0644 \u0627\u0644\u0645\u063a\u0631\u0628\u064a. \u0646\u062f\u0631\u0643 \u0623\u0646 \u0627\u0644\u0639\u0644\u0627\u0642\u0627\u062a \u0627\u0644\u0645\u0647\u0646\u064a\u0629 \u062a\u0644\u0639\u0628 \u062f\u0648\u0631\u064b\u0627 \u0645\u062d\u0648\u0631\u064a\u064b\u0627 \u0641\u064a \u0646\u062c\u0627\u062d \u0623\u064a \u0639\u0645\u0644\u060c \u0648\u0623\u0646 \u062d\u0645\u0627\u064a\u0629 \u062d\u0642\u0648\u0642 \u0627\u0644\u0645\u0648\u0638\u0641\u064a\u0646 \u0623\u0645\u0631 \u0628\u0627\u0644\u063a \u0627\u0644\u0623\u0647\u0645\u064a\u0629. \u0644\u0630\u0627\u060c \u0646\u0644\u062a\u0632\u0645 \u0628\u062a\u0642\u062f\u064a\u0645 \u0645\u0633\u0627\u0639\u062f\u0629 \u0642\u0627\u0646\u0648\u0646\u064a\u0629 \u0634\u0627\u0645\u0644\u0629 \u0644\u0643\u0644 \u0645\u0646 \u0623\u0635\u062d\u0627\u0628 \u0627\u0644\u0639\u0645\u0644 \u0648\u0627\u0644\u0645\u0648\u0638\u0641\u064a\u0646\u060c \u0648\u062a\u0648\u062c\u064a\u0647\u0647\u0645 \u0644\u0641\u0647\u0645 \u062a\u0641\u0627\u0635\u064a\u0644 \u0642\u0627\u0646\u0648\u0646 \u0627\u0644\u0639\u0645\u0644 \u0627\u0644\u0645\u063a\u0631\u0628\u064a.<\/p>\t\t\t\t\t\t\t\t<\/div>\n\t\t\t\t<\/div>\n\t\t\t\t\t<\/div>\n\t\t\t\t<\/div>\n\t\t<div class=\"elementor-element elementor-element-d75cf0f e-flex e-con-boxed e-con e-parent\" data-id=\"d75cf0f\" data-element_type=\"container\" data-e-type=\"container\" data-settings=\"{&quot;background_background&quot;:&quot;classic&quot;}\">\n\t\t\t\t\t<div class=\"e-con-inner\">\n\t\t<div class=\"elementor-element elementor-element-975ffbf e-con-full e-flex e-con e-child\" data-id=\"975ffbf\" data-element_type=\"container\" data-e-type=\"container\">\n\t\t\t\t<div class=\"elementor-element elementor-element-7796d86 elementor-widget elementor-widget-text-editor\" data-id=\"7796d86\" data-element_type=\"widget\" data-e-type=\"widget\" data-widget_type=\"text-editor.default\">\n\t\t\t\t\t\t\t\t\t<p>\u064a\u0642\u062f\u0645 \u0645\u0643\u062a\u0628\u0646\u0627 \u0645\u062c\u0645\u0648\u0639\u0629 \u0648\u0627\u0633\u0639\u0629 \u0645\u0646 \u0627\u0644\u062e\u062f\u0645\u0627\u062a \u0627\u0644\u0642\u0627\u0646\u0648\u0646\u064a\u0629 \u0641\u064a \u0645\u062c\u0627\u0644 \u0642\u0627\u0646\u0648\u0646 \u0627\u0644\u0634\u063a\u0644\u060c \u0648\u0627\u0644\u0645\u0635\u0645\u0645\u0629 \u0644\u062a\u0644\u0628\u064a\u0629 \u062c\u0645\u064a\u0639 \u0645\u062a\u0637\u0644\u0628\u0627\u062a \u0639\u0645\u0644\u0627\u0626\u0646\u0627 \u0639\u0644\u0649 \u0627\u0644\u0646\u062d\u0648 \u0627\u0644\u0623\u0645\u062b\u0644:<\/p>\t\t\t\t\t\t\t\t<\/div>\n\t\t\t\t<div class=\"elementor-element elementor-element-e093c00 elementor-invisible elementor-widget elementor-widget-heading\" data-id=\"e093c00\" data-element_type=\"widget\" data-e-type=\"widget\" data-settings=\"{&quot;_animation&quot;:&quot;fadeIn&quot;,&quot;_animation_delay&quot;:200}\" data-widget_type=\"heading.default\">\n\t\t\t\t\t<h3 class=\"elementor-heading-title elementor-size-default\">\u062e\u062f\u0645\u0627\u062a \u0642\u0627\u0646\u0648\u0646 \u0627\u0644\u0634\u063a\u0644 \u0644\u062f\u064a\u0646\u0627\n<\/h3>\t\t\t\t<\/div>\n\t\t\t\t<div class=\"elementor-element elementor-element-8b9abe3 elementor-widget-divider--view-line elementor-invisible elementor-widget elementor-widget-divider\" data-id=\"8b9abe3\" data-element_type=\"widget\" data-e-type=\"widget\" data-settings=\"{&quot;_animation&quot;:&quot;fadeIn&quot;,&quot;_animation_delay&quot;:400}\" data-widget_type=\"divider.default\">\n\t\t\t\t\t\t\t<div class=\"elementor-divider\">\n\t\t\t<span class=\"elementor-divider-separator\">\n\t\t\t\t\t\t<\/span>\n\t\t<\/div>\n\t\t\t\t\t\t<\/div>\n\t\t<div class=\"elementor-element elementor-element-bcdf85a e-con-full e-flex elementor-invisible e-con e-child\" data-id=\"bcdf85a\" data-element_type=\"container\" data-e-type=\"container\" data-settings=\"{&quot;animation&quot;:&quot;fadeInUp&quot;,&quot;animation_delay&quot;:400}\">\n\t\t<div class=\"elementor-element elementor-element-e8b475b e-con-full e-flex e-con e-child\" data-id=\"e8b475b\" data-element_type=\"container\" data-e-type=\"container\" data-settings=\"{&quot;background_background&quot;:&quot;classic&quot;}\">\n\t\t\t\t<div class=\"elementor-element elementor-element-3bef48d elementor-view-default elementor-widget elementor-widget-icon\" data-id=\"3bef48d\" data-element_type=\"widget\" data-e-type=\"widget\" data-widget_type=\"icon.default\">\n\t\t\t\t\t\t\t<div class=\"elementor-icon-wrapper\">\n\t\t\t<div class=\"elementor-icon\">\n\t\t\t<i aria-hidden=\"true\" class=\"icon icon-chat-1\"><\/i>\t\t\t<\/div>\n\t\t<\/div>\n\t\t\t\t\t\t<\/div>\n\t\t\t\t<div class=\"elementor-element elementor-element-fa19ca5 elementor-widget elementor-widget-heading\" data-id=\"fa19ca5\" data-element_type=\"widget\" data-e-type=\"widget\" data-widget_type=\"heading.default\">\n\t\t\t\t\t<h4 class=\"elementor-heading-title elementor-size-default\">\u0646\u0635\u0627\u0626\u062d \u0644\u0623\u0635\u062d\u0627\u0628 \u0627\u0644\u0639\u0645\u0644<\/h4>\t\t\t\t<\/div>\n\t\t\t\t<div class=\"elementor-element elementor-element-6756454 elementor-widget elementor-widget-text-editor\" data-id=\"6756454\" data-element_type=\"widget\" data-e-type=\"widget\" data-widget_type=\"text-editor.default\">\n\t\t\t\t\t\t\t\t\t<p>\u0646\u062d\u0646 \u0646\u0642\u062f\u0645 \u0627\u0644\u062a\u0648\u062c\u064a\u0647 \u0627\u0644\u0627\u0633\u062a\u0631\u0627\u062a\u064a\u062c\u064a \u0628\u0634\u0623\u0646 \u0625\u062f\u0627\u0631\u0629 \u0639\u0644\u0627\u0642\u0627\u062a \u0627\u0644\u0639\u0645\u0644\u060c \u0628\u0645\u0627 \u0641\u064a \u0630\u0644\u0643 \u0635\u064a\u0627\u063a\u0629 \u0639\u0642\u0648\u062f \u0627\u0644\u0639\u0645\u0644\u060c \u0648\u0648\u0636\u0639 \u0627\u0644\u0644\u0648\u0627\u0626\u062d \u0627\u0644\u062f\u0627\u062e\u0644\u064a\u0629\u060c \u0648\u0625\u062f\u0627\u0631\u0629 \u0639\u0645\u0644\u064a\u0627\u062a \u0627\u0644\u0641\u0635\u0644 \u0648\u0625\u0639\u0627\u062f\u0629 \u0627\u0644\u062a\u0646\u0638\u064a\u0645\u060c \u0648\u0636\u0645\u0627\u0646 \u0627\u0644\u0627\u0645\u062a\u062b\u0627\u0644 \u0644\u0642\u0627\u0646\u0648\u0646 \u0627\u0644\u0634\u063a\u0644 \u0627\u0644\u0645\u063a\u0631\u0628\u064a.<\/p>\t\t\t\t\t\t\t\t<\/div>\n\t\t\t\t<\/div>\n\t\t<div class=\"elementor-element elementor-element-ed4798e e-con-full e-flex e-con e-child\" data-id=\"ed4798e\" data-element_type=\"container\" data-e-type=\"container\" data-settings=\"{&quot;background_background&quot;:&quot;classic&quot;}\">\n\t\t\t\t<div class=\"elementor-element elementor-element-b091f27 elementor-view-default elementor-widget elementor-widget-icon\" data-id=\"b091f27\" data-element_type=\"widget\" data-e-type=\"widget\" data-widget_type=\"icon.default\">\n\t\t\t\t\t\t\t<div class=\"elementor-icon-wrapper\">\n\t\t\t<div class=\"elementor-icon\">\n\t\t\t<i aria-hidden=\"true\" class=\"icon icon-eraser\"><\/i>\t\t\t<\/div>\n\t\t<\/div>\n\t\t\t\t\t\t<\/div>\n\t\t\t\t<div class=\"elementor-element elementor-element-c45d9d3 elementor-widget elementor-widget-heading\" data-id=\"c45d9d3\" data-element_type=\"widget\" data-e-type=\"widget\" data-widget_type=\"heading.default\">\n\t\t\t\t\t<h4 class=\"elementor-heading-title elementor-size-default\">\u0627\u0644\u062f\u0641\u0627\u0639 \u0639\u0646 \u062d\u0642\u0648\u0642 \u0627\u0644\u0645\u0648\u0638\u0641\u064a\u0646<\/h4>\t\t\t\t<\/div>\n\t\t\t\t<div class=\"elementor-element elementor-element-cf5fd17 elementor-widget elementor-widget-text-editor\" data-id=\"cf5fd17\" data-element_type=\"widget\" data-e-type=\"widget\" data-widget_type=\"text-editor.default\">\n\t\t\t\t\t\t\t\t\t<p>\u0646\u062d\u0646 \u0646\u0645\u062b\u0644 \u0627\u0644\u0639\u0645\u0627\u0644 \u0641\u064a \u0645\u0641\u0627\u0648\u0636\u0627\u062a \u0627\u0644\u0639\u0642\u0648\u062f \u0648\u0641\u064a \u062d\u0627\u0644\u0627\u062a \u0627\u0646\u062a\u0647\u0627\u0643 \u062d\u0642\u0648\u0642\u0647\u0645 \u0627\u0644\u0645\u062a\u0639\u0644\u0642\u0629 \u0628\u0627\u0644\u0637\u0631\u062f \u0627\u0644\u062a\u0639\u0633\u0641\u064a \u0623\u0648 \u0627\u0644\u062a\u062d\u0631\u0634 \u0641\u064a \u0645\u0643\u0627\u0646 \u0627\u0644\u0639\u0645\u0644 \u0623\u0648 \u063a\u064a\u0631\u0647\u0627 \u0645\u0646 \u0627\u0646\u062a\u0647\u0627\u0643\u0627\u062a \u062d\u0642\u0648\u0642\u0647\u0645.<\/p>\t\t\t\t\t\t\t\t<\/div>\n\t\t\t\t<\/div>\n\t\t\t\t<\/div>\n\t\t<div class=\"elementor-element elementor-element-bce1536 e-con-full e-flex elementor-invisible e-con e-child\" data-id=\"bce1536\" data-element_type=\"container\" data-e-type=\"container\" data-settings=\"{&quot;animation&quot;:&quot;fadeInUp&quot;,&quot;animation_delay&quot;:400}\">\n\t\t<div class=\"elementor-element elementor-element-de17355 e-con-full e-flex e-con e-child\" data-id=\"de17355\" data-element_type=\"container\" data-e-type=\"container\" data-settings=\"{&quot;background_background&quot;:&quot;classic&quot;}\">\n\t\t\t\t<div class=\"elementor-element elementor-element-995cfbf elementor-view-default elementor-widget elementor-widget-icon\" data-id=\"995cfbf\" data-element_type=\"widget\" data-e-type=\"widget\" data-widget_type=\"icon.default\">\n\t\t\t\t\t\t\t<div class=\"elementor-icon-wrapper\">\n\t\t\t<div class=\"elementor-icon\">\n\t\t\t<i aria-hidden=\"true\" class=\"icon icon-file-1\"><\/i>\t\t\t<\/div>\n\t\t<\/div>\n\t\t\t\t\t\t<\/div>\n\t\t\t\t<div class=\"elementor-element elementor-element-854c1b8 elementor-widget elementor-widget-heading\" data-id=\"854c1b8\" data-element_type=\"widget\" data-e-type=\"widget\" data-widget_type=\"heading.default\">\n\t\t\t\t\t<h4 class=\"elementor-heading-title elementor-size-default\">\u0627\u0644\u0646\u0632\u0627\u0639\u0627\u062a \u0627\u0644\u0639\u0645\u0627\u0644\u064a\u0629<\/h4>\t\t\t\t<\/div>\n\t\t\t\t<div class=\"elementor-element elementor-element-d4dfa19 elementor-widget elementor-widget-text-editor\" data-id=\"d4dfa19\" data-element_type=\"widget\" data-e-type=\"widget\" data-widget_type=\"text-editor.default\">\n\t\t\t\t\t\t\t\t\t<p>\u0646\u062d\u0646 \u0646\u062a\u0645\u062a\u0639 \u0628\u062e\u0628\u0631\u0629 \u0641\u064a \u0627\u0644\u062a\u0645\u062b\u064a\u0644 \u0627\u0644\u0642\u0627\u0646\u0648\u0646\u064a \u0641\u064a \u0642\u0636\u0627\u064a\u0627 \u0627\u0644\u062a\u0642\u0627\u0636\u064a \u0641\u064a \u0645\u062c\u0627\u0644 \u0627\u0644\u0634\u063a\u0644 \u060c \u0648\u062a\u0642\u062f\u064a\u0645 \u0627\u0644\u0645\u0633\u0627\u0639\u062f\u0629 \u0627\u0644\u0642\u0627\u0646\u0648\u0646\u064a\u0629 \u0641\u064a \u0627\u0644\u0646\u0632\u0627\u0639\u0627\u062a \u0628\u064a\u0646 \u0623\u0635\u062d\u0627\u0628 \u0627\u0644\u0639\u0645\u0644 \u0648\u0627\u0644\u0645\u0648\u0638\u0641\u064a\u0646.<\/p>\t\t\t\t\t\t\t\t<\/div>\n\t\t\t\t<\/div>\n\t\t<div class=\"elementor-element elementor-element-a1e465e e-con-full e-flex e-con e-child\" data-id=\"a1e465e\" data-element_type=\"container\" data-e-type=\"container\" data-settings=\"{&quot;background_background&quot;:&quot;classic&quot;}\">\n\t\t\t\t<div class=\"elementor-element elementor-element-b69ffb8 elementor-view-default elementor-widget elementor-widget-icon\" data-id=\"b69ffb8\" data-element_type=\"widget\" data-e-type=\"widget\" data-widget_type=\"icon.default\">\n\t\t\t\t\t\t\t<div class=\"elementor-icon-wrapper\">\n\t\t\t<div class=\"elementor-icon\">\n\t\t\t<i aria-hidden=\"true\" class=\"icon icon-checked1\"><\/i>\t\t\t<\/div>\n\t\t<\/div>\n\t\t\t\t\t\t<\/div>\n\t\t\t\t<div class=\"elementor-element elementor-element-c4ab18d elementor-widget elementor-widget-heading\" data-id=\"c4ab18d\" data-element_type=\"widget\" data-e-type=\"widget\" data-widget_type=\"heading.default\">\n\t\t\t\t\t<h4 class=\"elementor-heading-title elementor-size-default\">\u0627\u0644\u062a\u062f\u0631\u064a\u0628 \u0648\u0627\u0644\u062a\u0648\u0639\u064a\u0629<\/h4>\t\t\t\t<\/div>\n\t\t\t\t<div class=\"elementor-element elementor-element-d6739d1 elementor-widget elementor-widget-text-editor\" data-id=\"d6739d1\" data-element_type=\"widget\" data-e-type=\"widget\" data-widget_type=\"text-editor.default\">\n\t\t\t\t\t\t\t\t\t<p>\u0646\u062d\u0646 \u0646\u0642\u062f\u0645 \u062f\u0648\u0631\u0627\u062a \u062a\u062f\u0631\u064a\u0628\u064a\u0629 \u0648\u0648\u0631\u0634 \u0639\u0645\u0644 \u0645\u062e\u0635\u0635\u0629 \u0644\u0644\u0634\u0631\u0643\u0627\u062a\u060c \u062a\u0631\u0643\u0632 \u0639\u0644\u0649 \u0627\u0644\u062a\u0637\u0628\u064a\u0642 \u0627\u0644\u0623\u0645\u062b\u0644 \u0644\u0642\u0627\u0646\u0648\u0646 \u0627\u0644\u0634\u063a\u0644  \u0648\u0627\u0644\u062a\u062e\u0641\u064a\u0641 \u0645\u0646 \u0627\u0644\u0645\u062e\u0627\u0637\u0631 \u0627\u0644\u0642\u0627\u0646\u0648\u0646\u064a\u0629.<\/p>\t\t\t\t\t\t\t\t<\/div>\n\t\t\t\t<\/div>\n\t\t\t\t<\/div>\n\t\t<div class=\"elementor-element elementor-element-744cdac e-con-full e-flex elementor-invisible e-con e-child\" data-id=\"744cdac\" data-element_type=\"container\" data-e-type=\"container\" data-settings=\"{&quot;animation&quot;:&quot;fadeInUp&quot;,&quot;animation_delay&quot;:400}\">\n\t\t<div class=\"elementor-element elementor-element-ac12061 e-con-full e-flex e-con e-child\" data-id=\"ac12061\" data-element_type=\"container\" data-e-type=\"container\" data-settings=\"{&quot;background_background&quot;:&quot;classic&quot;}\">\n\t\t\t\t<div class=\"elementor-element elementor-element-3bedc3c elementor-view-default elementor-widget elementor-widget-icon\" data-id=\"3bedc3c\" data-element_type=\"widget\" data-e-type=\"widget\" data-widget_type=\"icon.default\">\n\t\t\t\t\t\t\t<div class=\"elementor-icon-wrapper\">\n\t\t\t<div class=\"elementor-icon\">\n\t\t\t<i aria-hidden=\"true\" class=\"icon icon-file-1\"><\/i>\t\t\t<\/div>\n\t\t<\/div>\n\t\t\t\t\t\t<\/div>\n\t\t\t\t<div class=\"elementor-element elementor-element-15995f0 elementor-widget elementor-widget-heading\" data-id=\"15995f0\" data-element_type=\"widget\" data-e-type=\"widget\" data-widget_type=\"heading.default\">\n\t\t\t\t\t<h4 class=\"elementor-heading-title elementor-size-default\">\u0645\u0631\u0627\u062c\u0639\u0629 \u0627\u0644\u0627\u0645\u062a\u062b\u0627\u0644<\/h4>\t\t\t\t<\/div>\n\t\t\t\t<div class=\"elementor-element elementor-element-af237d0 elementor-widget elementor-widget-text-editor\" data-id=\"af237d0\" data-element_type=\"widget\" data-e-type=\"widget\" data-widget_type=\"text-editor.default\">\n\t\t\t\t\t\t\t\t\t<p>\u0646\u0642\u0648\u0645 \u0628\u0625\u062c\u0631\u0627\u0621 \u0639\u0645\u0644\u064a\u0627\u062a \u0627\u0644\u062a\u062d\u0642\u0642 \u0645\u0646 \u0627\u0644\u0627\u0645\u062a\u062b\u0627\u0644 \u0644\u0644\u0634\u0631\u0643\u0627\u062a\u060c \u0628\u0647\u062f\u0641 \u0627\u0644\u062a\u062d\u0642\u0642 \u0645\u0646 \u0623\u0646 \u0623\u0633\u0627\u0644\u064a\u0628 \u0639\u0645\u0644\u0647\u0627 \u062a\u062a\u0648\u0627\u0641\u0642 \u0645\u0639 \u0627\u0644\u0645\u0639\u0627\u064a\u064a\u0631 \u0627\u0644\u0642\u0627\u0646\u0648\u0646\u064a\u0629 \u0627\u0644\u0645\u063a\u0631\u0628\u064a\u0629 \u0627\u0644\u0645\u0637\u0628\u0642\u0629 \u062d\u0627\u0644\u064a\u064b\u0627.<\/p>\t\t\t\t\t\t\t\t<\/div>\n\t\t\t\t<\/div>\n\t\t\t\t<\/div>\n\t\t\t\t<\/div>\n\t\t\t\t\t<\/div>\n\t\t\t\t<\/div>\n\t\t\t\t<\/div>\n\t\t\n    <div class=\"xs_social_share_widget xs_share_url after_content \t\tmain_content  wslu-style-1 wslu-share-box-shaped wslu-fill-colored wslu-none wslu-share-horizontal wslu-theme-font-no wslu-main_content\">\n\n\t\t\n        <ul>\n\t\t\t        <\/ul>\n    <\/div>","protected":false},"excerpt":{"rendered":"<p>Droit de travail Situ\u00e9e \u00e0 Sal\u00e9, MAITRE ENNAJAH KHADIJA se consacre au droit du travail et offre une gamme vari\u00e9e de services r\u00e9pondant aux besoins juridiques tant des employeurs que des employ\u00e9s. Assistance Compl\u00e8te en Droit du Travail \u00e0 Sal\u00e9 Situ\u00e9 \u00e0 Sal\u00e9, MAITRE ENNAJAH KHADIJA vous offre son expertise approfondie et son exp\u00e9rience en [&hellip;]<\/p>","protected":false},"author":1,"featured_media":0,"parent":0,"menu_order":0,"comment_status":"closed","ping_status":"closed","template":"elementor_header_footer","meta":{"postBodyCss":"","postBodyMargin":[],"postBodyPadding":[],"postBodyBackground":{"backgroundType":"classic","gradient":""},"footnotes":""},"class_list":["post-168","page","type-page","status-publish","hentry"],"rttpg_featured_image_url":null,"rttpg_author":{"display_name":"Maitreennajah","author_link":"https:\/\/www.maitreennajah.com\/ar\/author\/takafilawfirm\/"},"rttpg_comment":0,"rttpg_category":null,"rttpg_excerpt":"Droit de travail Situ\u00e9e \u00e0 Sal\u00e9, MAITRE ENNAJAH KHADIJA se consacre au droit du travail et offre une gamme vari\u00e9e de services r\u00e9pondant aux besoins juridiques tant des employeurs que des employ\u00e9s. Assistance Compl\u00e8te en Droit du Travail \u00e0 Sal\u00e9 Situ\u00e9 \u00e0 Sal\u00e9, MAITRE ENNAJAH KHADIJA vous offre son expertise approfondie et son exp\u00e9rience en&hellip;","_links":{"self":[{"href":"https:\/\/www.maitreennajah.com\/ar\/wp-json\/wp\/v2\/pages\/168","targetHints":{"allow":["GET"]}}],"collection":[{"href":"https:\/\/www.maitreennajah.com\/ar\/wp-json\/wp\/v2\/pages"}],"about":[{"href":"https:\/\/www.maitreennajah.com\/ar\/wp-json\/wp\/v2\/types\/page"}],"author":[{"embeddable":true,"href":"https:\/\/www.maitreennajah.com\/ar\/wp-json\/wp\/v2\/users\/1"}],"replies":[{"embeddable":true,"href":"https:\/\/www.maitreennajah.com\/ar\/wp-json\/wp\/v2\/comments?post=168"}],"version-history":[{"count":16,"href":"https:\/\/www.maitreennajah.com\/ar\/wp-json\/wp\/v2\/pages\/168\/revisions"}],"predecessor-version":[{"id":1660,"href":"https:\/\/www.maitreennajah.com\/ar\/wp-json\/wp\/v2\/pages\/168\/revisions\/1660"}],"wp:attachment":[{"href":"https:\/\/www.maitreennajah.com\/ar\/wp-json\/wp\/v2\/media?parent=168"}],"curies":[{"name":"wp","href":"https:\/\/api.w.org\/{rel}","templated":true}]}}