{"id":172,"date":"2025-10-22T06:37:48","date_gmt":"2025-10-22T06:37:48","guid":{"rendered":"https:\/\/www.maitreennajah.com\/?page_id=172"},"modified":"2026-01-10T08:35:02","modified_gmt":"2026-01-10T08:35:02","slug":"droit-penal","status":"publish","type":"page","link":"https:\/\/www.maitreennajah.com\/ar\/droit-penal\/","title":{"rendered":"\u0627\u0644\u0642\u0627\u0646\u0648\u0646 \u0627\u0644\u062c\u0646\u0627\u0626\u064a"},"content":{"rendered":"<div data-elementor-type=\"wp-page\" data-elementor-id=\"172\" class=\"elementor elementor-172\">\n\t\t\t\t<div class=\"elementor-element elementor-element-5998324 e-flex e-con-boxed e-con e-parent\" data-id=\"5998324\" data-element_type=\"container\" data-e-type=\"container\" data-settings=\"{&quot;background_background&quot;:&quot;classic&quot;}\">\n\t\t\t\t\t<div class=\"e-con-inner\">\n\t\t<div class=\"elementor-element elementor-element-5300ef0 e-con-full e-flex e-con e-child\" data-id=\"5300ef0\" data-element_type=\"container\" data-e-type=\"container\">\n\t\t\t\t<div class=\"elementor-element elementor-element-b701bb7 elementor-widget elementor-widget-heading\" data-id=\"b701bb7\" data-element_type=\"widget\" data-e-type=\"widget\" data-widget_type=\"heading.default\">\n\t\t\t\t\t<h2 class=\"elementor-heading-title elementor-size-default\">\u0627\u0644\u0642\u0627\u0646\u0648\u0646 \u0627\u0644\u062c\u0646\u0627\u0626\u064a<\/h2>\t\t\t\t<\/div>\n\t\t\t\t<div class=\"elementor-element elementor-element-7bed013 elementor-widget elementor-widget-text-editor\" data-id=\"7bed013\" data-element_type=\"widget\" data-e-type=\"widget\" data-widget_type=\"text-editor.default\">\n\t\t\t\t\t\t\t\t\t<p>\u0627\u0644\u0623\u0633\u062a\u0627\u0630\u0629 \u0627\u0644\u0646\u062c\u0627\u062d \u062e\u062f\u064a\u062c\u0629\u060c \u0627\u0644\u0645\u062a\u062e\u0635\u0635\u0629 \u0641\u064a \u0627\u0644\u0642\u0627\u0646\u0648\u0646 \u0627\u0644\u062c\u0646\u0627\u0626\u064a \u0648\u0645\u0642\u0631\u0647\u0627 \u0641\u064a \u0645\u062f\u064a\u0646\u0629 \u0633\u0644\u0627\u060c \u0645\u0644\u062a\u0632\u0645\u0629 \u0628\u062a\u0642\u062f\u064a\u0645 \u062e\u062f\u0645\u0629 \u0634\u062e\u0635\u064a\u0629 \u0648\u0645\u0647\u0646\u064a\u0629 \u0644\u0643\u0644 \u0639\u0645\u064a\u0644.<\/p>\t\t\t\t\t\t\t\t<\/div>\n\t\t\t\t<\/div>\n\t\t\t\t\t<\/div>\n\t\t\t\t<\/div>\n\t\t<div class=\"elementor-element elementor-element-9a6532e e-flex e-con-boxed e-con e-parent\" data-id=\"9a6532e\" data-element_type=\"container\" data-e-type=\"container\">\n\t\t\t\t\t<div class=\"e-con-inner\">\n\t\t<div class=\"elementor-element elementor-element-c11326f e-con-full e-flex elementor-invisible e-con e-child\" data-id=\"c11326f\" data-element_type=\"container\" data-e-type=\"container\" data-settings=\"{&quot;background_background&quot;:&quot;classic&quot;,&quot;animation&quot;:&quot;fadeInUp&quot;,&quot;animation_delay&quot;:200}\">\n\t\t\t\t<\/div>\n\t\t<div class=\"elementor-element elementor-element-bbe2c7c e-con-full e-flex elementor-invisible e-con e-child\" data-id=\"bbe2c7c\" data-element_type=\"container\" data-e-type=\"container\" data-settings=\"{&quot;background_background&quot;:&quot;classic&quot;,&quot;animation&quot;:&quot;fadeInUp&quot;}\">\n\t\t\t\t<div class=\"elementor-element elementor-element-fc02190 elementor-widget elementor-widget-heading\" data-id=\"fc02190\" data-element_type=\"widget\" data-e-type=\"widget\" data-widget_type=\"heading.default\">\n\t\t\t\t\t<h3 class=\"elementor-heading-title elementor-size-default\">\u062e\u0628\u0631\u062a\u0646\u0627 \u0641\u064a \u0627\u0644\u0642\u0627\u0646\u0648\u0646 \u0627\u0644\u062c\u0646\u0627\u0626\u064a \u0644\u062f\u0649 \u0627\u0644\u0645\u062d\u0627\u0645\u064a\u0629 \u0627\u0644\u0646\u062c\u0627\u062d  \u062e\u062f\u064a\u062c\u0629\n<\/h3>\t\t\t\t<\/div>\n\t\t\t\t<div class=\"elementor-element elementor-element-bfc905f elementor-widget-divider--view-line elementor-widget elementor-widget-divider\" data-id=\"bfc905f\" data-element_type=\"widget\" data-e-type=\"widget\" data-widget_type=\"divider.default\">\n\t\t\t\t\t\t\t<div class=\"elementor-divider\">\n\t\t\t<span class=\"elementor-divider-separator\">\n\t\t\t\t\t\t<\/span>\n\t\t<\/div>\n\t\t\t\t\t\t<\/div>\n\t\t\t\t<div class=\"elementor-element elementor-element-b01dade elementor-widget elementor-widget-text-editor\" data-id=\"b01dade\" data-element_type=\"widget\" data-e-type=\"widget\" data-widget_type=\"text-editor.default\">\n\t\t\t\t\t\t\t\t\t<p>\u0646\u0631\u062d\u0628 \u0628\u0643\u0645 \u0641\u064a \u0635\u0641\u062d\u062a\u0646\u0627 \u0627\u0644\u0645\u062e\u0635\u0635\u0629 \u0644\u0644\u0642\u0627\u0646\u0648\u0646 \u0627\u0644\u062c\u0646\u0627\u0626\u064a\u060c \u0648\u0627\u0644\u062a\u064a \u062a\u0639\u062f \u062c\u0632\u0621\u064b\u0627 \u0645\u0646 \u0628\u0631\u0646\u0627\u0645\u062c\u0646\u0627 \"\u0627\u0644\u0623\u0633\u062a\u0627\u0630\u0629 \u0627\u0644\u0646\u062c\u0627\u062d \u062e\u062f\u064a\u062c\u0629\" \u0627\u0644\u0643\u0627\u0626\u0646 \u0641\u064a \u0645\u062f\u064a\u0646\u0629 \u0633\u0644\u0627.<\/p><p>\u0628\u0641\u0636\u0644 \u0627\u0644\u0645\u0639\u0631\u0641\u0629 \u0627\u0644\u0648\u0627\u0633\u0639\u0629 \u0628\u0627\u0644\u0642\u0627\u0646\u0648\u0646 \u0627\u0644\u062c\u0646\u0627\u0626\u064a \u0627\u0644\u0645\u063a\u0631\u0628\u064a \u0648\u0627\u0644\u062e\u0628\u0631\u0629 \u0627\u0644\u0643\u0628\u064a\u0631\u0629 \u0641\u064a \u062d\u0645\u0627\u064a\u0629 \u0627\u0644\u062d\u0642\u0648\u0642 \u0627\u0644\u0641\u0631\u062f\u064a\u0629\u060c \u0641\u0625\u0646 \u0641\u0631\u064a\u0642\u0646\u0627 \u0645\u0644\u062a\u0632\u0645 \u0628\u062a\u0642\u062f\u064a\u0645 \u062a\u0645\u062b\u064a\u0644 \u0642\u0627\u0646\u0648\u0646\u064a \u0639\u0627\u0644\u064a \u0627\u0644\u062c\u0648\u062f\u0629 \u0641\u064a \u0645\u0648\u0627\u062c\u0647\u0629 \u062a\u062d\u062f\u064a\u0627\u062a \u0627\u0644\u0642\u0627\u0646\u0648\u0646 \u0627\u0644\u062c\u0646\u0627\u0626\u064a.<\/p>\t\t\t\t\t\t\t\t<\/div>\n\t\t\t\t<\/div>\n\t\t\t\t\t<\/div>\n\t\t\t\t<\/div>\n\t\t<div class=\"elementor-element elementor-element-edeb061 e-flex e-con-boxed e-con e-parent\" data-id=\"edeb061\" data-element_type=\"container\" data-e-type=\"container\" data-settings=\"{&quot;background_background&quot;:&quot;classic&quot;}\">\n\t\t\t\t\t<div class=\"e-con-inner\">\n\t\t<div class=\"elementor-element elementor-element-1ede24c e-con-full e-flex e-con e-child\" data-id=\"1ede24c\" data-element_type=\"container\" data-e-type=\"container\">\n\t\t\t\t<div class=\"elementor-element elementor-element-8cd4fcf elementor-widget elementor-widget-text-editor\" data-id=\"8cd4fcf\" data-element_type=\"widget\" data-e-type=\"widget\" data-widget_type=\"text-editor.default\">\n\t\t\t\t\t\t\t\t\t<p>\u062a\u0642\u062f\u0645 \u0634\u0631\u0643\u062a\u0646\u0627 \u0645\u062c\u0645\u0648\u0639\u0629 \u0634\u0627\u0645\u0644\u0629 \u0645\u0646 \u062e\u062f\u0645\u0627\u062a \u0627\u0644\u0642\u0627\u0646\u0648\u0646 \u0627\u0644\u062c\u0646\u0627\u0626\u064a\u060c \u0645\u0645\u0627 \u064a\u0636\u0645\u0646 \u062a\u0645\u062b\u064a\u0644 \u0648\u0645\u0633\u0627\u0639\u062f\u0629 \u0639\u0645\u0644\u0627\u0626\u0646\u0627 \u0641\u064a \u0645\u062e\u062a\u0644\u0641 \u0627\u0644\u0645\u0633\u0627\u0626\u0644 \u0627\u0644\u062c\u0646\u0627\u0626\u064a\u0629:<\/p>\t\t\t\t\t\t\t\t<\/div>\n\t\t\t\t<div class=\"elementor-element elementor-element-fd5306d elementor-invisible elementor-widget elementor-widget-heading\" data-id=\"fd5306d\" data-element_type=\"widget\" data-e-type=\"widget\" data-settings=\"{&quot;_animation&quot;:&quot;fadeIn&quot;,&quot;_animation_delay&quot;:200}\" data-widget_type=\"heading.default\">\n\t\t\t\t\t<h3 class=\"elementor-heading-title elementor-size-default\">\u062e\u062f\u0645\u0627\u062a\u0646\u0627 \u0641\u064a \u0645\u062c\u0627\u0644 \u0627\u0644\u0642\u0627\u0646\u0648\u0646 \u0627\u0644\u062c\u0646\u0627\u0626\u064a\n<\/h3>\t\t\t\t<\/div>\n\t\t\t\t<div class=\"elementor-element elementor-element-f201a50 elementor-widget-divider--view-line elementor-invisible elementor-widget elementor-widget-divider\" data-id=\"f201a50\" data-element_type=\"widget\" data-e-type=\"widget\" data-settings=\"{&quot;_animation&quot;:&quot;fadeIn&quot;,&quot;_animation_delay&quot;:400}\" data-widget_type=\"divider.default\">\n\t\t\t\t\t\t\t<div class=\"elementor-divider\">\n\t\t\t<span class=\"elementor-divider-separator\">\n\t\t\t\t\t\t<\/span>\n\t\t<\/div>\n\t\t\t\t\t\t<\/div>\n\t\t<div class=\"elementor-element elementor-element-fd6933e e-con-full e-flex elementor-invisible e-con e-child\" data-id=\"fd6933e\" data-element_type=\"container\" data-e-type=\"container\" data-settings=\"{&quot;animation&quot;:&quot;fadeInUp&quot;,&quot;animation_delay&quot;:400}\">\n\t\t<div class=\"elementor-element elementor-element-b1519d7 e-con-full e-flex e-con e-child\" data-id=\"b1519d7\" data-element_type=\"container\" data-e-type=\"container\" data-settings=\"{&quot;background_background&quot;:&quot;classic&quot;}\">\n\t\t\t\t<div class=\"elementor-element elementor-element-13554ab elementor-view-default elementor-widget elementor-widget-icon\" data-id=\"13554ab\" data-element_type=\"widget\" data-e-type=\"widget\" data-widget_type=\"icon.default\">\n\t\t\t\t\t\t\t<div class=\"elementor-icon-wrapper\">\n\t\t\t<div class=\"elementor-icon\">\n\t\t\t<i aria-hidden=\"true\" class=\"icon icon-chat-1\"><\/i>\t\t\t<\/div>\n\t\t<\/div>\n\t\t\t\t\t\t<\/div>\n\t\t\t\t<div class=\"elementor-element elementor-element-ed69909 elementor-widget elementor-widget-heading\" data-id=\"ed69909\" data-element_type=\"widget\" data-e-type=\"widget\" data-widget_type=\"heading.default\">\n\t\t\t\t\t<h4 class=\"elementor-heading-title elementor-size-default\">\u0627\u0644\u062f\u0641\u0627\u0639 \u0627\u0644\u062c\u0646\u0627\u0626\u064a<\/h4>\t\t\t\t<\/div>\n\t\t\t\t<div class=\"elementor-element elementor-element-f269c21 elementor-widget elementor-widget-text-editor\" data-id=\"f269c21\" data-element_type=\"widget\" data-e-type=\"widget\" data-widget_type=\"text-editor.default\">\n\t\t\t\t\t\t\t\t\t<p id=\"elementor-tab-title-1181\" class=\"elementor-tab-title elementor-active\" tabindex=\"0\" role=\"button\" data-tab=\"1\" aria-controls=\"elementor-tab-content-1181\" aria-expanded=\"true\" aria-selected=\"true\">\u0627\u0644\u062a\u0645\u062b\u064a\u0644 \u0644\u0644\u0639\u0645\u0644\u0627\u0621 \u0641\u064a \u062c\u0645\u064a\u0639 \u0645\u0631\u0627\u062d\u0644 \u0627\u0644\u0639\u0645\u0644\u064a\u0629 \u0627\u0644\u0642\u0627\u0646\u0648\u0646\u064a\u0629\u060c \u0645\u0646 \u0627\u0644\u062a\u062d\u0642\u064a\u0642\u0627\u062a \u0627\u0644\u0623\u0648\u0644\u064a\u0629 \u0625\u0644\u0649 \u0627\u0644\u0627\u0633\u062a\u0626\u0646\u0627\u0641 \u0648\u0625\u062c\u0631\u0627\u0621\u0627\u062a \u0627\u0644\u0645\u062d\u0627\u0643\u0645\u0629.<\/p>\t\t\t\t\t\t\t\t<\/div>\n\t\t\t\t<\/div>\n\t\t<div class=\"elementor-element elementor-element-58ca1a8 e-con-full e-flex e-con e-child\" data-id=\"58ca1a8\" data-element_type=\"container\" data-e-type=\"container\" data-settings=\"{&quot;background_background&quot;:&quot;classic&quot;}\">\n\t\t\t\t<div class=\"elementor-element elementor-element-a7039a1 elementor-view-default elementor-widget elementor-widget-icon\" data-id=\"a7039a1\" data-element_type=\"widget\" data-e-type=\"widget\" data-widget_type=\"icon.default\">\n\t\t\t\t\t\t\t<div class=\"elementor-icon-wrapper\">\n\t\t\t<div class=\"elementor-icon\">\n\t\t\t<i aria-hidden=\"true\" class=\"icon icon-eraser\"><\/i>\t\t\t<\/div>\n\t\t<\/div>\n\t\t\t\t\t\t<\/div>\n\t\t\t\t<div class=\"elementor-element elementor-element-f0980a1 elementor-widget elementor-widget-heading\" data-id=\"f0980a1\" data-element_type=\"widget\" data-e-type=\"widget\" data-widget_type=\"heading.default\">\n\t\t\t\t\t<h4 class=\"elementor-heading-title elementor-size-default\">\u0642\u0627\u0646\u0648\u0646 \u0627\u0644\u062c\u0631\u0627\u0626\u0645 \u0627\u0644\u062a\u062c\u0627\u0631\u064a\u0629<\/h4>\t\t\t\t<\/div>\n\t\t\t\t<div class=\"elementor-element elementor-element-c91b253 elementor-widget elementor-widget-text-editor\" data-id=\"c91b253\" data-element_type=\"widget\" data-e-type=\"widget\" data-widget_type=\"text-editor.default\">\n\t\t\t\t\t\t\t\t\t<p id=\"elementor-tab-title-9821\" class=\"elementor-tab-title elementor-active\" tabindex=\"0\" role=\"button\" data-tab=\"1\" aria-controls=\"elementor-tab-content-9821\" aria-expanded=\"true\" aria-selected=\"true\">\u062f\u0639\u0645 \u0627\u0644\u0634\u0631\u0643\u0627\u062a \u0648\u0645\u062f\u064a\u0631\u064a\u0647\u0627 \u0627\u0644\u0630\u064a\u0646 \u064a\u0648\u0627\u062c\u0647\u0648\u0646 \u0627\u062a\u0647\u0627\u0645\u0627\u062a \u0628\u0627\u0644\u0627\u062d\u062a\u064a\u0627\u0644 \u0648\u0627\u0644\u0641\u0633\u0627\u062f \u0648\u0625\u0633\u0627\u0621\u0629 \u0627\u0633\u062a\u062e\u062f\u0627\u0645 \u0623\u0635\u0648\u0644 \u0627\u0644\u0634\u0631\u0643\u0629 \u0648\u063a\u064a\u0631\u0647\u0627 \u0645\u0646 \u0627\u0644\u062c\u0631\u0627\u0626\u0645 \u0627\u0644\u0627\u0642\u062a\u0635\u0627\u062f\u064a\u0629 \u0648\u0627\u0644\u0645\u0627\u0644\u064a\u0629.<\/p>\t\t\t\t\t\t\t\t<\/div>\n\t\t\t\t<\/div>\n\t\t\t\t<\/div>\n\t\t<div class=\"elementor-element elementor-element-4afb88e e-con-full e-flex elementor-invisible e-con e-child\" data-id=\"4afb88e\" data-element_type=\"container\" data-e-type=\"container\" data-settings=\"{&quot;animation&quot;:&quot;fadeInUp&quot;,&quot;animation_delay&quot;:400}\">\n\t\t<div class=\"elementor-element elementor-element-c9cff69 e-con-full e-flex e-con e-child\" data-id=\"c9cff69\" data-element_type=\"container\" data-e-type=\"container\" data-settings=\"{&quot;background_background&quot;:&quot;classic&quot;}\">\n\t\t\t\t<div class=\"elementor-element elementor-element-928f162 elementor-view-default elementor-widget elementor-widget-icon\" data-id=\"928f162\" data-element_type=\"widget\" data-e-type=\"widget\" data-widget_type=\"icon.default\">\n\t\t\t\t\t\t\t<div class=\"elementor-icon-wrapper\">\n\t\t\t<div class=\"elementor-icon\">\n\t\t\t<i aria-hidden=\"true\" class=\"icon icon-file-1\"><\/i>\t\t\t<\/div>\n\t\t<\/div>\n\t\t\t\t\t\t<\/div>\n\t\t\t\t<div class=\"elementor-element elementor-element-774f905 elementor-widget elementor-widget-heading\" data-id=\"774f905\" data-element_type=\"widget\" data-e-type=\"widget\" data-widget_type=\"heading.default\">\n\t\t\t\t\t<h4 class=\"elementor-heading-title elementor-size-default\">\u0627\u0644\u0645\u062e\u0627\u0644\u0641\u0627\u062a \u0627\u0644\u0645\u0631\u0648\u0631\u064a\u0629<\/h4>\t\t\t\t<\/div>\n\t\t\t\t<div class=\"elementor-element elementor-element-322b13a elementor-widget elementor-widget-text-editor\" data-id=\"322b13a\" data-element_type=\"widget\" data-e-type=\"widget\" data-widget_type=\"text-editor.default\">\n\t\t\t\t\t\t\t\t\t<p>\u0627\u0644\u062a\u0645\u062b\u064a\u0644 \u0641\u064a \u0642\u0636\u0627\u064a\u0627 \u0627\u0644\u0645\u062e\u0627\u0644\u0641\u0627\u062a \u0627\u0644\u0645\u0631\u0648\u0631\u064a\u0629 \u0648 \u0627\u0644\u0645\u062e\u0627\u0644\u0641\u0627\u062a \u0627\u0644\u0645\u0631\u0648\u0631\u064a\u0629 \u0648 \u0627\u0644\u062d\u0648\u0627\u062f\u062b \u0627\u0644\u0645\u0631\u0648\u0631\u064a\u0629 \u0648 \u063a\u064a\u0631\u0647\u0627 \u0645\u0646 \u0627\u0644\u0645\u062e\u0627\u0644\u0641\u0627\u062a \u0627\u0644\u0645\u0631\u0648\u0631\u064a\u0629.<\/p>\t\t\t\t\t\t\t\t<\/div>\n\t\t\t\t<\/div>\n\t\t<div class=\"elementor-element elementor-element-d8006b3 e-con-full e-flex e-con e-child\" data-id=\"d8006b3\" data-element_type=\"container\" data-e-type=\"container\" data-settings=\"{&quot;background_background&quot;:&quot;classic&quot;}\">\n\t\t\t\t<div class=\"elementor-element elementor-element-fcbe802 elementor-view-default elementor-widget elementor-widget-icon\" data-id=\"fcbe802\" data-element_type=\"widget\" data-e-type=\"widget\" data-widget_type=\"icon.default\">\n\t\t\t\t\t\t\t<div class=\"elementor-icon-wrapper\">\n\t\t\t<div class=\"elementor-icon\">\n\t\t\t<i aria-hidden=\"true\" class=\"icon icon-file-1\"><\/i>\t\t\t<\/div>\n\t\t<\/div>\n\t\t\t\t\t\t<\/div>\n\t\t\t\t<div class=\"elementor-element elementor-element-9fb2b37 elementor-widget elementor-widget-heading\" data-id=\"9fb2b37\" data-element_type=\"widget\" data-e-type=\"widget\" data-widget_type=\"heading.default\">\n\t\t\t\t\t<h4 class=\"elementor-heading-title elementor-size-default\">\u0627\u0644\u062c\u0631\u0627\u0626\u0645 \u0648\u0627\u0644\u0645\u062e\u0627\u0644\u0641\u0627\u062a<\/h4>\t\t\t\t<\/div>\n\t\t\t\t<div class=\"elementor-element elementor-element-bfc42db elementor-widget elementor-widget-text-editor\" data-id=\"bfc42db\" data-element_type=\"widget\" data-e-type=\"widget\" data-widget_type=\"text-editor.default\">\n\t\t\t\t\t\t\t\t\t<p>\u0627\u0644\u0645\u0633\u0627\u0639\u062f\u0629 \u0627\u0644\u0642\u0627\u0646\u0648\u0646\u064a\u0629 \u0641\u064a \u0627\u0644\u062c\u0631\u0627\u0626\u0645 (\u0627\u0644\u0642\u062a\u0644\u060c \u0627\u0644\u0627\u0639\u062a\u062f\u0627\u0621) \u0648\u0627\u0644\u062c\u0646\u062d (\u0627\u0644\u0633\u0631\u0642\u0629\u060c \u0627\u0644\u0627\u062d\u062a\u064a\u0627\u0644).<\/p>\t\t\t\t\t\t\t\t<\/div>\n\t\t\t\t<\/div>\n\t\t\t\t<\/div>\n\t\t<div class=\"elementor-element elementor-element-52f1e91 e-con-full e-flex elementor-invisible e-con e-child\" data-id=\"52f1e91\" data-element_type=\"container\" data-e-type=\"container\" data-settings=\"{&quot;animation&quot;:&quot;fadeInUp&quot;,&quot;animation_delay&quot;:400}\">\n\t\t<div class=\"elementor-element elementor-element-4eeda16 e-con-full e-flex e-con e-child\" data-id=\"4eeda16\" data-element_type=\"container\" data-e-type=\"container\" data-settings=\"{&quot;background_background&quot;:&quot;classic&quot;}\">\n\t\t\t\t<div class=\"elementor-element elementor-element-b439435 elementor-view-default elementor-widget elementor-widget-icon\" data-id=\"b439435\" data-element_type=\"widget\" data-e-type=\"widget\" data-widget_type=\"icon.default\">\n\t\t\t\t\t\t\t<div class=\"elementor-icon-wrapper\">\n\t\t\t<div class=\"elementor-icon\">\n\t\t\t<i aria-hidden=\"true\" class=\"icon icon-file-1\"><\/i>\t\t\t<\/div>\n\t\t<\/div>\n\t\t\t\t\t\t<\/div>\n\t\t\t\t<div class=\"elementor-element elementor-element-12ca2fd elementor-widget elementor-widget-heading\" data-id=\"12ca2fd\" data-element_type=\"widget\" data-e-type=\"widget\" data-widget_type=\"heading.default\">\n\t\t\t\t\t<h4 class=\"elementor-heading-title elementor-size-default\">\u0642\u0627\u0646\u0648\u0646 \u0627\u0644\u0623\u0633\u0631\u0629 \u0648\u0627\u0644\u0642\u0627\u0646\u0648\u0646 \u0627\u0644\u062c\u0646\u0627\u0626\u064a<\/h4>\t\t\t\t<\/div>\n\t\t\t\t<div class=\"elementor-element elementor-element-c2dd30c elementor-widget elementor-widget-text-editor\" data-id=\"c2dd30c\" data-element_type=\"widget\" data-e-type=\"widget\" data-widget_type=\"text-editor.default\">\n\t\t\t\t\t\t\t\t\t<p>\u0627\u0644\u062a\u0645\u062b\u064a\u0644 \u0641\u064a \u0642\u0636\u0627\u064a\u0627 \u0627\u0644\u0639\u0646\u0641 \u0627\u0644\u0623\u0633\u0631\u064a \u0648\u0627\u0644\u0625\u0633\u0627\u0621\u0629 \u0648\u0627\u0644\u062c\u0631\u0627\u0626\u0645 \u0627\u0644\u0623\u062e\u0631\u0649 \u0627\u0644\u062a\u064a \u062a\u0624\u062b\u0631 \u0639\u0644\u0649 \u0645\u062c\u0627\u0644 \u0627\u0644\u0623\u0633\u0631\u0629.<\/p>\t\t\t\t\t\t\t\t<\/div>\n\t\t\t\t<\/div>\n\t\t<div class=\"elementor-element elementor-element-e805667 e-con-full e-flex e-con e-child\" data-id=\"e805667\" data-element_type=\"container\" data-e-type=\"container\" data-settings=\"{&quot;background_background&quot;:&quot;classic&quot;}\">\n\t\t\t\t<div class=\"elementor-element elementor-element-42c3cad elementor-view-default elementor-widget elementor-widget-icon\" data-id=\"42c3cad\" data-element_type=\"widget\" data-e-type=\"widget\" data-widget_type=\"icon.default\">\n\t\t\t\t\t\t\t<div class=\"elementor-icon-wrapper\">\n\t\t\t<div class=\"elementor-icon\">\n\t\t\t<i aria-hidden=\"true\" class=\"icon icon-file-1\"><\/i>\t\t\t<\/div>\n\t\t<\/div>\n\t\t\t\t\t\t<\/div>\n\t\t\t\t<div class=\"elementor-element elementor-element-a35c6c1 elementor-widget elementor-widget-heading\" data-id=\"a35c6c1\" data-element_type=\"widget\" data-e-type=\"widget\" data-widget_type=\"heading.default\">\n\t\t\t\t\t<h4 class=\"elementor-heading-title elementor-size-default\">\u0627\u0644\u0645\u0633\u0627\u0639\u062f\u0629 \u0623\u062b\u0646\u0627\u0621 \u0627\u0644\u0627\u062d\u062a\u062c\u0627\u0632 \u0644\u062f\u0649 \u0627\u0644\u0634\u0631\u0637\u0629<\/h4>\t\t\t\t<\/div>\n\t\t\t\t<div class=\"elementor-element elementor-element-ca374e5 elementor-widget elementor-widget-text-editor\" data-id=\"ca374e5\" data-element_type=\"widget\" data-e-type=\"widget\" data-widget_type=\"text-editor.default\">\n\t\t\t\t\t\t\t\t\t<p>\u0627\u0644\u0645\u0633\u0627\u0639\u062f\u0629 \u0648\u0627\u0644\u0645\u0634\u0648\u0631\u0629 \u0627\u0644\u0642\u0627\u0646\u0648\u0646\u064a\u0629 \u0623\u062b\u0646\u0627\u0621 \u0627\u0644\u0627\u062d\u062a\u062c\u0627\u0632 \u0644\u062f\u0649 \u0627\u0644\u0634\u0631\u0637\u0629\u060c \u0648\u0636\u0645\u0627\u0646 \u062d\u0645\u0627\u064a\u0629 \u062d\u0642\u0648\u0642 \u0639\u0645\u0644\u0627\u0626\u0646\u0627.<\/p>\t\t\t\t\t\t\t\t<\/div>\n\t\t\t\t<\/div>\n\t\t\t\t<\/div>\n\t\t\t\t<\/div>\n\t\t\t\t\t<\/div>\n\t\t\t\t<\/div>\n\t\t\t\t<\/div>\n\t\t\n    <div class=\"xs_social_share_widget xs_share_url after_content \t\tmain_content  wslu-style-1 wslu-share-box-shaped wslu-fill-colored wslu-none wslu-share-horizontal wslu-theme-font-no wslu-main_content\">\n\n\t\t\n        <ul>\n\t\t\t        <\/ul>\n    <\/div>","protected":false},"excerpt":{"rendered":"<p>Droit penal Ma\u00eetre Ennajah khadija, sp\u00e9cialiste en Droit P\u00e9nal bas\u00e9 \u00e0 Sal\u00e9. Nous nous consacrons \u00e0 offrir \u00e0 chaque client un service personnalis\u00e9 et professionnel. Notre Expertise en Droit P\u00e9nal au MAITRE ENNAJAH KHADIJA Nous vous recevons sur notre page consacr\u00e9e au Droit P\u00e9nal, qui fait partie de notre MAITRE ENNAJAH KHADIJA bas\u00e9 \u00e0 Sal\u00e9. [&hellip;]<\/p>","protected":false},"author":1,"featured_media":0,"parent":0,"menu_order":0,"comment_status":"closed","ping_status":"closed","template":"elementor_header_footer","meta":{"postBodyCss":"","postBodyMargin":[],"postBodyPadding":[],"postBodyBackground":{"backgroundType":"classic","gradient":""},"footnotes":""},"class_list":["post-172","page","type-page","status-publish","hentry"],"rttpg_featured_image_url":null,"rttpg_author":{"display_name":"Maitreennajah","author_link":"https:\/\/www.maitreennajah.com\/ar\/author\/takafilawfirm\/"},"rttpg_comment":0,"rttpg_category":null,"rttpg_excerpt":"Droit penal Ma\u00eetre Ennajah khadija, sp\u00e9cialiste en Droit P\u00e9nal bas\u00e9 \u00e0 Sal\u00e9. Nous nous consacrons \u00e0 offrir \u00e0 chaque client un service personnalis\u00e9 et professionnel. Notre Expertise en Droit P\u00e9nal au MAITRE ENNAJAH KHADIJA Nous vous recevons sur notre page consacr\u00e9e au Droit P\u00e9nal, qui fait partie de notre MAITRE ENNAJAH KHADIJA bas\u00e9 \u00e0 Sal\u00e9.&hellip;","_links":{"self":[{"href":"https:\/\/www.maitreennajah.com\/ar\/wp-json\/wp\/v2\/pages\/172","targetHints":{"allow":["GET"]}}],"collection":[{"href":"https:\/\/www.maitreennajah.com\/ar\/wp-json\/wp\/v2\/pages"}],"about":[{"href":"https:\/\/www.maitreennajah.com\/ar\/wp-json\/wp\/v2\/types\/page"}],"author":[{"embeddable":true,"href":"https:\/\/www.maitreennajah.com\/ar\/wp-json\/wp\/v2\/users\/1"}],"replies":[{"embeddable":true,"href":"https:\/\/www.maitreennajah.com\/ar\/wp-json\/wp\/v2\/comments?post=172"}],"version-history":[{"count":25,"href":"https:\/\/www.maitreennajah.com\/ar\/wp-json\/wp\/v2\/pages\/172\/revisions"}],"predecessor-version":[{"id":1681,"href":"https:\/\/www.maitreennajah.com\/ar\/wp-json\/wp\/v2\/pages\/172\/revisions\/1681"}],"wp:attachment":[{"href":"https:\/\/www.maitreennajah.com\/ar\/wp-json\/wp\/v2\/media?parent=172"}],"curies":[{"name":"wp","href":"https:\/\/api.w.org\/{rel}","templated":true}]}}