{"id":174,"date":"2025-10-22T06:38:21","date_gmt":"2025-10-22T06:38:21","guid":{"rendered":"https:\/\/www.maitreennajah.com\/?page_id=174"},"modified":"2026-01-10T08:13:53","modified_gmt":"2026-01-10T08:13:53","slug":"droit-civil","status":"publish","type":"page","link":"https:\/\/www.maitreennajah.com\/ar\/droit-civil\/","title":{"rendered":"\u0627\u0644\u0642\u0627\u0646\u0648\u0646 \u0627\u0644\u0645\u062f\u0646\u064a"},"content":{"rendered":"<div data-elementor-type=\"wp-page\" data-elementor-id=\"174\" class=\"elementor elementor-174\">\n\t\t\t\t<div class=\"elementor-element elementor-element-0a48eb3 e-flex e-con-boxed e-con e-parent\" data-id=\"0a48eb3\" data-element_type=\"container\" data-e-type=\"container\" data-settings=\"{&quot;background_background&quot;:&quot;classic&quot;}\">\n\t\t\t\t\t<div class=\"e-con-inner\">\n\t\t<div class=\"elementor-element elementor-element-481478b e-con-full e-flex e-con e-child\" data-id=\"481478b\" data-element_type=\"container\" data-e-type=\"container\">\n\t\t\t\t<div class=\"elementor-element elementor-element-44e1240 elementor-widget elementor-widget-heading\" data-id=\"44e1240\" data-element_type=\"widget\" data-e-type=\"widget\" data-widget_type=\"heading.default\">\n\t\t\t\t\t<h2 class=\"elementor-heading-title elementor-size-default\">\u0627\u0644\u0642\u0627\u0646\u0648\u0646 \u0627\u0644\u0645\u062f\u0646\u064a<\/h2>\t\t\t\t<\/div>\n\t\t\t\t<div class=\"elementor-element elementor-element-1626723 elementor-widget elementor-widget-text-editor\" data-id=\"1626723\" data-element_type=\"widget\" data-e-type=\"widget\" data-widget_type=\"text-editor.default\">\n\t\t\t\t\t\t\t\t\t<p>\u064a\u0642\u0639 \u0645\u0643\u062a\u0628 \u0627\u0644\u0623\u0633\u062a\u0627\u0630\u0629 \u0627\u0644\u0646\u062c\u0627\u062d \u062e\u062f\u064a\u062c\u0629 \u0641\u064a \u0645\u062f\u064a\u0646\u0629 \u0633\u0644\u0627\u060c \u0648\u064a\u0642\u062f\u0645 \u062e\u0628\u0631\u0629 \u0645\u062a\u0642\u062f\u0645\u0629 \u0641\u064a \u0627\u0644\u0642\u0627\u0646\u0648\u0646 \u0627\u0644\u0645\u062f\u0646\u064a \u0627\u0644\u0645\u063a\u0631\u0628\u064a\u060c \u0645\u0645\u0627 \u064a\u0636\u0645\u0646 \u062a\u0645\u062b\u064a\u0644\u0627\u064b \u0642\u0627\u0646\u0648\u0646\u064a\u0627\u064b \u0634\u062e\u0635\u064a\u0627\u064b \u0648\u0641\u0639\u0627\u0644\u0627\u064b \u0641\u064a \u0645\u062c\u0645\u0648\u0639\u0629 \u0645\u062a\u0646\u0648\u0639\u0629 \u0645\u0646 \u0627\u0644\u0645\u062c\u0627\u0644\u0627\u062a\u060c \u0628\u062f\u0621\u0627\u064b \u0645\u0646 \u0645\u0639\u0627\u0644\u062c\u0629 \u0627\u0644\u0639\u0642\u0648\u062f \u0648\u062d\u062a\u0649 \u0645\u0633\u0627\u0626\u0644 \u0627\u0644\u0623\u0633\u0631\u0629 \u0648\u0627\u0644\u0645\u064a\u0631\u0627\u062b.<\/p>\t\t\t\t\t\t\t\t<\/div>\n\t\t\t\t<\/div>\n\t\t\t\t\t<\/div>\n\t\t\t\t<\/div>\n\t\t<div class=\"elementor-element elementor-element-c03d186 e-flex e-con-boxed e-con e-parent\" data-id=\"c03d186\" data-element_type=\"container\" data-e-type=\"container\">\n\t\t\t\t\t<div class=\"e-con-inner\">\n\t\t<div class=\"elementor-element elementor-element-76ef517 e-con-full e-flex elementor-invisible e-con e-child\" data-id=\"76ef517\" data-element_type=\"container\" data-e-type=\"container\" data-settings=\"{&quot;background_background&quot;:&quot;classic&quot;,&quot;animation&quot;:&quot;fadeInUp&quot;,&quot;animation_delay&quot;:200}\">\n\t\t\t\t<\/div>\n\t\t<div class=\"elementor-element elementor-element-4ce025f e-con-full e-flex elementor-invisible e-con e-child\" data-id=\"4ce025f\" data-element_type=\"container\" data-e-type=\"container\" data-settings=\"{&quot;background_background&quot;:&quot;classic&quot;,&quot;animation&quot;:&quot;fadeInUp&quot;}\">\n\t\t\t\t<div class=\"elementor-element elementor-element-8426b57 elementor-widget elementor-widget-heading\" data-id=\"8426b57\" data-element_type=\"widget\" data-e-type=\"widget\" data-widget_type=\"heading.default\">\n\t\t\t\t\t<h3 class=\"elementor-heading-title elementor-size-default\">\u0627\u0644\u062f\u0639\u0645 \u0627\u0644\u0642\u0627\u0646\u0648\u0646\u064a \u0627\u0644\u0643\u0627\u0645\u0644 \u0641\u064a \u0627\u0644\u0642\u0627\u0646\u0648\u0646 \u0627\u0644\u0645\u062f\u0646\u064a<\/h3>\t\t\t\t<\/div>\n\t\t\t\t<div class=\"elementor-element elementor-element-0e3b7b8 elementor-widget-divider--view-line elementor-widget elementor-widget-divider\" data-id=\"0e3b7b8\" data-element_type=\"widget\" data-e-type=\"widget\" data-widget_type=\"divider.default\">\n\t\t\t\t\t\t\t<div class=\"elementor-divider\">\n\t\t\t<span class=\"elementor-divider-separator\">\n\t\t\t\t\t\t<\/span>\n\t\t<\/div>\n\t\t\t\t\t\t<\/div>\n\t\t\t\t<div class=\"elementor-element elementor-element-8028481 elementor-widget elementor-widget-text-editor\" data-id=\"8028481\" data-element_type=\"widget\" data-e-type=\"widget\" data-widget_type=\"text-editor.default\">\n\t\t\t\t\t\t\t\t\t<p>\u00a0\u064a\u0642\u062f\u0645 \u0645\u0643\u062a\u0628 \u0627\u0644\u0645\u062d\u0627\u0645\u064a\u0629  \u0627\u0644\u0623\u0633\u062a\u0627\u0630\u0629 \u0627\u0644\u0646\u062c\u0627\u062d \u062e\u062f\u064a\u062c\u0629 \u0645\u062c\u0645\u0648\u0639\u0629 \u0645\u062a\u0646\u0648\u0639\u0629 \u0645\u0646 \u0627\u0644\u062e\u062f\u0645\u0627\u062a \u0641\u064a \u0627\u0644\u0642\u0627\u0646\u0648\u0646 \u0627\u0644\u0645\u062f\u0646\u064a\u060c \u062a\u063a\u0637\u064a \u062c\u0645\u064a\u0639 \u0627\u0644\u0645\u062c\u0627\u0644\u0627\u062a\u060c \u0628\u0645\u0627 \u0641\u064a \u0630\u0644\u0643 \u0639\u0644\u0649 \u0633\u0628\u064a\u0644 \u0627\u0644\u0645\u062b\u0627\u0644 \u0644\u0627 \u0627\u0644\u062d\u0635\u0631: \u064a\u0642\u062f\u0645 \u0628\u062d\u062b\u0646\u0627 \u0645\u062c\u0645\u0648\u0639\u0629 \u0643\u0627\u0645\u0644\u0629 \u0645\u0646 \u0627\u0644\u062e\u062f\u0645\u0627\u062a \u0627\u0644\u0642\u0627\u0646\u0648\u0646\u064a\u0629 \u0641\u064a \u0627\u0644\u0642\u0627\u0646\u0648\u0646 \u0627\u0644\u0645\u0635\u0631\u0641\u064a\u060c \u0628\u0647\u062f\u0641 \u062a\u0644\u0628\u064a\u0629 \u0627\u0644\u0627\u062d\u062a\u064a\u0627\u062c\u0627\u062a \u0627\u0644\u0645\u062a\u0646\u0648\u0639\u0629 \u0644\u0639\u0645\u0644\u0627\u0626\u0646\u0627 \u0641\u064a \u0645\u062e\u062a\u0644\u0641 \u062c\u0648\u0627\u0646\u0628 \u0627\u0644\u0639\u0645\u0644\u064a\u0627\u062a \u0627\u0644\u0645\u0635\u0631\u0641\u064a\u0629 \u0648\u0627\u0644\u0645\u0627\u0644\u064a\u0629:<\/p>\t\t\t\t\t\t\t\t<\/div>\n\t\t\t\t<\/div>\n\t\t\t\t\t<\/div>\n\t\t\t\t<\/div>\n\t\t<div class=\"elementor-element elementor-element-f052e0c e-flex e-con-boxed e-con e-parent\" data-id=\"f052e0c\" data-element_type=\"container\" data-e-type=\"container\" data-settings=\"{&quot;background_background&quot;:&quot;classic&quot;}\">\n\t\t\t\t\t<div class=\"e-con-inner\">\n\t\t<div class=\"elementor-element elementor-element-14eb75c e-con-full e-flex e-con e-child\" data-id=\"14eb75c\" data-element_type=\"container\" data-e-type=\"container\">\n\t\t\t\t<div class=\"elementor-element elementor-element-887aebf elementor-invisible elementor-widget elementor-widget-heading\" data-id=\"887aebf\" data-element_type=\"widget\" data-e-type=\"widget\" data-settings=\"{&quot;_animation&quot;:&quot;fadeIn&quot;,&quot;_animation_delay&quot;:200}\" data-widget_type=\"heading.default\">\n\t\t\t\t\t<h3 class=\"elementor-heading-title elementor-size-default\">\u062e\u062f\u0645\u0627\u062a\u0646\u0627 \u0641\u064a \u0627\u0644\u0642\u0627\u0646\u0648\u0646 \u0627\u0644\u0645\u062f\u0646\u064a\n<\/h3>\t\t\t\t<\/div>\n\t\t\t\t<div class=\"elementor-element elementor-element-418bdd5 elementor-widget-divider--view-line elementor-invisible elementor-widget elementor-widget-divider\" data-id=\"418bdd5\" data-element_type=\"widget\" data-e-type=\"widget\" data-settings=\"{&quot;_animation&quot;:&quot;fadeIn&quot;,&quot;_animation_delay&quot;:400}\" data-widget_type=\"divider.default\">\n\t\t\t\t\t\t\t<div class=\"elementor-divider\">\n\t\t\t<span class=\"elementor-divider-separator\">\n\t\t\t\t\t\t<\/span>\n\t\t<\/div>\n\t\t\t\t\t\t<\/div>\n\t\t<div class=\"elementor-element elementor-element-09a35f8 e-con-full e-flex elementor-invisible e-con e-child\" data-id=\"09a35f8\" data-element_type=\"container\" data-e-type=\"container\" data-settings=\"{&quot;animation&quot;:&quot;fadeInUp&quot;,&quot;animation_delay&quot;:400}\">\n\t\t<div class=\"elementor-element elementor-element-421f661 e-con-full e-flex e-con e-child\" data-id=\"421f661\" data-element_type=\"container\" data-e-type=\"container\" data-settings=\"{&quot;background_background&quot;:&quot;classic&quot;}\">\n\t\t\t\t<div class=\"elementor-element elementor-element-c1d86b1 elementor-view-default elementor-widget elementor-widget-icon\" data-id=\"c1d86b1\" data-element_type=\"widget\" data-e-type=\"widget\" data-widget_type=\"icon.default\">\n\t\t\t\t\t\t\t<div class=\"elementor-icon-wrapper\">\n\t\t\t<div class=\"elementor-icon\">\n\t\t\t<i aria-hidden=\"true\" class=\"icon icon-chat-1\"><\/i>\t\t\t<\/div>\n\t\t<\/div>\n\t\t\t\t\t\t<\/div>\n\t\t\t\t<div class=\"elementor-element elementor-element-fd8fc2f elementor-widget elementor-widget-heading\" data-id=\"fd8fc2f\" data-element_type=\"widget\" data-e-type=\"widget\" data-widget_type=\"heading.default\">\n\t\t\t\t\t<h4 class=\"elementor-heading-title elementor-size-default\">\u0642\u0627\u0646\u0648\u0646 \u0627\u0644\u0639\u0642\u0648\u062f<\/h4>\t\t\t\t<\/div>\n\t\t\t\t<div class=\"elementor-element elementor-element-c16789f elementor-widget elementor-widget-text-editor\" data-id=\"c16789f\" data-element_type=\"widget\" data-e-type=\"widget\" data-widget_type=\"text-editor.default\">\n\t\t\t\t\t\t\t\t\t<p>\u0627\u0644\u0645\u0633\u0627\u0639\u062f\u0629 \u0641\u064a \u0635\u064a\u0627\u063a\u0629 \u0627\u0644\u0639\u0642\u0648\u062f \u0648\u0645\u0631\u0627\u062c\u0639\u062a\u0647\u0627 \u0648\u0627\u0644\u062a\u0641\u0627\u0648\u0636 \u0639\u0644\u064a\u0647\u0627\u060c \u0641\u0636\u0644\u0627\u064b \u0639\u0646 \u0625\u062f\u0627\u0631\u0629 \u0627\u0644\u0646\u0632\u0627\u0639\u0627\u062a \u0627\u0644\u062a\u0639\u0627\u0642\u062f\u064a\u0629 \u0648\u0627\u0646\u062a\u0647\u0627\u0643\u0627\u062a \u0627\u0644\u0639\u0642\u062f.<\/p>\t\t\t\t\t\t\t\t<\/div>\n\t\t\t\t<\/div>\n\t\t<div class=\"elementor-element elementor-element-46f8c4f e-con-full e-flex e-con e-child\" data-id=\"46f8c4f\" data-element_type=\"container\" data-e-type=\"container\" data-settings=\"{&quot;background_background&quot;:&quot;classic&quot;}\">\n\t\t\t\t<div class=\"elementor-element elementor-element-77f08de elementor-view-default elementor-widget elementor-widget-icon\" data-id=\"77f08de\" data-element_type=\"widget\" data-e-type=\"widget\" data-widget_type=\"icon.default\">\n\t\t\t\t\t\t\t<div class=\"elementor-icon-wrapper\">\n\t\t\t<div class=\"elementor-icon\">\n\t\t\t<i aria-hidden=\"true\" class=\"icon icon-eraser\"><\/i>\t\t\t<\/div>\n\t\t<\/div>\n\t\t\t\t\t\t<\/div>\n\t\t\t\t<div class=\"elementor-element elementor-element-cfcaf1f elementor-widget elementor-widget-heading\" data-id=\"cfcaf1f\" data-element_type=\"widget\" data-e-type=\"widget\" data-widget_type=\"heading.default\">\n\t\t\t\t\t<h4 class=\"elementor-heading-title elementor-size-default\">\u0642\u0627\u0646\u0648\u0646 \u0627\u0644\u0623\u0633\u0631\u0629<\/h4>\t\t\t\t<\/div>\n\t\t\t\t<div class=\"elementor-element elementor-element-692611a elementor-widget elementor-widget-text-editor\" data-id=\"692611a\" data-element_type=\"widget\" data-e-type=\"widget\" data-widget_type=\"text-editor.default\">\n\t\t\t\t\t\t\t\t\t<p>\u062a\u0642\u062f\u064a\u0645 \u0627\u0644\u0645\u0634\u0648\u0631\u0629 \u0648\u0627\u0644\u062a\u0645\u062b\u064a\u0644 \u0641\u064a \u0642\u0636\u0627\u064a\u0627 \u0627\u0644\u0637\u0644\u0627\u0642 \u0648\u062d\u0636\u0627\u0646\u0629 \u0627\u0644\u0623\u0637\u0641\u0627\u0644 \u0648\u0627\u0644\u0646\u0641\u0642\u0629 \u0648\u0627\u0644\u062a\u0628\u0646\u064a \u0648\u063a\u064a\u0631\u0647\u0627 \u0645\u0646 \u0627\u0644\u0645\u0633\u0627\u0626\u0644 \u0627\u0644\u0639\u0627\u0626\u0644\u064a\u0629.<\/p>\t\t\t\t\t\t\t\t<\/div>\n\t\t\t\t<\/div>\n\t\t\t\t<\/div>\n\t\t<div class=\"elementor-element elementor-element-a029ec0 e-con-full e-flex elementor-invisible e-con e-child\" data-id=\"a029ec0\" data-element_type=\"container\" data-e-type=\"container\" data-settings=\"{&quot;animation&quot;:&quot;fadeInUp&quot;,&quot;animation_delay&quot;:400}\">\n\t\t<div class=\"elementor-element elementor-element-d0ba4a3 e-con-full e-flex e-con e-child\" data-id=\"d0ba4a3\" data-element_type=\"container\" data-e-type=\"container\" data-settings=\"{&quot;background_background&quot;:&quot;classic&quot;}\">\n\t\t\t\t<div class=\"elementor-element elementor-element-94ac0bc elementor-view-default elementor-widget elementor-widget-icon\" data-id=\"94ac0bc\" data-element_type=\"widget\" data-e-type=\"widget\" data-widget_type=\"icon.default\">\n\t\t\t\t\t\t\t<div class=\"elementor-icon-wrapper\">\n\t\t\t<div class=\"elementor-icon\">\n\t\t\t<i aria-hidden=\"true\" class=\"icon icon-file-1\"><\/i>\t\t\t<\/div>\n\t\t<\/div>\n\t\t\t\t\t\t<\/div>\n\t\t\t\t<div class=\"elementor-element elementor-element-efea115 elementor-widget elementor-widget-heading\" data-id=\"efea115\" data-element_type=\"widget\" data-e-type=\"widget\" data-widget_type=\"heading.default\">\n\t\t\t\t\t<h4 class=\"elementor-heading-title elementor-size-default\">\u0627\u0644\u062e\u0644\u0627\u0641\u0629 \u0648\u0627\u0644\u0645\u064a\u0631\u0627\u062b<\/h4>\t\t\t\t<\/div>\n\t\t\t\t<div class=\"elementor-element elementor-element-849343f elementor-widget elementor-widget-text-editor\" data-id=\"849343f\" data-element_type=\"widget\" data-e-type=\"widget\" data-widget_type=\"text-editor.default\">\n\t\t\t\t\t\t\t\t\t<p>\u0627\u0644\u0645\u0633\u0627\u0639\u062f\u0629 \u0641\u064a \u062a\u062e\u0637\u064a\u0637 \u0627\u0644\u0639\u0642\u0627\u0631\u0627\u062a \u0648\u0625\u0639\u062f\u0627\u062f \u0627\u0644\u0648\u0635\u0627\u064a\u0627 \u0648\u0625\u062f\u0627\u0631\u0629 \u0627\u0644\u0645\u064a\u0631\u0627\u062b \u0648\u062d\u0644 \u0646\u0632\u0627\u0639\u0627\u062a \u0627\u0644\u0645\u064a\u0631\u0627\u062b.<\/p>\t\t\t\t\t\t\t\t<\/div>\n\t\t\t\t<\/div>\n\t\t<div class=\"elementor-element elementor-element-4bd4d44 e-con-full e-flex e-con e-child\" data-id=\"4bd4d44\" data-element_type=\"container\" data-e-type=\"container\" data-settings=\"{&quot;background_background&quot;:&quot;classic&quot;}\">\n\t\t\t\t<div class=\"elementor-element elementor-element-b512bef elementor-view-default elementor-widget elementor-widget-icon\" data-id=\"b512bef\" data-element_type=\"widget\" data-e-type=\"widget\" data-widget_type=\"icon.default\">\n\t\t\t\t\t\t\t<div class=\"elementor-icon-wrapper\">\n\t\t\t<div class=\"elementor-icon\">\n\t\t\t<i aria-hidden=\"true\" class=\"icon icon-checked1\"><\/i>\t\t\t<\/div>\n\t\t<\/div>\n\t\t\t\t\t\t<\/div>\n\t\t\t\t<div class=\"elementor-element elementor-element-5c42414 elementor-widget elementor-widget-heading\" data-id=\"5c42414\" data-element_type=\"widget\" data-e-type=\"widget\" data-widget_type=\"heading.default\">\n\t\t\t\t\t<h4 class=\"elementor-heading-title elementor-size-default\">\u0642\u0627\u0646\u0648\u0646 \u0627\u0644\u0645\u0644\u0643\u064a\u0629<\/h4>\t\t\t\t<\/div>\n\t\t\t\t<div class=\"elementor-element elementor-element-866f5ad elementor-widget elementor-widget-text-editor\" data-id=\"866f5ad\" data-element_type=\"widget\" data-e-type=\"widget\" data-widget_type=\"text-editor.default\">\n\t\t\t\t\t\t\t\t\t<p>\u0646\u0635\u0627\u0626\u062d \u062d\u0648\u0644 \u062c\u0648\u0627\u0646\u0628 \u0627\u0644\u0645\u0644\u0643\u064a\u0629\u060c \u0648\u0627\u062a\u0641\u0627\u0642\u064a\u0627\u062a \u0627\u0644\u0625\u064a\u062c\u0627\u0631\u060c \u0648\u0645\u0639\u0627\u0645\u0644\u0627\u062a \u0627\u0644\u0639\u0642\u0627\u0631\u0627\u062a\u060c \u0648\u0627\u0644\u0646\u0632\u0627\u0639\u0627\u062a \u0639\u0644\u0649 \u0627\u0644\u0623\u0631\u0627\u0636\u064a.<\/p>\t\t\t\t\t\t\t\t<\/div>\n\t\t\t\t<\/div>\n\t\t\t\t<\/div>\n\t\t<div class=\"elementor-element elementor-element-0799afa e-con-full e-flex elementor-invisible e-con e-child\" data-id=\"0799afa\" data-element_type=\"container\" data-e-type=\"container\" data-settings=\"{&quot;animation&quot;:&quot;fadeInUp&quot;,&quot;animation_delay&quot;:400}\">\n\t\t<div class=\"elementor-element elementor-element-33a7220 e-con-full e-flex e-con e-child\" data-id=\"33a7220\" data-element_type=\"container\" data-e-type=\"container\" data-settings=\"{&quot;background_background&quot;:&quot;classic&quot;}\">\n\t\t\t\t<div class=\"elementor-element elementor-element-0df61a7 elementor-view-default elementor-widget elementor-widget-icon\" data-id=\"0df61a7\" data-element_type=\"widget\" data-e-type=\"widget\" data-widget_type=\"icon.default\">\n\t\t\t\t\t\t\t<div class=\"elementor-icon-wrapper\">\n\t\t\t<div class=\"elementor-icon\">\n\t\t\t<i aria-hidden=\"true\" class=\"icon icon-file-1\"><\/i>\t\t\t<\/div>\n\t\t<\/div>\n\t\t\t\t\t\t<\/div>\n\t\t\t\t<div class=\"elementor-element elementor-element-31308a1 elementor-widget elementor-widget-heading\" data-id=\"31308a1\" data-element_type=\"widget\" data-e-type=\"widget\" data-widget_type=\"heading.default\">\n\t\t\t\t\t<h4 class=\"elementor-heading-title elementor-size-default\">\u0627\u0644\u0645\u0633\u0624\u0648\u0644\u064a\u0629 \u0627\u0644\u0645\u062f\u0646\u064a\u0629<\/h4>\t\t\t\t<\/div>\n\t\t\t\t<div class=\"elementor-element elementor-element-94167f5 elementor-widget elementor-widget-text-editor\" data-id=\"94167f5\" data-element_type=\"widget\" data-e-type=\"widget\" data-widget_type=\"text-editor.default\">\n\t\t\t\t\t\t\t\t\t<p>\u0627\u0644\u062a\u062f\u062e\u0644 \u0641\u064a \u0642\u0636\u0627\u064a\u0627 \u0627\u0644\u0645\u0633\u0624\u0648\u0644\u064a\u0629 \u0627\u0644\u0645\u062f\u0646\u064a\u0629 \u0628\u0645\u0627 \u0641\u064a \u0630\u0644\u0643 \u0627\u0644\u0625\u0635\u0627\u0628\u0627\u062a \u0627\u0644\u062c\u0633\u062f\u064a\u0629 \u0648\u0627\u0644\u062d\u0648\u0627\u062f\u062b \u0648\u0627\u0644\u0623\u0636\u0631\u0627\u0631.<\/p>\t\t\t\t\t\t\t\t<\/div>\n\t\t\t\t<\/div>\n\t\t<div class=\"elementor-element elementor-element-83efca4 e-con-full e-flex e-con e-child\" data-id=\"83efca4\" data-element_type=\"container\" data-e-type=\"container\" data-settings=\"{&quot;background_background&quot;:&quot;classic&quot;}\">\n\t\t\t\t<div class=\"elementor-element elementor-element-a2716b6 elementor-view-default elementor-widget elementor-widget-icon\" data-id=\"a2716b6\" data-element_type=\"widget\" data-e-type=\"widget\" data-widget_type=\"icon.default\">\n\t\t\t\t\t\t\t<div class=\"elementor-icon-wrapper\">\n\t\t\t<div class=\"elementor-icon\">\n\t\t\t<i aria-hidden=\"true\" class=\"icon icon-checked1\"><\/i>\t\t\t<\/div>\n\t\t<\/div>\n\t\t\t\t\t\t<\/div>\n\t\t\t\t<div class=\"elementor-element elementor-element-50a514e elementor-widget elementor-widget-heading\" data-id=\"50a514e\" data-element_type=\"widget\" data-e-type=\"widget\" data-widget_type=\"heading.default\">\n\t\t\t\t\t<h4 class=\"elementor-heading-title elementor-size-default\">\u0627\u0633\u062a\u0631\u062f\u0627\u062f \u0627\u0644\u062f\u064a\u0648\u0646<\/h4>\t\t\t\t<\/div>\n\t\t\t\t<div class=\"elementor-element elementor-element-6ad5a93 elementor-widget elementor-widget-text-editor\" data-id=\"6ad5a93\" data-element_type=\"widget\" data-e-type=\"widget\" data-widget_type=\"text-editor.default\">\n\t\t\t\t\t\t\t\t\t<p>\u062e\u062f\u0645\u0627\u062a \u062a\u062d\u0635\u064a\u0644 \u0627\u0644\u062f\u064a\u0648\u0646 \u0627\u0644\u0641\u0639\u0627\u0644\u0629 \u0644\u0644\u0623\u0641\u0631\u0627\u062f \u0648\u0627\u0644\u0634\u0631\u0643\u0627\u062a \u0627\u0644\u062a\u064a \u062a\u0648\u0627\u062c\u0647 \u062f\u064a\u0648\u0646\u064b\u0627 \u063a\u064a\u0631 \u0645\u062f\u0641\u0648\u0639\u0629.<\/p>\t\t\t\t\t\t\t\t<\/div>\n\t\t\t\t<\/div>\n\t\t\t\t<\/div>\n\t\t\t\t<\/div>\n\t\t\t\t\t<\/div>\n\t\t\t\t<\/div>\n\t\t\t\t<\/div>\n\t\t\n    <div class=\"xs_social_share_widget xs_share_url after_content \t\tmain_content  wslu-style-1 wslu-share-box-shaped wslu-fill-colored wslu-none wslu-share-horizontal wslu-theme-font-no wslu-main_content\">\n\n\t\t\n        <ul>\n\t\t\t        <\/ul>\n    <\/div>","protected":false},"excerpt":{"rendered":"<p>Droit Civil Situ\u00e9 \u00e0 Sal\u00e9, le MAITRE ENNAJAH KHADIJA offre une expertise pouss\u00e9e en Droit Civil Marocain, assurant une repr\u00e9sentation l\u00e9gale personnalis\u00e9e et efficace dans une vari\u00e9t\u00e9 de domaines, du traitement des contrats aux questions de famille et d&rsquo;h\u00e9ritage. Accompagnement Juridique Complet en Droit Civil \u00a0MAITRE ENNAJAH KHADIJA propose une gamme vari\u00e9e de services en [&hellip;]<\/p>","protected":false},"author":1,"featured_media":0,"parent":0,"menu_order":0,"comment_status":"closed","ping_status":"closed","template":"elementor_header_footer","meta":{"postBodyCss":"","postBodyMargin":[],"postBodyPadding":[],"postBodyBackground":{"backgroundType":"classic","gradient":""},"footnotes":""},"class_list":["post-174","page","type-page","status-publish","hentry"],"rttpg_featured_image_url":null,"rttpg_author":{"display_name":"Maitreennajah","author_link":"https:\/\/www.maitreennajah.com\/ar\/author\/takafilawfirm\/"},"rttpg_comment":0,"rttpg_category":null,"rttpg_excerpt":"Droit Civil Situ\u00e9 \u00e0 Sal\u00e9, le MAITRE ENNAJAH KHADIJA offre une expertise pouss\u00e9e en Droit Civil Marocain, assurant une repr\u00e9sentation l\u00e9gale personnalis\u00e9e et efficace dans une vari\u00e9t\u00e9 de domaines, du traitement des contrats aux questions de famille et d&rsquo;h\u00e9ritage. Accompagnement Juridique Complet en Droit Civil \u00a0MAITRE ENNAJAH KHADIJA propose une gamme vari\u00e9e de services en&hellip;","_links":{"self":[{"href":"https:\/\/www.maitreennajah.com\/ar\/wp-json\/wp\/v2\/pages\/174","targetHints":{"allow":["GET"]}}],"collection":[{"href":"https:\/\/www.maitreennajah.com\/ar\/wp-json\/wp\/v2\/pages"}],"about":[{"href":"https:\/\/www.maitreennajah.com\/ar\/wp-json\/wp\/v2\/types\/page"}],"author":[{"embeddable":true,"href":"https:\/\/www.maitreennajah.com\/ar\/wp-json\/wp\/v2\/users\/1"}],"replies":[{"embeddable":true,"href":"https:\/\/www.maitreennajah.com\/ar\/wp-json\/wp\/v2\/comments?post=174"}],"version-history":[{"count":16,"href":"https:\/\/www.maitreennajah.com\/ar\/wp-json\/wp\/v2\/pages\/174\/revisions"}],"predecessor-version":[{"id":1654,"href":"https:\/\/www.maitreennajah.com\/ar\/wp-json\/wp\/v2\/pages\/174\/revisions\/1654"}],"wp:attachment":[{"href":"https:\/\/www.maitreennajah.com\/ar\/wp-json\/wp\/v2\/media?parent=174"}],"curies":[{"name":"wp","href":"https:\/\/api.w.org\/{rel}","templated":true}]}}