{"id":176,"date":"2025-10-22T06:39:02","date_gmt":"2025-10-22T06:39:02","guid":{"rendered":"https:\/\/www.maitreennajah.com\/?page_id=176"},"modified":"2026-01-10T08:36:41","modified_gmt":"2026-01-10T08:36:41","slug":"droit-immobilier","status":"publish","type":"page","link":"https:\/\/www.maitreennajah.com\/ar\/droit-immobilier\/","title":{"rendered":"\u0642\u0627\u0646\u0648\u0646 \u0627\u0644\u0639\u0642\u0627\u0631\u0627\u062a"},"content":{"rendered":"<div data-elementor-type=\"wp-page\" data-elementor-id=\"176\" class=\"elementor elementor-176\">\n\t\t\t\t<div class=\"elementor-element elementor-element-ba72537 e-flex e-con-boxed e-con e-parent\" data-id=\"ba72537\" data-element_type=\"container\" data-e-type=\"container\" data-settings=\"{&quot;background_background&quot;:&quot;classic&quot;}\">\n\t\t\t\t\t<div class=\"e-con-inner\">\n\t\t<div class=\"elementor-element elementor-element-a1ca572 e-con-full e-flex e-con e-child\" data-id=\"a1ca572\" data-element_type=\"container\" data-e-type=\"container\">\n\t\t\t\t<div class=\"elementor-element elementor-element-b452f35 elementor-widget elementor-widget-heading\" data-id=\"b452f35\" data-element_type=\"widget\" data-e-type=\"widget\" data-widget_type=\"heading.default\">\n\t\t\t\t\t<h2 class=\"elementor-heading-title elementor-size-default\">\u0642\u0627\u0646\u0648\u0646 \u0627\u0644\u0639\u0642\u0627\u0631\u0627\u062a<\/h2>\t\t\t\t<\/div>\n\t\t\t\t<div class=\"elementor-element elementor-element-35bc1a4 elementor-widget elementor-widget-text-editor\" data-id=\"35bc1a4\" data-element_type=\"widget\" data-e-type=\"widget\" data-widget_type=\"text-editor.default\">\n\t\t\t\t\t\t\t\t\t<p>\u064a\u0642\u0639 \u0645\u0643\u062a\u0628 \u0627\u0644\u0623\u0633\u062a\u0627\u0630\u0629 \u0627\u0644\u0646\u062c\u0627\u062d \u062e\u062f\u064a\u062c\u0629 \u0641\u064a \u0645\u062f\u064a\u0646\u0629 \u0633\u0644\u0627\u060c \u0648\u064a\u0642\u062f\u0645 \u0645\u062c\u0645\u0648\u0639\u0629 \u0634\u0627\u0645\u0644\u0629 \u0645\u0646 \u0627\u0644\u062e\u062f\u0645\u0627\u062a \u0627\u0644\u0642\u0627\u0646\u0648\u0646\u064a\u0629 \u0641\u064a \u0645\u0633\u0627\u0626\u0644 \u0627\u0644\u0639\u0642\u0627\u0631\u0627\u062a\u060c \u062d\u064a\u062b \u064a\u0648\u0641\u0631 \u062d\u0644\u0648\u0644\u0627\u064b \u0645\u0635\u0645\u0645\u0629 \u062e\u0635\u064a\u0635\u0627\u064b \u0644\u0644\u0645\u0637\u0648\u0631\u064a\u0646 \u0648\u0627\u0644\u0645\u0633\u062a\u062b\u0645\u0631\u064a\u0646 \u0648\u0627\u0644\u0645\u0627\u0644\u0643\u064a\u0646 \u0648\u0627\u0644\u0645\u0633\u062a\u0623\u062c\u0631\u064a\u0646 \u0627\u0644\u0630\u064a\u0646 \u064a\u0648\u0627\u062c\u0647\u0648\u0646 \u0645\u0634\u0627\u0643\u0644 \u0623\u0648 \u0646\u0632\u0627\u0639\u0627\u062a \u0639\u0642\u0627\u0631\u064a\u0629 \u0641\u064a \u0627\u0644\u0645\u063a\u0631\u0628.<\/p>\t\t\t\t\t\t\t\t<\/div>\n\t\t\t\t<\/div>\n\t\t\t\t\t<\/div>\n\t\t\t\t<\/div>\n\t\t<div class=\"elementor-element elementor-element-f160eaf e-flex e-con-boxed e-con e-parent\" data-id=\"f160eaf\" data-element_type=\"container\" data-e-type=\"container\">\n\t\t\t\t\t<div class=\"e-con-inner\">\n\t\t<div class=\"elementor-element elementor-element-f9b180f e-con-full e-flex elementor-invisible e-con e-child\" data-id=\"f9b180f\" data-element_type=\"container\" data-e-type=\"container\" data-settings=\"{&quot;background_background&quot;:&quot;classic&quot;,&quot;animation&quot;:&quot;fadeInUp&quot;,&quot;animation_delay&quot;:200}\">\n\t\t\t\t<\/div>\n\t\t<div class=\"elementor-element elementor-element-61e0ced e-con-full e-flex elementor-invisible e-con e-child\" data-id=\"61e0ced\" data-element_type=\"container\" data-e-type=\"container\" data-settings=\"{&quot;background_background&quot;:&quot;classic&quot;,&quot;animation&quot;:&quot;fadeInUp&quot;}\">\n\t\t\t\t<div class=\"elementor-element elementor-element-797a1bc elementor-widget elementor-widget-heading\" data-id=\"797a1bc\" data-element_type=\"widget\" data-e-type=\"widget\" data-widget_type=\"heading.default\">\n\t\t\t\t\t<h3 class=\"elementor-heading-title elementor-size-default\">\u062d\u0644\u0648\u0644 \u0642\u0627\u0646\u0648\u0646\u064a\u0629 \u0645\u0628\u062a\u0643\u0631\u0629 \u0641\u064a \u0642\u0627\u0646\u0648\u0646 \u0627\u0644\u0639\u0642\u0627\u0631\u0627\u062a\n<\/h3>\t\t\t\t<\/div>\n\t\t\t\t<div class=\"elementor-element elementor-element-cfc3f3a elementor-widget-divider--view-line elementor-widget elementor-widget-divider\" data-id=\"cfc3f3a\" data-element_type=\"widget\" data-e-type=\"widget\" data-widget_type=\"divider.default\">\n\t\t\t\t\t\t\t<div class=\"elementor-divider\">\n\t\t\t<span class=\"elementor-divider-separator\">\n\t\t\t\t\t\t<\/span>\n\t\t<\/div>\n\t\t\t\t\t\t<\/div>\n\t\t\t\t<div class=\"elementor-element elementor-element-e85ffeb elementor-widget elementor-widget-text-editor\" data-id=\"e85ffeb\" data-element_type=\"widget\" data-e-type=\"widget\" data-widget_type=\"text-editor.default\">\n\t\t\t\t\t\t\t\t\t<p>\u0646\u062f\u0639\u0648\u0643\u0645 \u0644\u0627\u0633\u062a\u0643\u0634\u0627\u0641 \u0642\u0633\u0645 \u0642\u0627\u0646\u0648\u0646 \u0627\u0644\u0639\u0642\u0627\u0631\u0627\u062a \u0644\u062f\u0649 \u0645\u0643\u062a\u0628 \u0627\u0644\u0623\u0633\u062a\u0627\u0630\u0629 \u0627\u0644\u0646\u062c\u0627\u062d \u062e\u062f\u064a\u062c\u0629\u060c \u0645\u0633\u062a\u0634\u0627\u0631\u0643\u0645 \u0627\u0644\u0645\u0648\u062b\u0648\u0642 \u0628\u0647 \u0641\u064a \u0645\u062f\u064a\u0646\u0629 \u0633\u0644\u0627 \u0644\u062c\u0645\u064a\u0639 \u0645\u0639\u0627\u0645\u0644\u0627\u062a\u0643\u0645 \u0627\u0644\u0639\u0642\u0627\u0631\u064a\u0629 \u0648\u0646\u0632\u0627\u0639\u0627\u062a\u0643\u0645 \u0641\u064a \u0627\u0644\u0645\u063a\u0631\u0628.<\/p><p>\u0628\u0641\u0636\u0644 \u062e\u0628\u0631\u062a\u0646\u0627 \u0627\u0644\u0631\u0627\u0633\u062e\u0629 \u0648\u0641\u0647\u0645\u0646\u0627 \u0627\u0644\u0639\u0645\u064a\u0642 \u0644\u0633\u0648\u0642 \u0627\u0644\u0639\u0642\u0627\u0631\u0627\u062a \u0627\u0644\u0645\u063a\u0631\u0628\u064a\u060c \u0641\u0625\u0646 \u0634\u0631\u0643\u062a\u0646\u0627 \u0645\u0644\u062a\u0632\u0645\u0629 \u0628\u062a\u0642\u062f\u064a\u0645 \u062d\u0644\u0648\u0644 \u0642\u0627\u0646\u0648\u0646\u064a\u0629 \u0645\u0628\u062a\u0643\u0631\u0629 \u0648\u0641\u0639\u0627\u0644\u0629 \u0648\u0645\u0635\u0645\u0645\u0629 \u062e\u0635\u064a\u0635\u064b\u0627 \u0644\u062d\u0645\u0627\u064a\u0629 \u062d\u0642\u0648\u0642\u0643 \u0641\u064a \u0645\u062c\u0627\u0644 \u0627\u0644\u0639\u0642\u0627\u0631\u0627\u062a.<\/p>\t\t\t\t\t\t\t\t<\/div>\n\t\t\t\t<\/div>\n\t\t\t\t\t<\/div>\n\t\t\t\t<\/div>\n\t\t<div class=\"elementor-element elementor-element-499c6a9 e-flex e-con-boxed e-con e-parent\" data-id=\"499c6a9\" data-element_type=\"container\" data-e-type=\"container\" data-settings=\"{&quot;background_background&quot;:&quot;classic&quot;}\">\n\t\t\t\t\t<div class=\"e-con-inner\">\n\t\t<div class=\"elementor-element elementor-element-b24f357 e-con-full e-flex e-con e-child\" data-id=\"b24f357\" data-element_type=\"container\" data-e-type=\"container\">\n\t\t\t\t<div class=\"elementor-element elementor-element-ba16048 elementor-widget elementor-widget-text-editor\" data-id=\"ba16048\" data-element_type=\"widget\" data-e-type=\"widget\" data-widget_type=\"text-editor.default\">\n\t\t\t\t\t\t\t\t\t<p>\u064a\u0642\u062f\u0645 \u0645\u0643\u062a\u0628\u0646\u0627\u0627 \u0645\u062c\u0645\u0648\u0639\u0629 \u0634\u0627\u0645\u0644\u0629 \u0645\u0646 \u0627\u0644\u062e\u062f\u0645\u0627\u062a \u0627\u0644\u0642\u0627\u0646\u0648\u0646\u064a\u0629 \u0627\u0644\u0639\u0642\u0627\u0631\u064a\u0629 \u0627\u0644\u0645\u0635\u0645\u0645\u0629 \u0644\u062a\u0644\u0628\u064a\u0629 \u0627\u062d\u062a\u064a\u0627\u062c\u0627\u062a \u0627\u0644\u0645\u0637\u0648\u0631\u064a\u0646 \u0648\u0627\u0644\u0645\u0633\u062a\u062b\u0645\u0631\u064a\u0646 \u0648\u0627\u0644\u0645\u0627\u0644\u0643\u064a\u0646 \u0648\u0627\u0644\u0645\u0633\u062a\u0623\u062c\u0631\u064a\u0646:<\/p>\t\t\t\t\t\t\t\t<\/div>\n\t\t\t\t<div class=\"elementor-element elementor-element-7a40d6e elementor-invisible elementor-widget elementor-widget-heading\" data-id=\"7a40d6e\" data-element_type=\"widget\" data-e-type=\"widget\" data-settings=\"{&quot;_animation&quot;:&quot;fadeIn&quot;,&quot;_animation_delay&quot;:200}\" data-widget_type=\"heading.default\">\n\t\t\t\t\t<h3 class=\"elementor-heading-title elementor-size-default\">\u062e\u062f\u0645\u0627\u062a\u0646\u0627 \u0627\u0644\u0642\u0627\u0646\u0648\u0646\u064a\u0629 \u0627\u0644\u0639\u0642\u0627\u0631\u064a\u0629\n<\/h3>\t\t\t\t<\/div>\n\t\t\t\t<div class=\"elementor-element elementor-element-15d6f9a elementor-widget-divider--view-line elementor-invisible elementor-widget elementor-widget-divider\" data-id=\"15d6f9a\" data-element_type=\"widget\" data-e-type=\"widget\" data-settings=\"{&quot;_animation&quot;:&quot;fadeIn&quot;,&quot;_animation_delay&quot;:400}\" data-widget_type=\"divider.default\">\n\t\t\t\t\t\t\t<div class=\"elementor-divider\">\n\t\t\t<span class=\"elementor-divider-separator\">\n\t\t\t\t\t\t<\/span>\n\t\t<\/div>\n\t\t\t\t\t\t<\/div>\n\t\t<div class=\"elementor-element elementor-element-ea220f0 e-con-full e-flex elementor-invisible e-con e-child\" data-id=\"ea220f0\" data-element_type=\"container\" data-e-type=\"container\" data-settings=\"{&quot;animation&quot;:&quot;fadeInUp&quot;,&quot;animation_delay&quot;:400}\">\n\t\t<div class=\"elementor-element elementor-element-92284cd e-con-full e-flex e-con e-child\" data-id=\"92284cd\" data-element_type=\"container\" data-e-type=\"container\" data-settings=\"{&quot;background_background&quot;:&quot;classic&quot;}\">\n\t\t\t\t<div class=\"elementor-element elementor-element-7915d80 elementor-view-default elementor-widget elementor-widget-icon\" data-id=\"7915d80\" data-element_type=\"widget\" data-e-type=\"widget\" data-widget_type=\"icon.default\">\n\t\t\t\t\t\t\t<div class=\"elementor-icon-wrapper\">\n\t\t\t<div class=\"elementor-icon\">\n\t\t\t<i aria-hidden=\"true\" class=\"icon icon-chat-1\"><\/i>\t\t\t<\/div>\n\t\t<\/div>\n\t\t\t\t\t\t<\/div>\n\t\t\t\t<div class=\"elementor-element elementor-element-c5c76e5 elementor-widget elementor-widget-heading\" data-id=\"c5c76e5\" data-element_type=\"widget\" data-e-type=\"widget\" data-widget_type=\"heading.default\">\n\t\t\t\t\t<h4 class=\"elementor-heading-title elementor-size-default\">\u0627\u0644\u0627\u0633\u062a\u0634\u0627\u0631\u0627\u062a \u0648\u0627\u0644\u0627\u0633\u062a\u0631\u0627\u062a\u064a\u062c\u064a\u0629 \u0627\u0644\u0639\u0642\u0627\u0631\u064a\u0629<\/h4>\t\t\t\t<\/div>\n\t\t\t\t<div class=\"elementor-element elementor-element-d8d5ecc elementor-widget elementor-widget-text-editor\" data-id=\"d8d5ecc\" data-element_type=\"widget\" data-e-type=\"widget\" data-widget_type=\"text-editor.default\">\n\t\t\t\t\t\t\t\t\t<p id=\"elementor-tab-title-1181\" class=\"elementor-tab-title elementor-active\" tabindex=\"0\" role=\"button\" data-tab=\"1\" aria-controls=\"elementor-tab-content-1181\" aria-expanded=\"true\" aria-selected=\"true\">\u0646\u062d\u0646 \u0646\u0642\u062f\u0645 \u062a\u0648\u0635\u064a\u0627\u062a \u0627\u0633\u062a\u0631\u0627\u062a\u064a\u062c\u064a\u0629 \u0644\u0627\u0633\u062a\u062b\u0645\u0627\u0631\u0627\u062a\u0643 \u0627\u0644\u0639\u0642\u0627\u0631\u064a\u0629\u060c \u0645\u0645\u0627 \u064a\u0633\u0627\u0639\u062f\u0643 \u0639\u0644\u0649 \u062a\u062d\u062f\u064a\u062f \u0627\u0644\u0641\u0631\u0635 \u0648\u0627\u0644\u062a\u062e\u0641\u064a\u0641 \u0645\u0646 \u0627\u0644\u0645\u062e\u0627\u0637\u0631.<\/p>\t\t\t\t\t\t\t\t<\/div>\n\t\t\t\t<\/div>\n\t\t<div class=\"elementor-element elementor-element-705ab0d e-con-full e-flex e-con e-child\" data-id=\"705ab0d\" data-element_type=\"container\" data-e-type=\"container\" data-settings=\"{&quot;background_background&quot;:&quot;classic&quot;}\">\n\t\t\t\t<div class=\"elementor-element elementor-element-bfd3b42 elementor-view-default elementor-widget elementor-widget-icon\" data-id=\"bfd3b42\" data-element_type=\"widget\" data-e-type=\"widget\" data-widget_type=\"icon.default\">\n\t\t\t\t\t\t\t<div class=\"elementor-icon-wrapper\">\n\t\t\t<div class=\"elementor-icon\">\n\t\t\t<i aria-hidden=\"true\" class=\"icon icon-eraser\"><\/i>\t\t\t<\/div>\n\t\t<\/div>\n\t\t\t\t\t\t<\/div>\n\t\t\t\t<div class=\"elementor-element elementor-element-a48e52d elementor-widget elementor-widget-heading\" data-id=\"a48e52d\" data-element_type=\"widget\" data-e-type=\"widget\" data-widget_type=\"heading.default\">\n\t\t\t\t\t<h4 class=\"elementor-heading-title elementor-size-default\">\u0627\u0644\u062a\u0645\u062b\u064a\u0644 \u0641\u064a \u0627\u0644\u0646\u0632\u0627\u0639\u0627\u062a \u0627\u0644\u0639\u0642\u0627\u0631\u064a\u0629<\/h4>\t\t\t\t<\/div>\n\t\t\t\t<div class=\"elementor-element elementor-element-b2c0735 elementor-widget elementor-widget-text-editor\" data-id=\"b2c0735\" data-element_type=\"widget\" data-e-type=\"widget\" data-widget_type=\"text-editor.default\">\n\t\t\t\t\t\t\t\t\t<p id=\"elementor-tab-title-9821\" class=\"elementor-tab-title elementor-active\" tabindex=\"0\" role=\"button\" data-tab=\"1\" aria-controls=\"elementor-tab-content-9821\" aria-expanded=\"true\" aria-selected=\"true\">\u0646\u062d\u0646 \u0646\u0642\u062f\u0645 \u062a\u0645\u062b\u064a\u0644\u064b\u0627 \u0642\u0648\u064a\u064b\u0627 \u0641\u064a \u0627\u0644\u0646\u0632\u0627\u0639\u0627\u062a \u0627\u0644\u0639\u0642\u0627\u0631\u064a\u0629\u060c \u0628\u0645\u0627 \u0641\u064a \u0630\u0644\u0643 \u0627\u0644\u0646\u0632\u0627\u0639\u0627\u062a \u0627\u0644\u0639\u0642\u0627\u0631\u064a\u0629\u060c \u0648\u0627\u0644\u0646\u0632\u0627\u0639\u0627\u062a \u0627\u0644\u0625\u064a\u062c\u0627\u0631\u064a\u0629\u060c \u0648\u0642\u0636\u0627\u064a\u0627 \u0627\u0644\u0645\u0644\u0643\u064a\u0629 \u0627\u0644\u0645\u0634\u062a\u0631\u0643\u0629.<\/p>\t\t\t\t\t\t\t\t<\/div>\n\t\t\t\t<\/div>\n\t\t\t\t<\/div>\n\t\t<div class=\"elementor-element elementor-element-44a8aea e-con-full e-flex elementor-invisible e-con e-child\" data-id=\"44a8aea\" data-element_type=\"container\" data-e-type=\"container\" data-settings=\"{&quot;animation&quot;:&quot;fadeInUp&quot;,&quot;animation_delay&quot;:400}\">\n\t\t<div class=\"elementor-element elementor-element-079f1be e-con-full e-flex e-con e-child\" data-id=\"079f1be\" data-element_type=\"container\" data-e-type=\"container\" data-settings=\"{&quot;background_background&quot;:&quot;classic&quot;}\">\n\t\t\t\t<div class=\"elementor-element elementor-element-9f6b79b elementor-view-default elementor-widget elementor-widget-icon\" data-id=\"9f6b79b\" data-element_type=\"widget\" data-e-type=\"widget\" data-widget_type=\"icon.default\">\n\t\t\t\t\t\t\t<div class=\"elementor-icon-wrapper\">\n\t\t\t<div class=\"elementor-icon\">\n\t\t\t<i aria-hidden=\"true\" class=\"icon icon-file-1\"><\/i>\t\t\t<\/div>\n\t\t<\/div>\n\t\t\t\t\t\t<\/div>\n\t\t\t\t<div class=\"elementor-element elementor-element-f93690c elementor-widget elementor-widget-heading\" data-id=\"f93690c\" data-element_type=\"widget\" data-e-type=\"widget\" data-widget_type=\"heading.default\">\n\t\t\t\t\t<h4 class=\"elementor-heading-title elementor-size-default\">\u062d\u0644 \u0646\u0632\u0627\u0639\u0627\u062a \u0627\u0644\u0645\u0644\u0643\u064a\u0629 \u0627\u0644\u0645\u0634\u062a\u0631\u0643\u0629<\/h4>\t\t\t\t<\/div>\n\t\t\t\t<div class=\"elementor-element elementor-element-fcf9413 elementor-widget elementor-widget-text-editor\" data-id=\"fcf9413\" data-element_type=\"widget\" data-e-type=\"widget\" data-widget_type=\"text-editor.default\">\n\t\t\t\t\t\t\t\t\t<p>\u0627\u0644\u0645\u0633\u0627\u0639\u062f\u0629 \u0641\u064a \u0625\u062f\u0627\u0631\u0629 \u0639\u0644\u0627\u0642\u0627\u062a \u0627\u0644\u0645\u0644\u0643\u064a\u0629 \u0627\u0644\u0645\u0634\u062a\u0631\u0643\u0629 \u0648\u062d\u0644 \u0627\u0644\u0646\u0632\u0627\u0639\u0627\u062a \u0628\u064a\u0646 \u0627\u0644\u0645\u0644\u0627\u0643 \u0623\u0648 \u0645\u0639 \u0645\u062f\u064a\u0631\u064a \u0627\u0644\u0639\u0642\u0627\u0631\u0627\u062a.<\/p>\t\t\t\t\t\t\t\t<\/div>\n\t\t\t\t<\/div>\n\t\t<div class=\"elementor-element elementor-element-8f02951 e-con-full e-flex e-con e-child\" data-id=\"8f02951\" data-element_type=\"container\" data-e-type=\"container\" data-settings=\"{&quot;background_background&quot;:&quot;classic&quot;}\">\n\t\t\t\t<div class=\"elementor-element elementor-element-b3c69d8 elementor-view-default elementor-widget elementor-widget-icon\" data-id=\"b3c69d8\" data-element_type=\"widget\" data-e-type=\"widget\" data-widget_type=\"icon.default\">\n\t\t\t\t\t\t\t<div class=\"elementor-icon-wrapper\">\n\t\t\t<div class=\"elementor-icon\">\n\t\t\t<i aria-hidden=\"true\" class=\"icon icon-file-1\"><\/i>\t\t\t<\/div>\n\t\t<\/div>\n\t\t\t\t\t\t<\/div>\n\t\t\t\t<div class=\"elementor-element elementor-element-c89505e elementor-widget elementor-widget-heading\" data-id=\"c89505e\" data-element_type=\"widget\" data-e-type=\"widget\" data-widget_type=\"heading.default\">\n\t\t\t\t\t<h4 class=\"elementor-heading-title elementor-size-default\">\u0627\u0644\u062f\u0639\u0645 \u0627\u0644\u0642\u0627\u0646\u0648\u0646\u064a \u0644\u062a\u0646\u0638\u064a\u0645 \u0627\u0644\u0623\u0631\u0627\u0636\u064a<\/h4>\t\t\t\t<\/div>\n\t\t\t\t<div class=\"elementor-element elementor-element-1f321ac elementor-widget elementor-widget-text-editor\" data-id=\"1f321ac\" data-element_type=\"widget\" data-e-type=\"widget\" data-widget_type=\"text-editor.default\">\n\t\t\t\t\t\t\t\t\t<p>\u0627\u0644\u0645\u0633\u0627\u0639\u062f\u0629 \u0641\u064a \u0625\u062c\u0631\u0627\u0621\u0627\u062a \u062a\u0646\u0638\u064a\u0645 \u0627\u0644\u0623\u0631\u0627\u0636\u064a \u0644\u0636\u0645\u0627\u0646 \u0627\u0644\u0645\u0644\u0643\u064a\u0629 \u0648\u062a\u0648\u0636\u064a\u062d \u0633\u0646\u062f\u0627\u062a \u0627\u0644\u0645\u0644\u0643\u064a\u0629.<\/p>\t\t\t\t\t\t\t\t<\/div>\n\t\t\t\t<\/div>\n\t\t\t\t<\/div>\n\t\t\t\t<\/div>\n\t\t\t\t\t<\/div>\n\t\t\t\t<\/div>\n\t\t\t\t<\/div>\n\t\t\n    <div class=\"xs_social_share_widget xs_share_url after_content \t\tmain_content  wslu-style-1 wslu-share-box-shaped wslu-fill-colored wslu-none wslu-share-horizontal wslu-theme-font-no wslu-main_content\">\n\n\t\t\n        <ul>\n\t\t\t        <\/ul>\n    <\/div>","protected":false},"excerpt":{"rendered":"<p>Droit immobilier Situ\u00e9 \u00e0 Sal\u00e9, MAITRE ENNAJAH KHADIJA propose une palette exhaustive de services juridiques en mati\u00e8re d&rsquo;immobilier, en apportant des r\u00e9ponses adapt\u00e9es aux promoteurs, investisseurs, propri\u00e9taires et locataires confront\u00e9s \u00e0 des enjeux ou litiges immobiliers au Maroc. Solutions Juridiques Innovantes en Droit Immobilier Nous vous invitons \u00e0 explorer la section d\u00e9di\u00e9e au Droit Immobilier [&hellip;]<\/p>","protected":false},"author":1,"featured_media":0,"parent":0,"menu_order":0,"comment_status":"closed","ping_status":"closed","template":"elementor_header_footer","meta":{"postBodyCss":"","postBodyMargin":[],"postBodyPadding":[],"postBodyBackground":{"backgroundType":"classic","gradient":""},"footnotes":""},"class_list":["post-176","page","type-page","status-publish","hentry"],"rttpg_featured_image_url":null,"rttpg_author":{"display_name":"Maitreennajah","author_link":"https:\/\/www.maitreennajah.com\/ar\/author\/takafilawfirm\/"},"rttpg_comment":0,"rttpg_category":null,"rttpg_excerpt":"Droit immobilier Situ\u00e9 \u00e0 Sal\u00e9, MAITRE ENNAJAH KHADIJA propose une palette exhaustive de services juridiques en mati\u00e8re d&rsquo;immobilier, en apportant des r\u00e9ponses adapt\u00e9es aux promoteurs, investisseurs, propri\u00e9taires et locataires confront\u00e9s \u00e0 des enjeux ou litiges immobiliers au Maroc. Solutions Juridiques Innovantes en Droit Immobilier Nous vous invitons \u00e0 explorer la section d\u00e9di\u00e9e au Droit Immobilier&hellip;","_links":{"self":[{"href":"https:\/\/www.maitreennajah.com\/ar\/wp-json\/wp\/v2\/pages\/176","targetHints":{"allow":["GET"]}}],"collection":[{"href":"https:\/\/www.maitreennajah.com\/ar\/wp-json\/wp\/v2\/pages"}],"about":[{"href":"https:\/\/www.maitreennajah.com\/ar\/wp-json\/wp\/v2\/types\/page"}],"author":[{"embeddable":true,"href":"https:\/\/www.maitreennajah.com\/ar\/wp-json\/wp\/v2\/users\/1"}],"replies":[{"embeddable":true,"href":"https:\/\/www.maitreennajah.com\/ar\/wp-json\/wp\/v2\/comments?post=176"}],"version-history":[{"count":13,"href":"https:\/\/www.maitreennajah.com\/ar\/wp-json\/wp\/v2\/pages\/176\/revisions"}],"predecessor-version":[{"id":1684,"href":"https:\/\/www.maitreennajah.com\/ar\/wp-json\/wp\/v2\/pages\/176\/revisions\/1684"}],"wp:attachment":[{"href":"https:\/\/www.maitreennajah.com\/ar\/wp-json\/wp\/v2\/media?parent=176"}],"curies":[{"name":"wp","href":"https:\/\/api.w.org\/{rel}","templated":true}]}}