{"id":178,"date":"2025-10-22T06:39:36","date_gmt":"2025-10-22T06:39:36","guid":{"rendered":"https:\/\/www.maitreennajah.com\/?page_id=178"},"modified":"2026-01-10T08:38:35","modified_gmt":"2026-01-10T08:38:35","slug":"droit-des-societes","status":"publish","type":"page","link":"https:\/\/www.maitreennajah.com\/ar\/droit-des-societes\/","title":{"rendered":"\u0642\u0627\u0646\u0648\u0646 \u0627\u0644\u0634\u0631\u0643\u0627\u062a"},"content":{"rendered":"<div data-elementor-type=\"wp-page\" data-elementor-id=\"178\" class=\"elementor elementor-178\">\n\t\t\t\t<div class=\"elementor-element elementor-element-fbf31e0 e-flex e-con-boxed e-con e-parent\" data-id=\"fbf31e0\" data-element_type=\"container\" data-e-type=\"container\" data-settings=\"{&quot;background_background&quot;:&quot;classic&quot;}\">\n\t\t\t\t\t<div class=\"e-con-inner\">\n\t\t<div class=\"elementor-element elementor-element-4b16ae5 e-con-full e-flex e-con e-child\" data-id=\"4b16ae5\" data-element_type=\"container\" data-e-type=\"container\">\n\t\t\t\t<div class=\"elementor-element elementor-element-a93ee83 elementor-widget elementor-widget-heading\" data-id=\"a93ee83\" data-element_type=\"widget\" data-e-type=\"widget\" data-widget_type=\"heading.default\">\n\t\t\t\t\t<h2 class=\"elementor-heading-title elementor-size-default\">\u0642\u0627\u0646\u0648\u0646 \u0627\u0644\u0634\u0631\u0643\u0627\u062a<\/h2>\t\t\t\t<\/div>\n\t\t\t\t<div class=\"elementor-element elementor-element-d7a6766 elementor-widget elementor-widget-text-editor\" data-id=\"d7a6766\" data-element_type=\"widget\" data-e-type=\"widget\" data-widget_type=\"text-editor.default\">\n\t\t\t\t\t\t\t\t\t<p>\u0641\u064a \u0645\u0643\u062a\u0628 \u0627\u0644\u0623\u0633\u062a\u0627\u0630\u0629 \u0627\u0644\u0646\u062c\u0627\u062d \u062e\u062f\u064a\u062c\u0629\u060c \u0627\u0644\u0643\u0627\u0626\u0646 \u0641\u064a \u0645\u062f\u064a\u0646\u0629 \u0633\u0644\u0627\u060c \u0646\u062d\u0646 \u0645\u0644\u062a\u0632\u0645\u0648\u0646 \u0628\u062a\u0642\u062f\u064a\u0645 \u062e\u062f\u0645\u0627\u062a \u0642\u0627\u0646\u0648\u0646\u064a\u0629 \u0645\u0646 \u0627\u0644\u062f\u0631\u062c\u0629 \u0627\u0644\u0623\u0648\u0644\u0649 \u0641\u064a \u0645\u062c\u0627\u0644 \u0642\u0627\u0646\u0648\u0646 \u0627\u0644\u0634\u0631\u0643\u0627\u062a.<\/p>\t\t\t\t\t\t\t\t<\/div>\n\t\t\t\t<\/div>\n\t\t\t\t\t<\/div>\n\t\t\t\t<\/div>\n\t\t<div class=\"elementor-element elementor-element-e20467d e-flex e-con-boxed e-con e-parent\" data-id=\"e20467d\" data-element_type=\"container\" data-e-type=\"container\">\n\t\t\t\t\t<div class=\"e-con-inner\">\n\t\t<div class=\"elementor-element elementor-element-b803e08 e-con-full e-flex elementor-invisible e-con e-child\" data-id=\"b803e08\" data-element_type=\"container\" data-e-type=\"container\" data-settings=\"{&quot;background_background&quot;:&quot;classic&quot;,&quot;animation&quot;:&quot;fadeInUp&quot;,&quot;animation_delay&quot;:200}\">\n\t\t\t\t<\/div>\n\t\t<div class=\"elementor-element elementor-element-85087db e-con-full e-flex elementor-invisible e-con e-child\" data-id=\"85087db\" data-element_type=\"container\" data-e-type=\"container\" data-settings=\"{&quot;background_background&quot;:&quot;classic&quot;,&quot;animation&quot;:&quot;fadeInUp&quot;}\">\n\t\t\t\t<div class=\"elementor-element elementor-element-0992026 elementor-widget elementor-widget-heading\" data-id=\"0992026\" data-element_type=\"widget\" data-e-type=\"widget\" data-widget_type=\"heading.default\">\n\t\t\t\t\t<h3 class=\"elementor-heading-title elementor-size-default\">\u062e\u0628\u0631\u0627\u0621 \u0627\u0644\u062e\u062f\u0645\u0627\u062a \u0627\u0644\u0642\u0627\u0646\u0648\u0646\u064a\u0629 \u0641\u064a \u0642\u0627\u0646\u0648\u0646 \u0627\u0644\u0634\u0631\u0643\u0627\u062a\n<\/h3>\t\t\t\t<\/div>\n\t\t\t\t<div class=\"elementor-element elementor-element-760ac9f elementor-widget-divider--view-line elementor-widget elementor-widget-divider\" data-id=\"760ac9f\" data-element_type=\"widget\" data-e-type=\"widget\" data-widget_type=\"divider.default\">\n\t\t\t\t\t\t\t<div class=\"elementor-divider\">\n\t\t\t<span class=\"elementor-divider-separator\">\n\t\t\t\t\t\t<\/span>\n\t\t<\/div>\n\t\t\t\t\t\t<\/div>\n\t\t\t\t<div class=\"elementor-element elementor-element-b62d0f9 elementor-widget elementor-widget-text-editor\" data-id=\"b62d0f9\" data-element_type=\"widget\" data-e-type=\"widget\" data-widget_type=\"text-editor.default\">\n\t\t\t\t\t\t\t\t\t<p>\u064a\u0642\u062f\u0645 \u0645\u0643\u062a\u0628 \u0627\u0644\u0623\u0633\u062a\u0627\u0630\u0629 \u0627\u0644\u0646\u062c\u0627\u062d \u062e\u062f\u064a\u062c\u0629 \u062e\u0628\u0631\u0629 \u0645\u062a\u0637\u0648\u0631\u0629 \u0641\u064a \u0642\u0627\u0646\u0648\u0646 \u0627\u0644\u0634\u0631\u0643\u0627\u062a\u060c \u0645\u0648\u062c\u0647\u0629 \u0644\u0644\u0634\u0631\u0643\u0627\u062a \u0645\u0646 \u062c\u0645\u064a\u0639 \u0627\u0644\u0623\u062d\u062c\u0627\u0645\u060c \u0645\u0646 \u0627\u0644\u0634\u0631\u0643\u0627\u062a \u0627\u0644\u0646\u0627\u0634\u0626\u0629 \u0625\u0644\u0649 \u0627\u0644\u0634\u0631\u0643\u0627\u062a \u0645\u062a\u0639\u062f\u062f\u0629 \u0627\u0644\u062c\u0646\u0633\u064a\u0627\u062a.<\/p><p>\u0646\u0642\u062f\u0645 \u0645\u062c\u0645\u0648\u0639\u0629 \u0648\u0627\u0633\u0639\u0629 \u0645\u0646 \u0627\u0644\u062e\u062f\u0645\u0627\u062a \u0627\u0644\u0642\u0627\u0646\u0648\u0646\u064a\u0629\u060c \u062a\u0634\u0645\u0644 \u062a\u0623\u0633\u064a\u0633 \u0627\u0644\u0634\u0631\u0643\u0627\u062a\u060c \u0648\u062a\u0633\u0648\u064a\u0629 \u0627\u0644\u0645\u0646\u0627\u0632\u0639\u0627\u062a \u0627\u0644\u062a\u062c\u0627\u0631\u064a\u0629\u060c \u0648\u062d\u0648\u0643\u0645\u0629 \u0627\u0644\u0634\u0631\u0643\u0627\u062a\u060c \u0648\u0639\u0645\u0644\u064a\u0627\u062a \u0627\u0644\u0627\u0646\u062f\u0645\u0627\u062c \u0648\u0627\u0644\u0627\u0633\u062a\u062d\u0648\u0627\u0630.<\/p><p>\u0646\u062d\u0646 \u0646\u0641\u0636\u0644 \u0627\u062a\u0628\u0627\u0639 \u0627\u0633\u062a\u0631\u0627\u062a\u064a\u062c\u064a\u0629 \u0645\u0635\u0645\u0645\u0629 \u062e\u0635\u064a\u0635\u0627\u064b \u0641\u064a \u0646\u0635\u0627\u0626\u062d\u0646\u0627 \u0644\u0636\u0645\u0627\u0646 \u0627\u0644\u0627\u0645\u062a\u062b\u0627\u0644 \u0644\u0644\u0642\u0648\u0627\u0646\u064a\u0646 \u0627\u0644\u0645\u063a\u0631\u0628\u064a\u0629\u060c \u0645\u0639 \u062f\u0639\u0645 \u0627\u0644\u0623\u0647\u062f\u0627\u0641 \u0627\u0644\u062a\u062c\u0627\u0631\u064a\u0629 \u0644\u0639\u0645\u0644\u0627\u0626\u0646\u0627.<\/p>\t\t\t\t\t\t\t\t<\/div>\n\t\t\t\t<\/div>\n\t\t\t\t\t<\/div>\n\t\t\t\t<\/div>\n\t\t<div class=\"elementor-element elementor-element-af14429 e-flex e-con-boxed e-con e-parent\" data-id=\"af14429\" data-element_type=\"container\" data-e-type=\"container\" data-settings=\"{&quot;background_background&quot;:&quot;classic&quot;}\">\n\t\t\t\t\t<div class=\"e-con-inner\">\n\t\t<div class=\"elementor-element elementor-element-ca4f4e1 e-con-full e-flex e-con e-child\" data-id=\"ca4f4e1\" data-element_type=\"container\" data-e-type=\"container\">\n\t\t\t\t<div class=\"elementor-element elementor-element-eae6dd2 elementor-invisible elementor-widget elementor-widget-heading\" data-id=\"eae6dd2\" data-element_type=\"widget\" data-e-type=\"widget\" data-settings=\"{&quot;_animation&quot;:&quot;fadeIn&quot;,&quot;_animation_delay&quot;:200}\" data-widget_type=\"heading.default\">\n\t\t\t\t\t<h3 class=\"elementor-heading-title elementor-size-default\">\u062e\u062f\u0645\u0627\u062a\u0646\u0627 \u0627\u0644\u0642\u0627\u0646\u0648\u0646\u064a\u0629 \u0644\u0644\u0634\u0631\u0643\u0627\u062a\n<\/h3>\t\t\t\t<\/div>\n\t\t\t\t<div class=\"elementor-element elementor-element-8ea009a elementor-widget-divider--view-line elementor-invisible elementor-widget elementor-widget-divider\" data-id=\"8ea009a\" data-element_type=\"widget\" data-e-type=\"widget\" data-settings=\"{&quot;_animation&quot;:&quot;fadeIn&quot;,&quot;_animation_delay&quot;:400}\" data-widget_type=\"divider.default\">\n\t\t\t\t\t\t\t<div class=\"elementor-divider\">\n\t\t\t<span class=\"elementor-divider-separator\">\n\t\t\t\t\t\t<\/span>\n\t\t<\/div>\n\t\t\t\t\t\t<\/div>\n\t\t<div class=\"elementor-element elementor-element-65db120 e-con-full e-flex elementor-invisible e-con e-child\" data-id=\"65db120\" data-element_type=\"container\" data-e-type=\"container\" data-settings=\"{&quot;animation&quot;:&quot;fadeInUp&quot;,&quot;animation_delay&quot;:400}\">\n\t\t<div class=\"elementor-element elementor-element-5243117 e-con-full e-flex e-con e-child\" data-id=\"5243117\" data-element_type=\"container\" data-e-type=\"container\" data-settings=\"{&quot;background_background&quot;:&quot;classic&quot;}\">\n\t\t\t\t<div class=\"elementor-element elementor-element-b1b39b0 elementor-view-default elementor-widget elementor-widget-icon\" data-id=\"b1b39b0\" data-element_type=\"widget\" data-e-type=\"widget\" data-widget_type=\"icon.default\">\n\t\t\t\t\t\t\t<div class=\"elementor-icon-wrapper\">\n\t\t\t<div class=\"elementor-icon\">\n\t\t\t<i aria-hidden=\"true\" class=\"icon icon-chat-1\"><\/i>\t\t\t<\/div>\n\t\t<\/div>\n\t\t\t\t\t\t<\/div>\n\t\t\t\t<div class=\"elementor-element elementor-element-a83f5e9 elementor-widget elementor-widget-heading\" data-id=\"a83f5e9\" data-element_type=\"widget\" data-e-type=\"widget\" data-widget_type=\"heading.default\">\n\t\t\t\t\t<h4 class=\"elementor-heading-title elementor-size-default\">\u062a\u0623\u0633\u064a\u0633 \u0648\u062a\u0633\u062c\u064a\u0644 \u0627\u0644\u0634\u0631\u0643\u0627\u062a<\/h4>\t\t\t\t<\/div>\n\t\t\t\t<div class=\"elementor-element elementor-element-f35419d elementor-widget elementor-widget-text-editor\" data-id=\"f35419d\" data-element_type=\"widget\" data-e-type=\"widget\" data-widget_type=\"text-editor.default\">\n\t\t\t\t\t\t\t\t\t<p id=\"elementor-tab-title-1181\" class=\"elementor-tab-title elementor-active\" tabindex=\"0\" role=\"button\" data-tab=\"1\" aria-controls=\"elementor-tab-content-1181\" aria-expanded=\"true\" aria-selected=\"true\">\u0627\u0644\u0645\u0633\u0627\u0639\u062f\u0629 \u0641\u064a \u0625\u0646\u0634\u0627\u0621 \u0627\u0644\u0634\u0631\u0643\u0627\u062a\u060c \u0628\u0645\u0627 \u0641\u064a \u0630\u0644\u0643 \u0635\u064a\u0627\u063a\u0629 \u0627\u0644\u0646\u0638\u0627\u0645 \u0627\u0644\u0623\u0633\u0627\u0633\u064a\u060c \u0648\u0627\u0644\u062a\u0633\u062c\u064a\u0644 \u0641\u064a \u0627\u0644\u0633\u062c\u0644 \u0627\u0644\u062a\u062c\u0627\u0631\u064a \u0648\u0627\u0644\u0627\u0645\u062a\u062b\u0627\u0644 \u0644\u0644\u0627\u0644\u062a\u0632\u0627\u0645\u0627\u062a \u0627\u0644\u0642\u0627\u0646\u0648\u0646\u064a\u0629 \u0627\u0644\u0645\u063a\u0631\u0628\u064a\u0629.<\/p>\t\t\t\t\t\t\t\t<\/div>\n\t\t\t\t<\/div>\n\t\t<div class=\"elementor-element elementor-element-059baeb e-con-full e-flex e-con e-child\" data-id=\"059baeb\" data-element_type=\"container\" data-e-type=\"container\" data-settings=\"{&quot;background_background&quot;:&quot;classic&quot;}\">\n\t\t\t\t<div class=\"elementor-element elementor-element-aa3feeb elementor-view-default elementor-widget elementor-widget-icon\" data-id=\"aa3feeb\" data-element_type=\"widget\" data-e-type=\"widget\" data-widget_type=\"icon.default\">\n\t\t\t\t\t\t\t<div class=\"elementor-icon-wrapper\">\n\t\t\t<div class=\"elementor-icon\">\n\t\t\t<i aria-hidden=\"true\" class=\"icon icon-eraser\"><\/i>\t\t\t<\/div>\n\t\t<\/div>\n\t\t\t\t\t\t<\/div>\n\t\t\t\t<div class=\"elementor-element elementor-element-4a0e33c elementor-widget elementor-widget-heading\" data-id=\"4a0e33c\" data-element_type=\"widget\" data-e-type=\"widget\" data-widget_type=\"heading.default\">\n\t\t\t\t\t<h4 class=\"elementor-heading-title elementor-size-default\">\u0627\u0644\u062d\u0648\u0643\u0645\u0629 \u0648\u0627\u0644\u0627\u0645\u062a\u062b\u0627\u0644<\/h4>\t\t\t\t<\/div>\n\t\t\t\t<div class=\"elementor-element elementor-element-3ca373b elementor-widget elementor-widget-text-editor\" data-id=\"3ca373b\" data-element_type=\"widget\" data-e-type=\"widget\" data-widget_type=\"text-editor.default\">\n\t\t\t\t\t\t\t\t\t<p id=\"elementor-tab-title-9821\" class=\"elementor-tab-title elementor-active\" tabindex=\"0\" role=\"button\" data-tab=\"1\" aria-controls=\"elementor-tab-content-9821\" aria-expanded=\"true\" aria-selected=\"true\">- \u062a\u0642\u062f\u064a\u0645 \u0627\u0644\u0645\u0634\u0648\u0631\u0629 \u0628\u0634\u0623\u0646 \u0628\u0646\u064a\u0629 \u062d\u0648\u0643\u0645\u0629 \u0627\u0644\u0634\u0631\u0643\u0627\u062a \u0648\u0645\u0633\u0624\u0648\u0644\u064a\u0627\u062a \u0627\u0644\u0625\u062f\u0627\u0631\u0629 \u0648\u062a\u0646\u0641\u064a\u0630 \u0633\u064a\u0627\u0633\u0627\u062a \u0627\u0644\u0627\u0645\u062a\u062b\u0627\u0644 \u0648\u0641\u0642\u064b\u0627 \u0644\u0644\u0645\u0639\u0627\u064a\u064a\u0631 \u0627\u0644\u0645\u063a\u0631\u0628\u064a\u0629.<\/p>\t\t\t\t\t\t\t\t<\/div>\n\t\t\t\t<\/div>\n\t\t\t\t<\/div>\n\t\t<div class=\"elementor-element elementor-element-df50655 e-con-full e-flex elementor-invisible e-con e-child\" data-id=\"df50655\" data-element_type=\"container\" data-e-type=\"container\" data-settings=\"{&quot;animation&quot;:&quot;fadeInUp&quot;,&quot;animation_delay&quot;:400}\">\n\t\t<div class=\"elementor-element elementor-element-ef7ca21 e-con-full e-flex e-con e-child\" data-id=\"ef7ca21\" data-element_type=\"container\" data-e-type=\"container\" data-settings=\"{&quot;background_background&quot;:&quot;classic&quot;}\">\n\t\t\t\t<div class=\"elementor-element elementor-element-ea6e89b elementor-view-default elementor-widget elementor-widget-icon\" data-id=\"ea6e89b\" data-element_type=\"widget\" data-e-type=\"widget\" data-widget_type=\"icon.default\">\n\t\t\t\t\t\t\t<div class=\"elementor-icon-wrapper\">\n\t\t\t<div class=\"elementor-icon\">\n\t\t\t<i aria-hidden=\"true\" class=\"icon icon-file-1\"><\/i>\t\t\t<\/div>\n\t\t<\/div>\n\t\t\t\t\t\t<\/div>\n\t\t\t\t<div class=\"elementor-element elementor-element-24ea2c4 elementor-widget elementor-widget-heading\" data-id=\"24ea2c4\" data-element_type=\"widget\" data-e-type=\"widget\" data-widget_type=\"heading.default\">\n\t\t\t\t\t<h4 class=\"elementor-heading-title elementor-size-default\">\u0639\u0645\u0644\u064a\u0627\u062a \u0627\u0644\u062f\u0645\u062c \u0648\u0627\u0644\u0627\u0633\u062a\u062d\u0648\u0627\u0630 <\/h4>\t\t\t\t<\/div>\n\t\t\t\t<div class=\"elementor-element elementor-element-1658fbb elementor-widget elementor-widget-text-editor\" data-id=\"1658fbb\" data-element_type=\"widget\" data-e-type=\"widget\" data-widget_type=\"text-editor.default\">\n\t\t\t\t\t\t\t\t\t<p>\u0627\u0644\u0645\u0633\u0627\u0639\u062f\u0629 \u0623\u062b\u0646\u0627\u0621 \u0639\u0645\u0644\u064a\u0627\u062a \u0627\u0644\u062f\u0645\u062c \u0648\u0627\u0644\u0627\u0633\u062a\u062d\u0648\u0627\u0630\u060c \u0628\u0645\u0627 \u0641\u064a \u0630\u0644\u0643 \u0627\u0644\u062a\u062d\u0642\u0642 \u0627\u0644\u062f\u0642\u064a\u0642 \u0648\u0627\u0644\u062a\u0641\u0627\u0648\u0636 \u0648\u0635\u064a\u0627\u063a\u0629 \u0627\u0644\u0639\u0642\u0648\u062f\u060c \u0645\u0639 \u0636\u0645\u0627\u0646 \u0627\u0644\u0627\u0645\u062a\u062b\u0627\u0644 \u0644\u0644\u0642\u0648\u0627\u0646\u064a\u0646 \u0627\u0644\u0645\u063a\u0631\u0628\u064a\u0629 \u0627\u0644\u0645\u0639\u0645\u0648\u0644 \u0628\u0647\u0627.<\/p>\t\t\t\t\t\t\t\t<\/div>\n\t\t\t\t<\/div>\n\t\t<div class=\"elementor-element elementor-element-21ee462 e-con-full e-flex e-con e-child\" data-id=\"21ee462\" data-element_type=\"container\" data-e-type=\"container\" data-settings=\"{&quot;background_background&quot;:&quot;classic&quot;}\">\n\t\t\t\t<div class=\"elementor-element elementor-element-30384e0 elementor-view-default elementor-widget elementor-widget-icon\" data-id=\"30384e0\" data-element_type=\"widget\" data-e-type=\"widget\" data-widget_type=\"icon.default\">\n\t\t\t\t\t\t\t<div class=\"elementor-icon-wrapper\">\n\t\t\t<div class=\"elementor-icon\">\n\t\t\t<i aria-hidden=\"true\" class=\"icon icon-file-1\"><\/i>\t\t\t<\/div>\n\t\t<\/div>\n\t\t\t\t\t\t<\/div>\n\t\t\t\t<div class=\"elementor-element elementor-element-22be1a6 elementor-widget elementor-widget-heading\" data-id=\"22be1a6\" data-element_type=\"widget\" data-e-type=\"widget\" data-widget_type=\"heading.default\">\n\t\t\t\t\t<h4 class=\"elementor-heading-title elementor-size-default\">\u0625\u0639\u0627\u062f\u0629 \u0647\u064a\u0643\u0644\u0629 \u0627\u0644\u0634\u0631\u0643\u0627\u062a<\/h4>\t\t\t\t<\/div>\n\t\t\t\t<div class=\"elementor-element elementor-element-1df4241 elementor-widget elementor-widget-text-editor\" data-id=\"1df4241\" data-element_type=\"widget\" data-e-type=\"widget\" data-widget_type=\"text-editor.default\">\n\t\t\t\t\t\t\t\t\t<p>\u0627\u0644\u0645\u0633\u0627\u0639\u062f\u0629 \u0641\u064a \u0625\u062c\u0631\u0627\u0621\u0627\u062a \u0625\u0639\u0627\u062f\u0629 \u0627\u0644\u062a\u0646\u0638\u064a\u0645\u060c \u0628\u0645\u0627 \u0641\u064a \u0630\u0644\u0643 \u062a\u062e\u0641\u064a\u0636 \u0631\u0623\u0633 \u0627\u0644\u0645\u0627\u0644\u060c \u0648\u062a\u062d\u0648\u064a\u0644 \u0627\u0644\u0623\u0639\u0645\u0627\u0644 \u0648\u0627\u0644\u062d\u0644\u060c \u0648\u0641\u0642\u0627 \u0644\u0644\u0625\u0637\u0627\u0631 \u0627\u0644\u0642\u0627\u0646\u0648\u0646\u064a \u0627\u0644\u0645\u063a\u0631\u0628\u064a.<\/p>\t\t\t\t\t\t\t\t<\/div>\n\t\t\t\t<\/div>\n\t\t\t\t<\/div>\n\t\t<div class=\"elementor-element elementor-element-12c5f05 e-con-full e-flex elementor-invisible e-con e-child\" data-id=\"12c5f05\" data-element_type=\"container\" data-e-type=\"container\" data-settings=\"{&quot;animation&quot;:&quot;fadeInUp&quot;,&quot;animation_delay&quot;:400}\">\n\t\t<div class=\"elementor-element elementor-element-8cdeb30 e-con-full e-flex e-con e-child\" data-id=\"8cdeb30\" data-element_type=\"container\" data-e-type=\"container\" data-settings=\"{&quot;background_background&quot;:&quot;classic&quot;}\">\n\t\t\t\t<div class=\"elementor-element elementor-element-76ddb7d elementor-view-default elementor-widget elementor-widget-icon\" data-id=\"76ddb7d\" data-element_type=\"widget\" data-e-type=\"widget\" data-widget_type=\"icon.default\">\n\t\t\t\t\t\t\t<div class=\"elementor-icon-wrapper\">\n\t\t\t<div class=\"elementor-icon\">\n\t\t\t<i aria-hidden=\"true\" class=\"icon icon-file-1\"><\/i>\t\t\t<\/div>\n\t\t<\/div>\n\t\t\t\t\t\t<\/div>\n\t\t\t\t<div class=\"elementor-element elementor-element-97f026d elementor-widget elementor-widget-heading\" data-id=\"97f026d\" data-element_type=\"widget\" data-e-type=\"widget\" data-widget_type=\"heading.default\">\n\t\t\t\t\t<h4 class=\"elementor-heading-title elementor-size-default\">\u062d\u0644 \u0627\u0644\u0646\u0632\u0627\u0639\u0627\u062a \u0627\u0644\u062a\u062c\u0627\u0631\u064a\u0629<\/h4>\t\t\t\t<\/div>\n\t\t\t\t<div class=\"elementor-element elementor-element-25e22f8 elementor-widget elementor-widget-text-editor\" data-id=\"25e22f8\" data-element_type=\"widget\" data-e-type=\"widget\" data-widget_type=\"text-editor.default\">\n\t\t\t\t\t\t\t\t\t<p>\u0627\u0644\u062a\u062f\u062e\u0644 \u0641\u064a \u0627\u0644\u0646\u0632\u0627\u0639\u0627\u062a \u0648\u0627\u0644\u062e\u0644\u0627\u0641\u0627\u062a \u0627\u0644\u062a\u062c\u0627\u0631\u064a\u0629 \u0628\u064a\u0646 \u0627\u0644\u0645\u0633\u0627\u0647\u0645\u064a\u0646 \u0645\u0639 \u0627\u062d\u062a\u0631\u0627\u0645 \u0627\u0644\u0645\u0639\u0627\u064a\u064a\u0631 \u0648\u0627\u0644\u062a\u0634\u0631\u064a\u0639\u0627\u062a \u0627\u0644\u0645\u063a\u0631\u0628\u064a\u0629.<\/p>\t\t\t\t\t\t\t\t<\/div>\n\t\t\t\t<\/div>\n\t\t\t\t<\/div>\n\t\t\t\t<\/div>\n\t\t\t\t\t<\/div>\n\t\t\t\t<\/div>\n\t\t\t\t<\/div>\n\t\t\n    <div class=\"xs_social_share_widget xs_share_url after_content \t\tmain_content  wslu-style-1 wslu-share-box-shaped wslu-fill-colored wslu-none wslu-share-horizontal wslu-theme-font-no wslu-main_content\">\n\n\t\t\n        <ul>\n\t\t\t        <\/ul>\n    <\/div>","protected":false},"excerpt":{"rendered":"<p>Droit des soci\u00e9t\u00e9s Chez MAITRE ENNAJAH KHADIJA, situ\u00e9 \u00e0 Sal\u00e9, nous nous engageons \u00e0 offrir des services juridiques de premier ordre dans le domaine du droit des soci\u00e9t\u00e9s. Services Juridiques Experts en Droit des Soci\u00e9t\u00e9s MAITRE ENNAJAH KHADIJA offre une expertise pointue en droit des soci\u00e9t\u00e9s, destin\u00e9e aux entreprises de toutes tailles, des startups aux [&hellip;]<\/p>","protected":false},"author":1,"featured_media":0,"parent":0,"menu_order":0,"comment_status":"closed","ping_status":"closed","template":"elementor_header_footer","meta":{"postBodyCss":"","postBodyMargin":[],"postBodyPadding":[],"postBodyBackground":{"backgroundType":"classic","gradient":""},"footnotes":""},"class_list":["post-178","page","type-page","status-publish","hentry"],"rttpg_featured_image_url":null,"rttpg_author":{"display_name":"Maitreennajah","author_link":"https:\/\/www.maitreennajah.com\/ar\/author\/takafilawfirm\/"},"rttpg_comment":0,"rttpg_category":null,"rttpg_excerpt":"Droit des soci\u00e9t\u00e9s Chez MAITRE ENNAJAH KHADIJA, situ\u00e9 \u00e0 Sal\u00e9, nous nous engageons \u00e0 offrir des services juridiques de premier ordre dans le domaine du droit des soci\u00e9t\u00e9s. Services Juridiques Experts en Droit des Soci\u00e9t\u00e9s MAITRE ENNAJAH KHADIJA offre une expertise pointue en droit des soci\u00e9t\u00e9s, destin\u00e9e aux entreprises de toutes tailles, des startups aux&hellip;","_links":{"self":[{"href":"https:\/\/www.maitreennajah.com\/ar\/wp-json\/wp\/v2\/pages\/178","targetHints":{"allow":["GET"]}}],"collection":[{"href":"https:\/\/www.maitreennajah.com\/ar\/wp-json\/wp\/v2\/pages"}],"about":[{"href":"https:\/\/www.maitreennajah.com\/ar\/wp-json\/wp\/v2\/types\/page"}],"author":[{"embeddable":true,"href":"https:\/\/www.maitreennajah.com\/ar\/wp-json\/wp\/v2\/users\/1"}],"replies":[{"embeddable":true,"href":"https:\/\/www.maitreennajah.com\/ar\/wp-json\/wp\/v2\/comments?post=178"}],"version-history":[{"count":22,"href":"https:\/\/www.maitreennajah.com\/ar\/wp-json\/wp\/v2\/pages\/178\/revisions"}],"predecessor-version":[{"id":1690,"href":"https:\/\/www.maitreennajah.com\/ar\/wp-json\/wp\/v2\/pages\/178\/revisions\/1690"}],"wp:attachment":[{"href":"https:\/\/www.maitreennajah.com\/ar\/wp-json\/wp\/v2\/media?parent=178"}],"curies":[{"name":"wp","href":"https:\/\/api.w.org\/{rel}","templated":true}]}}