{"id":180,"date":"2025-10-22T06:40:07","date_gmt":"2025-10-22T06:40:07","guid":{"rendered":"https:\/\/www.maitreennajah.com\/?page_id=180"},"modified":"2026-01-10T08:10:58","modified_gmt":"2026-01-10T08:10:58","slug":"droit-bancaire","status":"publish","type":"page","link":"https:\/\/www.maitreennajah.com\/ar\/droit-bancaire\/","title":{"rendered":"\u0627\u0644\u0642\u0627\u0646\u0648\u0646 \u0627\u0644\u0645\u0635\u0631\u0641\u064a"},"content":{"rendered":"<div data-elementor-type=\"wp-page\" data-elementor-id=\"180\" class=\"elementor elementor-180\">\n\t\t\t\t<div class=\"elementor-element elementor-element-c2b9a00 e-flex e-con-boxed e-con e-parent\" data-id=\"c2b9a00\" data-element_type=\"container\" data-e-type=\"container\" data-settings=\"{&quot;background_background&quot;:&quot;classic&quot;}\">\n\t\t\t\t\t<div class=\"e-con-inner\">\n\t\t<div class=\"elementor-element elementor-element-53a7002 e-con-full e-flex e-con e-child\" data-id=\"53a7002\" data-element_type=\"container\" data-e-type=\"container\">\n\t\t\t\t<div class=\"elementor-element elementor-element-6b67c9f elementor-widget elementor-widget-heading\" data-id=\"6b67c9f\" data-element_type=\"widget\" data-e-type=\"widget\" data-widget_type=\"heading.default\">\n\t\t\t\t\t<h2 class=\"elementor-heading-title elementor-size-default\">\u0627\u0644\u0642\u0627\u0646\u0648\u0646 \u0627\u0644\u0645\u0635\u0631\u0641\u064a<\/h2>\t\t\t\t<\/div>\n\t\t\t\t<div class=\"elementor-element elementor-element-b477011 elementor-widget elementor-widget-text-editor\" data-id=\"b477011\" data-element_type=\"widget\" data-e-type=\"widget\" data-widget_type=\"text-editor.default\">\n\t\t\t\t\t\t\t\t\t<p>\u0646\u062f\u0639\u0648\u0643\u0645 \u0625\u0644\u0649 \u0627\u0644\u0642\u0633\u0645 \u0627\u0644\u0645\u062e\u0635\u0635 \u0644\u0642\u0627\u0646\u0648\u0646 \u0627\u0644\u0645\u0635\u0627\u0631\u0641 \u0627\u0644\u0630\u064a \u064a\u0642\u062f\u0645\u0647 \u0627\u0644\u0623\u0633\u062a\u0627\u0630\u0629 \u0627\u0644\u0646\u062c\u0627\u062d \u062e\u062f\u064a\u062c\u0629\u060c \u0627\u0644\u0645\u0648\u062c\u0648\u062f \u0641\u064a \u0645\u062f\u064a\u0646\u0629 \u0633\u0644\u0627.<\/p>\t\t\t\t\t\t\t\t<\/div>\n\t\t\t\t<\/div>\n\t\t\t\t\t<\/div>\n\t\t\t\t<\/div>\n\t\t<div class=\"elementor-element elementor-element-dfd8c4a e-flex e-con-boxed e-con e-parent\" data-id=\"dfd8c4a\" data-element_type=\"container\" data-e-type=\"container\">\n\t\t\t\t\t<div class=\"e-con-inner\">\n\t\t<div class=\"elementor-element elementor-element-9c61d73 e-con-full e-flex elementor-invisible e-con e-child\" data-id=\"9c61d73\" data-element_type=\"container\" data-e-type=\"container\" data-settings=\"{&quot;background_background&quot;:&quot;classic&quot;,&quot;animation&quot;:&quot;fadeInUp&quot;,&quot;animation_delay&quot;:200}\">\n\t\t\t\t<\/div>\n\t\t<div class=\"elementor-element elementor-element-0346388 e-con-full e-flex elementor-invisible e-con e-child\" data-id=\"0346388\" data-element_type=\"container\" data-e-type=\"container\" data-settings=\"{&quot;background_background&quot;:&quot;classic&quot;,&quot;animation&quot;:&quot;fadeInUp&quot;}\">\n\t\t\t\t<div class=\"elementor-element elementor-element-a8ed9a6 elementor-widget elementor-widget-heading\" data-id=\"a8ed9a6\" data-element_type=\"widget\" data-e-type=\"widget\" data-widget_type=\"heading.default\">\n\t\t\t\t\t<h3 class=\"elementor-heading-title elementor-size-default\">\u0627\u0644\u0642\u0627\u0646\u0648\u0646 \u0627\u0644\u0645\u0635\u0631\u0641\u064a \u0641\u064a \u0627\u0644\u0645\u063a\u0631\u0628 <\/h3>\t\t\t\t<\/div>\n\t\t\t\t<div class=\"elementor-element elementor-element-e05db09 elementor-widget-divider--view-line elementor-widget elementor-widget-divider\" data-id=\"e05db09\" data-element_type=\"widget\" data-e-type=\"widget\" data-widget_type=\"divider.default\">\n\t\t\t\t\t\t\t<div class=\"elementor-divider\">\n\t\t\t<span class=\"elementor-divider-separator\">\n\t\t\t\t\t\t<\/span>\n\t\t<\/div>\n\t\t\t\t\t\t<\/div>\n\t\t\t\t<div class=\"elementor-element elementor-element-e3a3235 elementor-widget elementor-widget-text-editor\" data-id=\"e3a3235\" data-element_type=\"widget\" data-e-type=\"widget\" data-widget_type=\"text-editor.default\">\n\t\t\t\t\t\t\t\t\t<p>\u064a\u0643\u0631\u0633 \u0645\u0643\u062a\u0628 \u0627\u0644\u0623\u0633\u062a\u0627\u0630\u0629 \u0627\u0644\u0646\u062c\u0627\u062d \u062e\u062f\u064a\u062c\u0629 \u062c\u0647\u0648\u062f\u0647\u0627 \u0644\u062a\u0642\u062f\u064a\u0645 \u0627\u0644\u0645\u0634\u0648\u0631\u0629 \u0627\u0644\u0642\u0627\u0646\u0648\u0646\u064a\u0629 \u0627\u0644\u0627\u0633\u062a\u0631\u0627\u062a\u064a\u062c\u064a\u0629 \u0648\u0627\u0644\u0646\u0647\u062c \u0627\u0644\u0639\u0645\u0644\u064a\u0629 \u0641\u064a \u0627\u0644\u0642\u0637\u0627\u0639 \u0627\u0644\u0645\u0635\u0631\u0641\u064a \u0648\u0627\u0644\u0645\u0627\u0644\u064a \u0641\u064a \u0627\u0644\u0645\u063a\u0631\u0628.<\/p><p>\u064a\u0633\u0639\u0649 \u0641\u0631\u064a\u0642\u0646\u0627 \u0645\u0646 \u0627\u0644\u062e\u0628\u0631\u0627\u0621 \u0627\u0644\u0642\u0627\u0646\u0648\u0646\u064a\u064a\u0646 \u0625\u0644\u0649 \u062a\u0648\u062c\u064a\u0647 \u0627\u0644\u0645\u0624\u0633\u0633\u0627\u062a \u0627\u0644\u0645\u0627\u0644\u064a\u0629 \u0648\u0627\u0644\u0634\u0631\u0643\u0627\u062a \u0648\u0627\u0644\u0623\u0641\u0631\u0627\u062f \u0639\u0628\u0631 \u0645\u062a\u0627\u0647\u0629 \u0627\u0644\u062a\u0646\u0638\u064a\u0645 \u0627\u0644\u0645\u0635\u0631\u0641\u064a \u0627\u0644\u0645\u0639\u0642\u062f\u0629.<\/p>\t\t\t\t\t\t\t\t<\/div>\n\t\t\t\t<\/div>\n\t\t\t\t\t<\/div>\n\t\t\t\t<\/div>\n\t\t<div class=\"elementor-element elementor-element-e0b9635 e-flex e-con-boxed e-con e-parent\" data-id=\"e0b9635\" data-element_type=\"container\" data-e-type=\"container\" data-settings=\"{&quot;background_background&quot;:&quot;classic&quot;}\">\n\t\t\t\t\t<div class=\"e-con-inner\">\n\t\t<div class=\"elementor-element elementor-element-28e86a3 e-con-full e-flex e-con e-child\" data-id=\"28e86a3\" data-element_type=\"container\" data-e-type=\"container\">\n\t\t\t\t<div class=\"elementor-element elementor-element-9638862 elementor-widget elementor-widget-text-editor\" data-id=\"9638862\" data-element_type=\"widget\" data-e-type=\"widget\" data-widget_type=\"text-editor.default\">\n\t\t\t\t\t\t\t\t\t<p>\u064a\u0642\u062f\u0645 \u0628\u062d\u062b\u0646\u0627 \u0645\u062c\u0645\u0648\u0639\u0629 \u0643\u0627\u0645\u0644\u0629 \u0645\u0646 \u0627\u0644\u062e\u062f\u0645\u0627\u062a \u0627\u0644\u0642\u0627\u0646\u0648\u0646\u064a\u0629 \u0641\u064a \u0645\u062c\u0627\u0644 \u0627\u0644\u0642\u0627\u0646\u0648\u0646 \u0627\u0644\u0645\u0635\u0631\u0641\u064a\u060c \u0628\u0647\u062f\u0641 \u062a\u0644\u0628\u064a\u0629 \u0627\u0644\u0627\u062d\u062a\u064a\u0627\u062c\u0627\u062a \u0627\u0644\u0645\u062a\u0646\u0648\u0639\u0629 \u0644\u0639\u0645\u0644\u0627\u0626\u0646\u0627 \u0641\u064a \u0645\u062e\u062a\u0644\u0641 \u062c\u0648\u0627\u0646\u0628 \u0627\u0644\u0639\u0645\u0644\u064a\u0627\u062a \u0627\u0644\u0645\u0635\u0631\u0641\u064a\u0629 \u0648\u0627\u0644\u0645\u0627\u0644\u064a\u0629:<\/p>\t\t\t\t\t\t\t\t<\/div>\n\t\t\t\t<div class=\"elementor-element elementor-element-5754273 elementor-invisible elementor-widget elementor-widget-heading\" data-id=\"5754273\" data-element_type=\"widget\" data-e-type=\"widget\" data-settings=\"{&quot;_animation&quot;:&quot;fadeIn&quot;,&quot;_animation_delay&quot;:200}\" data-widget_type=\"heading.default\">\n\t\t\t\t\t<h3 class=\"elementor-heading-title elementor-size-default\">\u062e\u062f\u0645\u0627\u062a\u0646\u0627 \u0627\u0644\u0642\u0627\u0646\u0648\u0646\u064a\u0629 \u0627\u0644\u0645\u0635\u0631\u0641\u064a\u0629\n<\/h3>\t\t\t\t<\/div>\n\t\t\t\t<div class=\"elementor-element elementor-element-1d1ec6c elementor-widget-divider--view-line elementor-invisible elementor-widget elementor-widget-divider\" data-id=\"1d1ec6c\" data-element_type=\"widget\" data-e-type=\"widget\" data-settings=\"{&quot;_animation&quot;:&quot;fadeIn&quot;,&quot;_animation_delay&quot;:400}\" data-widget_type=\"divider.default\">\n\t\t\t\t\t\t\t<div class=\"elementor-divider\">\n\t\t\t<span class=\"elementor-divider-separator\">\n\t\t\t\t\t\t<\/span>\n\t\t<\/div>\n\t\t\t\t\t\t<\/div>\n\t\t<div class=\"elementor-element elementor-element-582d142 e-con-full e-flex elementor-invisible e-con e-child\" data-id=\"582d142\" data-element_type=\"container\" data-e-type=\"container\" data-settings=\"{&quot;animation&quot;:&quot;fadeInUp&quot;,&quot;animation_delay&quot;:400}\">\n\t\t<div class=\"elementor-element elementor-element-82082d8 e-con-full e-flex e-con e-child\" data-id=\"82082d8\" data-element_type=\"container\" data-e-type=\"container\" data-settings=\"{&quot;background_background&quot;:&quot;classic&quot;}\">\n\t\t\t\t<div class=\"elementor-element elementor-element-d2547a1 elementor-view-default elementor-widget elementor-widget-icon\" data-id=\"d2547a1\" data-element_type=\"widget\" data-e-type=\"widget\" data-widget_type=\"icon.default\">\n\t\t\t\t\t\t\t<div class=\"elementor-icon-wrapper\">\n\t\t\t<div class=\"elementor-icon\">\n\t\t\t<i aria-hidden=\"true\" class=\"icon icon-chat-1\"><\/i>\t\t\t<\/div>\n\t\t<\/div>\n\t\t\t\t\t\t<\/div>\n\t\t\t\t<div class=\"elementor-element elementor-element-0094a2a elementor-widget elementor-widget-heading\" data-id=\"0094a2a\" data-element_type=\"widget\" data-e-type=\"widget\" data-widget_type=\"heading.default\">\n\t\t\t\t\t<h4 class=\"elementor-heading-title elementor-size-default\">\u0627\u0644\u0645\u0634\u0648\u0631\u0629 \u0627\u0644\u062a\u0646\u0638\u064a\u0645\u064a\u0629<\/h4>\t\t\t\t<\/div>\n\t\t\t\t<div class=\"elementor-element elementor-element-e774226 elementor-widget elementor-widget-text-editor\" data-id=\"e774226\" data-element_type=\"widget\" data-e-type=\"widget\" data-widget_type=\"text-editor.default\">\n\t\t\t\t\t\t\t\t\t<p>\u0646\u0633\u0627\u0639\u062f \u0639\u0645\u0644\u0627\u0626\u0646\u0627 \u0639\u0644\u0649 \u0641\u0647\u0645 \u0627\u0644\u0623\u0646\u0638\u0645\u0629 \u0627\u0644\u0645\u0635\u0631\u0641\u064a\u0629 \u0641\u064a \u0627\u0644\u0645\u063a\u0631\u0628 \u0648\u0627\u0644\u0627\u0644\u062a\u0632\u0627\u0645 \u0628\u0647\u0627.<\/p>\t\t\t\t\t\t\t\t<\/div>\n\t\t\t\t<\/div>\n\t\t<div class=\"elementor-element elementor-element-649e390 e-con-full e-flex e-con e-child\" data-id=\"649e390\" data-element_type=\"container\" data-e-type=\"container\" data-settings=\"{&quot;background_background&quot;:&quot;classic&quot;}\">\n\t\t\t\t<div class=\"elementor-element elementor-element-bf66647 elementor-view-default elementor-widget elementor-widget-icon\" data-id=\"bf66647\" data-element_type=\"widget\" data-e-type=\"widget\" data-widget_type=\"icon.default\">\n\t\t\t\t\t\t\t<div class=\"elementor-icon-wrapper\">\n\t\t\t<div class=\"elementor-icon\">\n\t\t\t<i aria-hidden=\"true\" class=\"icon icon-eraser\"><\/i>\t\t\t<\/div>\n\t\t<\/div>\n\t\t\t\t\t\t<\/div>\n\t\t\t\t<div class=\"elementor-element elementor-element-306ca3d elementor-widget elementor-widget-heading\" data-id=\"306ca3d\" data-element_type=\"widget\" data-e-type=\"widget\" data-widget_type=\"heading.default\">\n\t\t\t\t\t<h4 class=\"elementor-heading-title elementor-size-default\">\u062a\u0645\u0648\u064a\u0644 \u0627\u0644\u0634\u0631\u0643\u0627\u062a \u0648\u0647\u064a\u0643\u0644\u0629 \u0627\u0644\u0645\u0639\u0627\u0645\u0644\u0627\u062a<\/h4>\t\t\t\t<\/div>\n\t\t\t\t<div class=\"elementor-element elementor-element-8d44b00 elementor-widget elementor-widget-text-editor\" data-id=\"8d44b00\" data-element_type=\"widget\" data-e-type=\"widget\" data-widget_type=\"text-editor.default\">\n\t\t\t\t\t\t\t\t\t<p>\u0627\u0644\u0645\u0633\u0627\u0639\u062f\u0629 \u0641\u064a \u062a\u0645\u0648\u064a\u0644 \u0627\u0644\u0623\u0639\u0645\u0627\u0644 \u0645\u0646 \u062e\u0644\u0627\u0644 \u0627\u0644\u0642\u0631\u0648\u0636 \u0648\u0627\u0644\u0627\u0626\u062a\u0645\u0627\u0646 \u0627\u0644\u062c\u0645\u0627\u0639\u064a \u0648\u0627\u0644\u062a\u0645\u0648\u064a\u0644 \u0627\u0644\u0645\u0646\u0638\u0645 \u0648\u0627\u0644\u0623\u062f\u0648\u0627\u062a \u0627\u0644\u0645\u0627\u0644\u064a\u0629 \u0627\u0644\u0623\u062e\u0631\u0649.<\/p>\t\t\t\t\t\t\t\t<\/div>\n\t\t\t\t<\/div>\n\t\t\t\t<\/div>\n\t\t<div class=\"elementor-element elementor-element-3b26610 e-con-full e-flex elementor-invisible e-con e-child\" data-id=\"3b26610\" data-element_type=\"container\" data-e-type=\"container\" data-settings=\"{&quot;animation&quot;:&quot;fadeInUp&quot;,&quot;animation_delay&quot;:400}\">\n\t\t<div class=\"elementor-element elementor-element-7926179 e-con-full e-flex e-con e-child\" data-id=\"7926179\" data-element_type=\"container\" data-e-type=\"container\" data-settings=\"{&quot;background_background&quot;:&quot;classic&quot;}\">\n\t\t\t\t<div class=\"elementor-element elementor-element-83dac78 elementor-view-default elementor-widget elementor-widget-icon\" data-id=\"83dac78\" data-element_type=\"widget\" data-e-type=\"widget\" data-widget_type=\"icon.default\">\n\t\t\t\t\t\t\t<div class=\"elementor-icon-wrapper\">\n\t\t\t<div class=\"elementor-icon\">\n\t\t\t<i aria-hidden=\"true\" class=\"icon icon-file-1\"><\/i>\t\t\t<\/div>\n\t\t<\/div>\n\t\t\t\t\t\t<\/div>\n\t\t\t\t<div class=\"elementor-element elementor-element-83eb68f elementor-widget elementor-widget-heading\" data-id=\"83eb68f\" data-element_type=\"widget\" data-e-type=\"widget\" data-widget_type=\"heading.default\">\n\t\t\t\t\t<h4 class=\"elementor-heading-title elementor-size-default\">\u062d\u0644 \u0627\u0644\u0646\u0632\u0627\u0639\u0627\u062a \u0627\u0644\u0645\u0635\u0631\u0641\u064a\u0629<\/h4>\t\t\t\t<\/div>\n\t\t\t\t<div class=\"elementor-element elementor-element-c24ac58 elementor-widget elementor-widget-text-editor\" data-id=\"c24ac58\" data-element_type=\"widget\" data-e-type=\"widget\" data-widget_type=\"text-editor.default\">\n\t\t\t\t\t\t\t\t\t<p>\u0627\u0644\u062a\u062f\u062e\u0644 \u0641\u064a \u0627\u0644\u0646\u0632\u0627\u0639\u0627\u062a \u0627\u0644\u0645\u0635\u0631\u0641\u064a\u0629 \u0628\u0645\u0627 \u0641\u064a \u0630\u0644\u0643 \u0625\u062c\u0631\u0627\u0621\u0627\u062a \u062a\u062d\u0635\u064a\u0644 \u0627\u0644\u062f\u064a\u0648\u0646 \u0648\u0627\u0644\u0625\u0641\u0644\u0627\u0633\u0627\u062a \u0648\u0627\u0644\u0646\u0632\u0627\u0639\u0627\u062a \u0627\u0644\u0645\u062a\u0639\u0644\u0642\u0629 \u0628\u0627\u0644\u0636\u0645\u0627\u0646\u0627\u062a.<\/p>\t\t\t\t\t\t\t\t<\/div>\n\t\t\t\t<\/div>\n\t\t<div class=\"elementor-element elementor-element-bd759ff e-con-full e-flex e-con e-child\" data-id=\"bd759ff\" data-element_type=\"container\" data-e-type=\"container\" data-settings=\"{&quot;background_background&quot;:&quot;classic&quot;}\">\n\t\t\t\t<div class=\"elementor-element elementor-element-81615df elementor-view-default elementor-widget elementor-widget-icon\" data-id=\"81615df\" data-element_type=\"widget\" data-e-type=\"widget\" data-widget_type=\"icon.default\">\n\t\t\t\t\t\t\t<div class=\"elementor-icon-wrapper\">\n\t\t\t<div class=\"elementor-icon\">\n\t\t\t<i aria-hidden=\"true\" class=\"icon icon-checked1\"><\/i>\t\t\t<\/div>\n\t\t<\/div>\n\t\t\t\t\t\t<\/div>\n\t\t\t\t<div class=\"elementor-element elementor-element-3f18960 elementor-widget elementor-widget-heading\" data-id=\"3f18960\" data-element_type=\"widget\" data-e-type=\"widget\" data-widget_type=\"heading.default\">\n\t\t\t\t\t<h4 class=\"elementor-heading-title elementor-size-default\">\u0625\u0639\u0627\u062f\u0629 \u0647\u064a\u0643\u0644\u0629 \u0627\u0644\u0628\u0646\u0648\u0643 \u0648\u0627\u0644\u0625\u0641\u0644\u0627\u0633<\/h4>\t\t\t\t<\/div>\n\t\t\t\t<div class=\"elementor-element elementor-element-83c3067 elementor-widget elementor-widget-text-editor\" data-id=\"83c3067\" data-element_type=\"widget\" data-e-type=\"widget\" data-widget_type=\"text-editor.default\">\n\t\t\t\t\t\t\t\t\t<p>\u0627\u0644\u0645\u0633\u0627\u0639\u062f\u0629 \u0641\u064a \u0625\u062c\u0631\u0627\u0621\u0627\u062a \u0625\u0639\u0627\u062f\u0629 \u0627\u0644\u062a\u0646\u0638\u064a\u0645 \u0648\u0627\u0644\u0625\u0641\u0644\u0627\u0633\u060c \u0648\u062f\u0639\u0645 \u0627\u0644\u0639\u0645\u0644\u0627\u0621 \u0644\u0644\u062a\u063a\u0644\u0628 \u0639\u0644\u0649 \u0627\u0644\u0635\u0639\u0648\u0628\u0627\u062a \u0627\u0644\u0645\u0627\u0644\u064a\u0629 \u0648\u0627\u0644\u062a\u0646\u0638\u064a\u0645\u064a\u0629.<\/p>\t\t\t\t\t\t\t\t<\/div>\n\t\t\t\t<\/div>\n\t\t\t\t<\/div>\n\t\t\t\t<\/div>\n\t\t\t\t\t<\/div>\n\t\t\t\t<\/div>\n\t\t\t\t<\/div>\n\t\t\n    <div class=\"xs_social_share_widget xs_share_url after_content \t\tmain_content  wslu-style-1 wslu-share-box-shaped wslu-fill-colored wslu-none wslu-share-horizontal wslu-theme-font-no wslu-main_content\">\n\n\t\t\n        <ul>\n\t\t\t        <\/ul>\n    <\/div>","protected":false},"excerpt":{"rendered":"<p>Droit Bancaire Nous vous invitons \u00e0 la section d\u00e9di\u00e9e au droit bancaire du MAITRE ENNAJAH KHADIJA, qui se trouve \u00e0 Sal\u00e9. Droit Bancaire au Maroc MAITRE ENNAJAH KHADIJA se d\u00e9die \u00e0 fournir des conseils juridiques strat\u00e9giques et des approches pragmatiques dans le secteur bancaire et financier au Maroc. Notre \u00e9quipe d&rsquo;experts en droit s&rsquo;efforce de [&hellip;]<\/p>","protected":false},"author":1,"featured_media":0,"parent":0,"menu_order":0,"comment_status":"closed","ping_status":"closed","template":"elementor_header_footer","meta":{"postBodyCss":"","postBodyMargin":[],"postBodyPadding":[],"postBodyBackground":{"backgroundType":"classic","gradient":""},"footnotes":""},"class_list":["post-180","page","type-page","status-publish","hentry"],"rttpg_featured_image_url":null,"rttpg_author":{"display_name":"Maitreennajah","author_link":"https:\/\/www.maitreennajah.com\/ar\/author\/takafilawfirm\/"},"rttpg_comment":0,"rttpg_category":null,"rttpg_excerpt":"Droit Bancaire Nous vous invitons \u00e0 la section d\u00e9di\u00e9e au droit bancaire du MAITRE ENNAJAH KHADIJA, qui se trouve \u00e0 Sal\u00e9. Droit Bancaire au Maroc MAITRE ENNAJAH KHADIJA se d\u00e9die \u00e0 fournir des conseils juridiques strat\u00e9giques et des approches pragmatiques dans le secteur bancaire et financier au Maroc. Notre \u00e9quipe d&rsquo;experts en droit s&rsquo;efforce de&hellip;","_links":{"self":[{"href":"https:\/\/www.maitreennajah.com\/ar\/wp-json\/wp\/v2\/pages\/180","targetHints":{"allow":["GET"]}}],"collection":[{"href":"https:\/\/www.maitreennajah.com\/ar\/wp-json\/wp\/v2\/pages"}],"about":[{"href":"https:\/\/www.maitreennajah.com\/ar\/wp-json\/wp\/v2\/types\/page"}],"author":[{"embeddable":true,"href":"https:\/\/www.maitreennajah.com\/ar\/wp-json\/wp\/v2\/users\/1"}],"replies":[{"embeddable":true,"href":"https:\/\/www.maitreennajah.com\/ar\/wp-json\/wp\/v2\/comments?post=180"}],"version-history":[{"count":19,"href":"https:\/\/www.maitreennajah.com\/ar\/wp-json\/wp\/v2\/pages\/180\/revisions"}],"predecessor-version":[{"id":1651,"href":"https:\/\/www.maitreennajah.com\/ar\/wp-json\/wp\/v2\/pages\/180\/revisions\/1651"}],"wp:attachment":[{"href":"https:\/\/www.maitreennajah.com\/ar\/wp-json\/wp\/v2\/media?parent=180"}],"curies":[{"name":"wp","href":"https:\/\/api.w.org\/{rel}","templated":true}]}}