{"id":182,"date":"2025-10-22T06:40:47","date_gmt":"2025-10-22T06:40:47","guid":{"rendered":"https:\/\/www.maitreennajah.com\/?page_id=182"},"modified":"2026-01-10T08:39:35","modified_gmt":"2026-01-10T08:39:35","slug":"droit-des-assurances","status":"publish","type":"page","link":"https:\/\/www.maitreennajah.com\/ar\/droit-des-assurances\/","title":{"rendered":"\u0642\u0627\u0646\u0648\u0646 \u0627\u0644\u062a\u0623\u0645\u064a\u0646"},"content":{"rendered":"<div data-elementor-type=\"wp-page\" data-elementor-id=\"182\" class=\"elementor elementor-182\">\n\t\t\t\t<div class=\"elementor-element elementor-element-6fcebb7 e-flex e-con-boxed e-con e-parent\" data-id=\"6fcebb7\" data-element_type=\"container\" data-e-type=\"container\" data-settings=\"{&quot;background_background&quot;:&quot;classic&quot;}\">\n\t\t\t\t\t<div class=\"e-con-inner\">\n\t\t<div class=\"elementor-element elementor-element-39d8131 e-con-full e-flex e-con e-child\" data-id=\"39d8131\" data-element_type=\"container\" data-e-type=\"container\">\n\t\t\t\t<div class=\"elementor-element elementor-element-73302c4 elementor-widget elementor-widget-heading\" data-id=\"73302c4\" data-element_type=\"widget\" data-e-type=\"widget\" data-widget_type=\"heading.default\">\n\t\t\t\t\t<h2 class=\"elementor-heading-title elementor-size-default\">\u0642\u0627\u0646\u0648\u0646 \u0627\u0644\u062a\u0623\u0645\u064a\u0646<\/h2>\t\t\t\t<\/div>\n\t\t\t\t<div class=\"elementor-element elementor-element-186740a elementor-widget elementor-widget-text-editor\" data-id=\"186740a\" data-element_type=\"widget\" data-e-type=\"widget\" data-widget_type=\"text-editor.default\">\n\t\t\t\t\t\t\t\t\t<p>\u064a\u0642\u0639 \u0645\u0643\u062a\u0628 \u0627\u0644\u0623\u0633\u062a\u0627\u0630\u0629 \u0627\u0644\u0646\u062c\u0627\u062d \u062e\u062f\u064a\u062c\u0629 \u0641\u064a \u0645\u062f\u064a\u0646\u0629 \u0633\u0644\u0627\u060c \u0648\u0647\u0648 \u0645\u062a\u062e\u0635\u0635 \u0641\u064a \u0642\u0627\u0646\u0648\u0646 \u0627\u0644\u062a\u0623\u0645\u064a\u0646\u060c \u0648\u064a\u0642\u062f\u0645 \u062e\u0628\u0631\u0629 \u0642\u0627\u0646\u0648\u0646\u064a\u0629 \u0634\u062e\u0635\u064a\u0629 \u0648\u062a\u0645\u062b\u064a\u0644\u0627\u064b \u062e\u0628\u064a\u0631\u0627\u064b \u0644\u0634\u0631\u0643\u0627\u062a \u0627\u0644\u062a\u0623\u0645\u064a\u0646 \u0648\u0627\u0644\u0648\u0633\u0637\u0627\u0621 \u0648\u0634\u0631\u0643\u0627\u062a \u0625\u0639\u0627\u062f\u0629 \u0627\u0644\u062a\u0623\u0645\u064a\u0646 \u0648\u0627\u0644\u0623\u0637\u0631\u0627\u0641 \u0627\u0644\u0645\u0624\u0645\u0646 \u0639\u0644\u064a\u0647\u0627.<\/p>\t\t\t\t\t\t\t\t<\/div>\n\t\t\t\t<\/div>\n\t\t\t\t\t<\/div>\n\t\t\t\t<\/div>\n\t\t<div class=\"elementor-element elementor-element-085629c e-flex e-con-boxed e-con e-parent\" data-id=\"085629c\" data-element_type=\"container\" data-e-type=\"container\">\n\t\t\t\t\t<div class=\"e-con-inner\">\n\t\t<div class=\"elementor-element elementor-element-b7e73b4 e-con-full e-flex elementor-invisible e-con e-child\" data-id=\"b7e73b4\" data-element_type=\"container\" data-e-type=\"container\" data-settings=\"{&quot;background_background&quot;:&quot;classic&quot;,&quot;animation&quot;:&quot;fadeInUp&quot;,&quot;animation_delay&quot;:200}\">\n\t\t\t\t<\/div>\n\t\t<div class=\"elementor-element elementor-element-c80326e e-con-full e-flex elementor-invisible e-con e-child\" data-id=\"c80326e\" data-element_type=\"container\" data-e-type=\"container\" data-settings=\"{&quot;background_background&quot;:&quot;classic&quot;,&quot;animation&quot;:&quot;fadeInUp&quot;}\">\n\t\t\t\t<div class=\"elementor-element elementor-element-dc911b4 elementor-widget elementor-widget-heading\" data-id=\"dc911b4\" data-element_type=\"widget\" data-e-type=\"widget\" data-widget_type=\"heading.default\">\n\t\t\t\t\t<h3 class=\"elementor-heading-title elementor-size-default\">\u062d\u0644\u0648\u0644 \u0642\u0627\u0646\u0648\u0646\u064a\u0629 \u0645\u062a\u062e\u0635\u0635\u0629 \u0641\u064a \u0642\u0627\u0646\u0648\u0646 \u0627\u0644\u062a\u0623\u0645\u064a\u0646\n<\/h3>\t\t\t\t<\/div>\n\t\t\t\t<div class=\"elementor-element elementor-element-e431f3e elementor-widget-divider--view-line elementor-widget elementor-widget-divider\" data-id=\"e431f3e\" data-element_type=\"widget\" data-e-type=\"widget\" data-widget_type=\"divider.default\">\n\t\t\t\t\t\t\t<div class=\"elementor-divider\">\n\t\t\t<span class=\"elementor-divider-separator\">\n\t\t\t\t\t\t<\/span>\n\t\t<\/div>\n\t\t\t\t\t\t<\/div>\n\t\t\t\t<div class=\"elementor-element elementor-element-319dc41 elementor-widget elementor-widget-text-editor\" data-id=\"319dc41\" data-element_type=\"widget\" data-e-type=\"widget\" data-widget_type=\"text-editor.default\">\n\t\t\t\t\t\t\t\t\t<p>\u0646\u062f\u0639\u0648\u0643\u0645 \u0644\u0632\u064a\u0627\u0631\u0629 \u0642\u0633\u0645 \u0642\u0627\u0646\u0648\u0646 \u0627\u0644\u062a\u0623\u0645\u064a\u0646 \u0644\u062f\u064a\u0646\u0627\u060c \u062d\u064a\u062b \u064a\u062a\u0645\u064a\u0632 \u0645\u0643\u062a\u0628 \"\u0627\u0644\u0623\u0633\u062a\u0627\u0630\u0629 \u0627\u0644\u0646\u062c\u0627\u062d \u062e\u062f\u064a\u062c\u0629\" \u0644\u0644\u0645\u062d\u0627\u0645\u0627\u0629\u060c \u0627\u0644\u0643\u0627\u0626\u0646 \u0641\u064a \u0642\u0644\u0628 \u0645\u062f\u064a\u0646\u0629 \u0633\u0644\u0627\u060c \u0628\u062e\u0628\u0631\u062a\u0647 \u0627\u0644\u0645\u062a\u062e\u0635\u0635\u0629 \u0641\u064a \u0645\u062c\u0627\u0644 \u0627\u0644\u062a\u0623\u0645\u064a\u0646 \u0641\u064a \u0627\u0644\u0645\u063a\u0631\u0628. \u064a\u0644\u062a\u0632\u0645 \u0641\u0631\u064a\u0642\u0646\u0627 \u0645\u0646 \u0627\u0644\u0645\u062d\u0627\u0645\u064a\u0646 \u0630\u0648\u064a \u0627\u0644\u062e\u0628\u0631\u0629 \u0628\u062a\u0642\u062f\u064a\u0645 \u062d\u0644\u0648\u0644 \u0642\u0627\u0646\u0648\u0646\u064a\u0629 \u0641\u0639\u0651\u0627\u0644\u0629 \u0648\u0645\u0635\u0645\u0645\u0629 \u062e\u0635\u064a\u0635\u064b\u0627 \u0644\u0645\u0639\u0627\u0644\u062c\u0629 \u0627\u0644\u0642\u0636\u0627\u064a\u0627 \u0627\u0644\u0645\u0639\u0642\u062f\u0629 \u0627\u0644\u062a\u064a \u062a\u0648\u0627\u062c\u0647 \u0639\u0645\u0644\u0627\u0621\u0646\u0627 \u0641\u064a \u0642\u0637\u0627\u0639 \u0627\u0644\u062a\u0623\u0645\u064a\u0646\u060c \u0633\u0648\u0627\u0621 \u0643\u0627\u0646\u0648\u0627 \u0634\u0631\u0643\u0627\u062a \u062a\u0623\u0645\u064a\u0646\u060c \u0623\u0648 \u0648\u0633\u0637\u0627\u0621\u060c \u0623\u0648 \u0645\u0639\u064a\u062f\u064a\u0646 \u0644\u0644\u062a\u0623\u0645\u064a\u0646\u060c \u0623\u0648 \u062d\u0627\u0645\u0644\u064a \u0648\u062b\u0627\u0626\u0642 \u062a\u0623\u0645\u064a\u0646.<\/p>\t\t\t\t\t\t\t\t<\/div>\n\t\t\t\t<\/div>\n\t\t\t\t\t<\/div>\n\t\t\t\t<\/div>\n\t\t<div class=\"elementor-element elementor-element-b1c46da e-flex e-con-boxed e-con e-parent\" data-id=\"b1c46da\" data-element_type=\"container\" data-e-type=\"container\" data-settings=\"{&quot;background_background&quot;:&quot;classic&quot;}\">\n\t\t\t\t\t<div class=\"e-con-inner\">\n\t\t<div class=\"elementor-element elementor-element-9d9a3d8 e-con-full e-flex e-con e-child\" data-id=\"9d9a3d8\" data-element_type=\"container\" data-e-type=\"container\">\n\t\t\t\t<div class=\"elementor-element elementor-element-c90fb3c elementor-widget elementor-widget-text-editor\" data-id=\"c90fb3c\" data-element_type=\"widget\" data-e-type=\"widget\" data-widget_type=\"text-editor.default\">\n\t\t\t\t\t\t\t\t\t<p>\u062a\u0642\u062f\u0645 \u0634\u0631\u0643\u062a\u0646\u0627 \u0645\u062c\u0645\u0648\u0639\u0629 \u0648\u0627\u0633\u0639\u0629 \u0645\u0646 \u0627\u0644\u062e\u062f\u0645\u0627\u062a \u0627\u0644\u0642\u0627\u0646\u0648\u0646\u064a\u0629 \u0641\u064a \u0642\u0627\u0646\u0648\u0646 \u0627\u0644\u062a\u0623\u0645\u064a\u0646\u060c \u0648\u0627\u0644\u062a\u064a \u062a\u0634\u0645\u0644 \u062c\u0645\u064a\u0639 \u0645\u062c\u0627\u0644\u0627\u062a \u0627\u0644\u0642\u0637\u0627\u0639\u060c \u0628\u0645\u0627 \u0641\u064a \u0630\u0644\u0643 \u0639\u0644\u0649 \u0633\u0628\u064a\u0644 \u0627\u0644\u0645\u062b\u0627\u0644 \u0644\u0627 \u0627\u0644\u062d\u0635\u0631:<\/p>\t\t\t\t\t\t\t\t<\/div>\n\t\t\t\t<div class=\"elementor-element elementor-element-1411a48 elementor-invisible elementor-widget elementor-widget-heading\" data-id=\"1411a48\" data-element_type=\"widget\" data-e-type=\"widget\" data-settings=\"{&quot;_animation&quot;:&quot;fadeIn&quot;,&quot;_animation_delay&quot;:200}\" data-widget_type=\"heading.default\">\n\t\t\t\t\t<h3 class=\"elementor-heading-title elementor-size-default\">\u062e\u062f\u0645\u0627\u062a\u0646\u0627 \u0641\u064a \u0645\u062c\u0627\u0644 \u0642\u0627\u0646\u0648\u0646 \u0627\u0644\u062a\u0623\u0645\u064a\u0646\n<\/h3>\t\t\t\t<\/div>\n\t\t\t\t<div class=\"elementor-element elementor-element-ef79c86 elementor-widget-divider--view-line elementor-invisible elementor-widget elementor-widget-divider\" data-id=\"ef79c86\" data-element_type=\"widget\" data-e-type=\"widget\" data-settings=\"{&quot;_animation&quot;:&quot;fadeIn&quot;,&quot;_animation_delay&quot;:400}\" data-widget_type=\"divider.default\">\n\t\t\t\t\t\t\t<div class=\"elementor-divider\">\n\t\t\t<span class=\"elementor-divider-separator\">\n\t\t\t\t\t\t<\/span>\n\t\t<\/div>\n\t\t\t\t\t\t<\/div>\n\t\t<div class=\"elementor-element elementor-element-06da03f e-con-full e-flex elementor-invisible e-con e-child\" data-id=\"06da03f\" data-element_type=\"container\" data-e-type=\"container\" data-settings=\"{&quot;animation&quot;:&quot;fadeInUp&quot;,&quot;animation_delay&quot;:400}\">\n\t\t<div class=\"elementor-element elementor-element-13ac0ff e-con-full e-flex e-con e-child\" data-id=\"13ac0ff\" data-element_type=\"container\" data-e-type=\"container\" data-settings=\"{&quot;background_background&quot;:&quot;classic&quot;}\">\n\t\t\t\t<div class=\"elementor-element elementor-element-b549c94 elementor-view-default elementor-widget elementor-widget-icon\" data-id=\"b549c94\" data-element_type=\"widget\" data-e-type=\"widget\" data-widget_type=\"icon.default\">\n\t\t\t\t\t\t\t<div class=\"elementor-icon-wrapper\">\n\t\t\t<div class=\"elementor-icon\">\n\t\t\t<i aria-hidden=\"true\" class=\"icon icon-chat-1\"><\/i>\t\t\t<\/div>\n\t\t<\/div>\n\t\t\t\t\t\t<\/div>\n\t\t\t\t<div class=\"elementor-element elementor-element-1d89a97 elementor-widget elementor-widget-heading\" data-id=\"1d89a97\" data-element_type=\"widget\" data-e-type=\"widget\" data-widget_type=\"heading.default\">\n\t\t\t\t\t<h4 class=\"elementor-heading-title elementor-size-default\">\u0627\u0644\u0645\u0634\u0648\u0631\u0629 \u0648\u0627\u0644\u062a\u0645\u062b\u064a\u0644 \u0644\u0644\u0623\u0637\u0631\u0627\u0641 \u0627\u0644\u0645\u0624\u0645\u0646\u0629<\/h4>\t\t\t\t<\/div>\n\t\t\t\t<div class=\"elementor-element elementor-element-9a50a66 elementor-widget elementor-widget-text-editor\" data-id=\"9a50a66\" data-element_type=\"widget\" data-e-type=\"widget\" data-widget_type=\"text-editor.default\">\n\t\t\t\t\t\t\t\t\t<p id=\"elementor-tab-title-1181\" class=\"elementor-tab-title elementor-active\" tabindex=\"0\" role=\"button\" data-tab=\"1\" aria-controls=\"elementor-tab-content-1181\" aria-expanded=\"true\" aria-selected=\"true\">\u0645\u0633\u0627\u0639\u062f\u0629 \u062d\u0627\u0645\u0644\u064a \u0627\u0644\u0648\u062b\u0627\u0626\u0642 \u0641\u064a \u0627\u0644\u062a\u0641\u0627\u0648\u0636 \u0648\u062a\u0642\u062f\u064a\u0645 \u0627\u0644\u0645\u0637\u0627\u0644\u0628\u0627\u062a \u0627\u0644\u0645\u062a\u0639\u0644\u0642\u0629 \u0628\u0639\u0642\u0648\u062f \u0627\u0644\u062a\u0623\u0645\u064a\u0646 \u0627\u0644\u062e\u0627\u0635\u0629 \u0628\u0647\u0645\u060c \u0628\u0645\u0627 \u0641\u064a \u0630\u0644\u0643 \u0641\u064a \u062d\u0627\u0644\u0627\u062a \u0627\u0644\u0646\u0632\u0627\u0639\u0627\u062a \u0627\u0644\u0645\u062a\u0639\u0644\u0642\u0629 \u0628\u0631\u0641\u0636 \u0627\u0644\u062a\u063a\u0637\u064a\u0629 \u0627\u0644\u062a\u064a \u062a\u0642\u062f\u0645\u0647\u0627 \u0634\u0631\u0643\u0627\u062a \u0627\u0644\u062a\u0623\u0645\u064a\u0646.<\/p><p id=\"elementor-tab-content-1181\" class=\"elementor-tab-content elementor-clearfix elementor-active\" role=\"region\" data-tab=\"1\" aria-labelledby=\"elementor-tab-title-1181\">\u00a0<\/p>\t\t\t\t\t\t\t\t<\/div>\n\t\t\t\t<\/div>\n\t\t<div class=\"elementor-element elementor-element-e0e280c e-con-full e-flex e-con e-child\" data-id=\"e0e280c\" data-element_type=\"container\" data-e-type=\"container\" data-settings=\"{&quot;background_background&quot;:&quot;classic&quot;}\">\n\t\t\t\t<div class=\"elementor-element elementor-element-cebaa76 elementor-view-default elementor-widget elementor-widget-icon\" data-id=\"cebaa76\" data-element_type=\"widget\" data-e-type=\"widget\" data-widget_type=\"icon.default\">\n\t\t\t\t\t\t\t<div class=\"elementor-icon-wrapper\">\n\t\t\t<div class=\"elementor-icon\">\n\t\t\t<i aria-hidden=\"true\" class=\"icon icon-eraser\"><\/i>\t\t\t<\/div>\n\t\t<\/div>\n\t\t\t\t\t\t<\/div>\n\t\t\t\t<div class=\"elementor-element elementor-element-64d4ba9 elementor-widget elementor-widget-heading\" data-id=\"64d4ba9\" data-element_type=\"widget\" data-e-type=\"widget\" data-widget_type=\"heading.default\">\n\t\t\t\t\t<h4 class=\"elementor-heading-title elementor-size-default\">\u062f\u0639\u0645 \u0634\u0631\u0643\u0627\u062a \u0627\u0644\u062a\u0623\u0645\u064a\u0646<\/h4>\t\t\t\t<\/div>\n\t\t\t\t<div class=\"elementor-element elementor-element-4ecbddc elementor-widget elementor-widget-text-editor\" data-id=\"4ecbddc\" data-element_type=\"widget\" data-e-type=\"widget\" data-widget_type=\"text-editor.default\">\n\t\t\t\t\t\t\t\t\t<p id=\"elementor-tab-title-9821\" class=\"elementor-tab-title elementor-active\" tabindex=\"0\" role=\"button\" data-tab=\"1\" aria-controls=\"elementor-tab-content-9821\" aria-expanded=\"true\" aria-selected=\"true\">\u0627\u0644\u0645\u0634\u0648\u0631\u0629 \u0627\u0644\u0642\u0627\u0646\u0648\u0646\u064a\u0629 \u0644\u0634\u0631\u0643\u0627\u062a \u0627\u0644\u062a\u0623\u0645\u064a\u0646 \u0641\u064a\u0645\u0627 \u064a\u062a\u0639\u0644\u0642 \u0628\u0627\u0644\u0627\u0645\u062a\u062b\u0627\u0644 \u0627\u0644\u062a\u0646\u0638\u064a\u0645\u064a \u0648\u0635\u064a\u0627\u063a\u0629 \u0627\u0644\u0633\u064a\u0627\u0633\u0627\u062a \u0648\u0625\u062f\u0627\u0631\u0629 \u0627\u0644\u0645\u0637\u0627\u0644\u0628\u0627\u062a \u0648\u0627\u0644\u0646\u0632\u0627\u0639\u0627\u062a.<\/p>\t\t\t\t\t\t\t\t<\/div>\n\t\t\t\t<\/div>\n\t\t\t\t<\/div>\n\t\t<div class=\"elementor-element elementor-element-46d786d e-con-full e-flex elementor-invisible e-con e-child\" data-id=\"46d786d\" data-element_type=\"container\" data-e-type=\"container\" data-settings=\"{&quot;animation&quot;:&quot;fadeInUp&quot;,&quot;animation_delay&quot;:400}\">\n\t\t<div class=\"elementor-element elementor-element-cbfc8d8 e-con-full e-flex e-con e-child\" data-id=\"cbfc8d8\" data-element_type=\"container\" data-e-type=\"container\" data-settings=\"{&quot;background_background&quot;:&quot;classic&quot;}\">\n\t\t\t\t<div class=\"elementor-element elementor-element-8045441 elementor-view-default elementor-widget elementor-widget-icon\" data-id=\"8045441\" data-element_type=\"widget\" data-e-type=\"widget\" data-widget_type=\"icon.default\">\n\t\t\t\t\t\t\t<div class=\"elementor-icon-wrapper\">\n\t\t\t<div class=\"elementor-icon\">\n\t\t\t<i aria-hidden=\"true\" class=\"icon icon-file-1\"><\/i>\t\t\t<\/div>\n\t\t<\/div>\n\t\t\t\t\t\t<\/div>\n\t\t\t\t<div class=\"elementor-element elementor-element-b019c7f elementor-widget elementor-widget-heading\" data-id=\"b019c7f\" data-element_type=\"widget\" data-e-type=\"widget\" data-widget_type=\"heading.default\">\n\t\t\t\t\t<h4 class=\"elementor-heading-title elementor-size-default\">\u0646\u0632\u0627\u0639\u0627\u062a \u0627\u0644\u062a\u0623\u0645\u064a\u0646<\/h4>\t\t\t\t<\/div>\n\t\t\t\t<div class=\"elementor-element elementor-element-788cba9 elementor-widget elementor-widget-text-editor\" data-id=\"788cba9\" data-element_type=\"widget\" data-e-type=\"widget\" data-widget_type=\"text-editor.default\">\n\t\t\t\t\t\t\t\t\t<p>\u0627\u0644\u062a\u062f\u062e\u0644 \u0623\u0645\u0627\u0645 \u0627\u0644\u0645\u062d\u0627\u0643\u0645 \u0641\u064a \u0643\u0627\u0641\u0629 \u0627\u0644\u0646\u0632\u0627\u0639\u0627\u062a \u0627\u0644\u0645\u062a\u0639\u0644\u0642\u0629 \u0628\u0627\u0644\u062a\u0623\u0645\u064a\u0646\u060c \u0628\u0645\u0627 \u0641\u064a \u0630\u0644\u0643 \u0645\u0637\u0627\u0644\u0628\u0627\u062a \u0627\u0644\u062a\u063a\u0637\u064a\u0629\u060c \u0648\u0645\u0646\u0627\u0632\u0639\u0627\u062a \u0627\u0644\u0645\u0633\u0624\u0648\u0644\u064a\u0629\u060c \u0648\u062f\u0639\u0627\u0648\u0649 \u0627\u0644\u062d\u0644\u0648\u0644.<\/p>\t\t\t\t\t\t\t\t<\/div>\n\t\t\t\t<\/div>\n\t\t<div class=\"elementor-element elementor-element-2172295 e-con-full e-flex e-con e-child\" data-id=\"2172295\" data-element_type=\"container\" data-e-type=\"container\" data-settings=\"{&quot;background_background&quot;:&quot;classic&quot;}\">\n\t\t\t\t<div class=\"elementor-element elementor-element-74f4dab elementor-view-default elementor-widget elementor-widget-icon\" data-id=\"74f4dab\" data-element_type=\"widget\" data-e-type=\"widget\" data-widget_type=\"icon.default\">\n\t\t\t\t\t\t\t<div class=\"elementor-icon-wrapper\">\n\t\t\t<div class=\"elementor-icon\">\n\t\t\t<i aria-hidden=\"true\" class=\"icon icon-file-1\"><\/i>\t\t\t<\/div>\n\t\t<\/div>\n\t\t\t\t\t\t<\/div>\n\t\t\t\t<div class=\"elementor-element elementor-element-ca247d3 elementor-widget elementor-widget-heading\" data-id=\"ca247d3\" data-element_type=\"widget\" data-e-type=\"widget\" data-widget_type=\"heading.default\">\n\t\t\t\t\t<h4 class=\"elementor-heading-title elementor-size-default\">\u0627\u0644\u062a\u062f\u0642\u064a\u0642 \u0648\u0627\u0644\u0627\u0645\u062a\u062b\u0627\u0644 \u0627\u0644\u062a\u0646\u0638\u064a\u0645\u064a<\/h4>\t\t\t\t<\/div>\n\t\t\t\t<div class=\"elementor-element elementor-element-04e9e97 elementor-widget elementor-widget-text-editor\" data-id=\"04e9e97\" data-element_type=\"widget\" data-e-type=\"widget\" data-widget_type=\"text-editor.default\">\n\t\t\t\t\t\t\t\t\t<p>\u0625\u062c\u0631\u0627\u0621 \u0639\u0645\u0644\u064a\u0627\u062a \u0627\u0644\u062a\u062f\u0642\u064a\u0642 \u0644\u0644\u062a\u0623\u0643\u062f \u0645\u0646 \u0645\u0648\u0627\u0621\u0645\u0629 \u0645\u0645\u0627\u0631\u0633\u0627\u062a \u0627\u0644\u062a\u0623\u0645\u064a\u0646 \u0645\u0639 \u0627\u0644\u0642\u0648\u0627\u0646\u064a\u0646 \u0627\u0644\u0645\u063a\u0631\u0628\u064a\u0629 \u0648\u0627\u0644\u0645\u0639\u0627\u064a\u064a\u0631 \u0627\u0644\u062f\u0648\u0644\u064a\u0629.<\/p>\t\t\t\t\t\t\t\t<\/div>\n\t\t\t\t<\/div>\n\t\t\t\t<\/div>\n\t\t<div class=\"elementor-element elementor-element-6cf97d4 e-con-full e-flex elementor-invisible e-con e-child\" data-id=\"6cf97d4\" data-element_type=\"container\" data-e-type=\"container\" data-settings=\"{&quot;animation&quot;:&quot;fadeInUp&quot;,&quot;animation_delay&quot;:400}\">\n\t\t<div class=\"elementor-element elementor-element-1ec6a89 e-con-full e-flex e-con e-child\" data-id=\"1ec6a89\" data-element_type=\"container\" data-e-type=\"container\" data-settings=\"{&quot;background_background&quot;:&quot;classic&quot;}\">\n\t\t\t\t<div class=\"elementor-element elementor-element-e83ca13 elementor-view-default elementor-widget elementor-widget-icon\" data-id=\"e83ca13\" data-element_type=\"widget\" data-e-type=\"widget\" data-widget_type=\"icon.default\">\n\t\t\t\t\t\t\t<div class=\"elementor-icon-wrapper\">\n\t\t\t<div class=\"elementor-icon\">\n\t\t\t<i aria-hidden=\"true\" class=\"icon icon-file-1\"><\/i>\t\t\t<\/div>\n\t\t<\/div>\n\t\t\t\t\t\t<\/div>\n\t\t\t\t<div class=\"elementor-element elementor-element-c309066 elementor-widget elementor-widget-heading\" data-id=\"c309066\" data-element_type=\"widget\" data-e-type=\"widget\" data-widget_type=\"heading.default\">\n\t\t\t\t\t<h4 class=\"elementor-heading-title elementor-size-default\">\u0625\u0639\u0627\u062f\u0629 \u0627\u0644\u062a\u0623\u0645\u064a\u0646<\/h4>\t\t\t\t<\/div>\n\t\t\t\t<div class=\"elementor-element elementor-element-305a963 elementor-widget elementor-widget-text-editor\" data-id=\"305a963\" data-element_type=\"widget\" data-e-type=\"widget\" data-widget_type=\"text-editor.default\">\n\t\t\t\t\t\t\t\t\t<p>\u0627\u0644\u0645\u0634\u0648\u0631\u0629 \u0627\u0644\u0642\u0627\u0646\u0648\u0646\u064a\u0629 \u0628\u0634\u0623\u0646 \u0627\u062a\u0641\u0627\u0642\u064a\u0627\u062a \u0625\u0639\u0627\u062f\u0629 \u0627\u0644\u062a\u0623\u0645\u064a\u0646 \u0648\u0625\u062f\u0627\u0631\u0629 \u0627\u0644\u0645\u062e\u0627\u0637\u0631 \u0648\u062d\u0644 \u0627\u0644\u0646\u0632\u0627\u0639\u0627\u062a \u0628\u064a\u0646 \u0634\u0631\u0643\u0627\u062a \u0627\u0644\u062a\u0623\u0645\u064a\u0646 \u0648\u0625\u0639\u0627\u062f\u0629 \u0627\u0644\u062a\u0623\u0645\u064a\u0646.<\/p>\t\t\t\t\t\t\t\t<\/div>\n\t\t\t\t<\/div>\n\t\t\t\t<\/div>\n\t\t\t\t<\/div>\n\t\t\t\t\t<\/div>\n\t\t\t\t<\/div>\n\t\t\t\t<\/div>\n\t\t\n    <div class=\"xs_social_share_widget xs_share_url after_content \t\tmain_content  wslu-style-1 wslu-share-box-shaped wslu-fill-colored wslu-none wslu-share-horizontal wslu-theme-font-no wslu-main_content\">\n\n\t\t\n        <ul>\n\t\t\t        <\/ul>\n    <\/div>","protected":false},"excerpt":{"rendered":"<p>Droit des assurances Situ\u00e9 \u00e0 Sal\u00e9, le MAITRE ENNAJAH KHADIJA se sp\u00e9cialise en droit des assurances, offrant une expertise juridique personnalis\u00e9e et une repr\u00e9sentation experte pour les compagnies d&rsquo;assurance, les courtiers, les r\u00e9assureurs et les assur\u00e9s. Solutions Juridiques Expertes en Droit des Assurances Nous vous invitons \u00e0 visiter notre section d\u00e9di\u00e9e au Droit des Assurances, [&hellip;]<\/p>","protected":false},"author":1,"featured_media":0,"parent":0,"menu_order":0,"comment_status":"closed","ping_status":"closed","template":"elementor_header_footer","meta":{"postBodyCss":"","postBodyMargin":[],"postBodyPadding":[],"postBodyBackground":{"backgroundType":"classic","gradient":""},"footnotes":""},"class_list":["post-182","page","type-page","status-publish","hentry"],"rttpg_featured_image_url":null,"rttpg_author":{"display_name":"Maitreennajah","author_link":"https:\/\/www.maitreennajah.com\/ar\/author\/takafilawfirm\/"},"rttpg_comment":0,"rttpg_category":null,"rttpg_excerpt":"Droit des assurances Situ\u00e9 \u00e0 Sal\u00e9, le MAITRE ENNAJAH KHADIJA se sp\u00e9cialise en droit des assurances, offrant une expertise juridique personnalis\u00e9e et une repr\u00e9sentation experte pour les compagnies d&rsquo;assurance, les courtiers, les r\u00e9assureurs et les assur\u00e9s. Solutions Juridiques Expertes en Droit des Assurances Nous vous invitons \u00e0 visiter notre section d\u00e9di\u00e9e au Droit des Assurances,&hellip;","_links":{"self":[{"href":"https:\/\/www.maitreennajah.com\/ar\/wp-json\/wp\/v2\/pages\/182","targetHints":{"allow":["GET"]}}],"collection":[{"href":"https:\/\/www.maitreennajah.com\/ar\/wp-json\/wp\/v2\/pages"}],"about":[{"href":"https:\/\/www.maitreennajah.com\/ar\/wp-json\/wp\/v2\/types\/page"}],"author":[{"embeddable":true,"href":"https:\/\/www.maitreennajah.com\/ar\/wp-json\/wp\/v2\/users\/1"}],"replies":[{"embeddable":true,"href":"https:\/\/www.maitreennajah.com\/ar\/wp-json\/wp\/v2\/comments?post=182"}],"version-history":[{"count":25,"href":"https:\/\/www.maitreennajah.com\/ar\/wp-json\/wp\/v2\/pages\/182\/revisions"}],"predecessor-version":[{"id":1693,"href":"https:\/\/www.maitreennajah.com\/ar\/wp-json\/wp\/v2\/pages\/182\/revisions\/1693"}],"wp:attachment":[{"href":"https:\/\/www.maitreennajah.com\/ar\/wp-json\/wp\/v2\/media?parent=182"}],"curies":[{"name":"wp","href":"https:\/\/api.w.org\/{rel}","templated":true}]}}