{"id":184,"date":"2025-10-22T06:41:20","date_gmt":"2025-10-22T06:41:20","guid":{"rendered":"https:\/\/www.maitreennajah.com\/?page_id=184"},"modified":"2026-01-10T08:37:44","modified_gmt":"2026-01-10T08:37:44","slug":"droit-des-transports","status":"publish","type":"page","link":"https:\/\/www.maitreennajah.com\/ar\/droit-des-transports\/","title":{"rendered":"\u0642\u0627\u0646\u0648\u0646 \u0627\u0644\u0646\u0642\u0644"},"content":{"rendered":"<div data-elementor-type=\"wp-page\" data-elementor-id=\"184\" class=\"elementor elementor-184\">\n\t\t\t\t<div class=\"elementor-element elementor-element-0c156ea e-flex e-con-boxed e-con e-parent\" data-id=\"0c156ea\" data-element_type=\"container\" data-e-type=\"container\" data-settings=\"{&quot;background_background&quot;:&quot;classic&quot;}\">\n\t\t\t\t\t<div class=\"e-con-inner\">\n\t\t<div class=\"elementor-element elementor-element-fa8606d e-con-full e-flex e-con e-child\" data-id=\"fa8606d\" data-element_type=\"container\" data-e-type=\"container\">\n\t\t\t\t<div class=\"elementor-element elementor-element-3a3a919 elementor-widget elementor-widget-heading\" data-id=\"3a3a919\" data-element_type=\"widget\" data-e-type=\"widget\" data-widget_type=\"heading.default\">\n\t\t\t\t\t<h2 class=\"elementor-heading-title elementor-size-default\">\u0642\u0627\u0646\u0648\u0646 \u0627\u0644\u0646\u0642\u0644<\/h2>\t\t\t\t<\/div>\n\t\t\t\t<div class=\"elementor-element elementor-element-fcadf67 elementor-widget elementor-widget-text-editor\" data-id=\"fcadf67\" data-element_type=\"widget\" data-e-type=\"widget\" data-widget_type=\"text-editor.default\">\n\t\t\t\t\t\t\t\t\t<p>\u064a\u0642\u0639 \u0645\u0643\u062a\u0628 \u0627\u0644\u0623\u0633\u062a\u0627\u0630\u0629 \u0627\u0644\u0646\u062c\u0627\u062d \u062e\u062f\u064a\u062c\u0629 \u0641\u064a \u0645\u062f\u064a\u0646\u0629 \u0633\u0644\u0627\u060c \u0648\u064a\u062a\u0645\u062a\u0639 \u0628\u062e\u0628\u0631\u0629 \u0648\u0627\u0633\u0639\u0629 \u0641\u064a \u0642\u0627\u0646\u0648\u0646 \u0627\u0644\u0646\u0642\u0644\u060c \u0648\u064a\u063a\u0637\u064a \u062c\u0645\u064a\u0639 \u0648\u0633\u0627\u0626\u0644 \u0627\u0644\u0646\u0642\u0644 \u0644\u0644\u062a\u0643\u064a\u0641 \u0628\u0634\u0643\u0644 \u0635\u062d\u064a\u062d \u0645\u0639 \u0627\u0644\u062e\u0635\u0648\u0635\u064a\u0627\u062a \u0627\u0644\u0642\u0627\u0646\u0648\u0646\u064a\u0629 \u0644\u0647\u0630\u0627 \u0627\u0644\u0645\u062c\u0627\u0644.<\/p>\t\t\t\t\t\t\t\t<\/div>\n\t\t\t\t<\/div>\n\t\t\t\t\t<\/div>\n\t\t\t\t<\/div>\n\t\t<div class=\"elementor-element elementor-element-7682b96 e-flex e-con-boxed e-con e-parent\" data-id=\"7682b96\" data-element_type=\"container\" data-e-type=\"container\">\n\t\t\t\t\t<div class=\"e-con-inner\">\n\t\t<div class=\"elementor-element elementor-element-986bc32 e-con-full e-flex elementor-invisible e-con e-child\" data-id=\"986bc32\" data-element_type=\"container\" data-e-type=\"container\" data-settings=\"{&quot;background_background&quot;:&quot;classic&quot;,&quot;animation&quot;:&quot;fadeInUp&quot;,&quot;animation_delay&quot;:200}\">\n\t\t\t\t<\/div>\n\t\t<div class=\"elementor-element elementor-element-a229b89 e-con-full e-flex elementor-invisible e-con e-child\" data-id=\"a229b89\" data-element_type=\"container\" data-e-type=\"container\" data-settings=\"{&quot;background_background&quot;:&quot;classic&quot;,&quot;animation&quot;:&quot;fadeInUp&quot;}\">\n\t\t\t\t<div class=\"elementor-element elementor-element-afe8592 elementor-widget elementor-widget-heading\" data-id=\"afe8592\" data-element_type=\"widget\" data-e-type=\"widget\" data-widget_type=\"heading.default\">\n\t\t\t\t\t<h3 class=\"elementor-heading-title elementor-size-default\">\u062e\u062f\u0645\u0627\u062a \u0642\u0627\u0646\u0648\u0646\u064a\u0629 \u0634\u0627\u0645\u0644\u0629 \u0641\u064a \u0642\u0627\u0646\u0648\u0646 \u0627\u0644\u0646\u0642\u0644\n<\/h3>\t\t\t\t<\/div>\n\t\t\t\t<div class=\"elementor-element elementor-element-171f783 elementor-widget-divider--view-line elementor-widget elementor-widget-divider\" data-id=\"171f783\" data-element_type=\"widget\" data-e-type=\"widget\" data-widget_type=\"divider.default\">\n\t\t\t\t\t\t\t<div class=\"elementor-divider\">\n\t\t\t<span class=\"elementor-divider-separator\">\n\t\t\t\t\t\t<\/span>\n\t\t<\/div>\n\t\t\t\t\t\t<\/div>\n\t\t\t\t<div class=\"elementor-element elementor-element-f2cd6a9 elementor-widget elementor-widget-text-editor\" data-id=\"f2cd6a9\" data-element_type=\"widget\" data-e-type=\"widget\" data-widget_type=\"text-editor.default\">\n\t\t\t\t\t\t\t\t\t<p>\u064a\u0642\u0639 \u0645\u0643\u062a\u0628 \"\u0627\u0644\u0623\u0633\u062a\u0627\u0630\u0629 \u0627\u0644\u0646\u062c\u0627\u062d \u062e\u062f\u064a\u062c\u0629\" \u0641\u064a \u0645\u062f\u064a\u0646\u0629 \u0633\u0644\u0627\u060c \u0648\u064a\u0642\u062f\u0645 \u0628\u0627\u0642\u0629 \u0645\u062a\u0643\u0627\u0645\u0644\u0629 \u0645\u0646 \u0627\u0644\u062e\u062f\u0645\u0627\u062a \u0627\u0644\u0642\u0627\u0646\u0648\u0646\u064a\u0629 \u0641\u064a \u0645\u062c\u0627\u0644 \u0642\u0627\u0646\u0648\u0646 \u0627\u0644\u0646\u0642\u0644\u060c \u062a\u063a\u0637\u064a \u062c\u0645\u064a\u0639 \u062c\u0648\u0627\u0646\u0628 \u0627\u0644\u0642\u0637\u0627\u0639\u060c \u0628\u0645\u0627 \u0641\u064a \u0630\u0644\u0643 \u0627\u0644\u0646\u0642\u0644 \u0627\u0644\u0628\u0631\u064a \u0648\u0627\u0644\u0628\u062d\u0631\u064a \u0648\u0627\u0644\u062c\u0648\u064a \u0648\u0627\u0644\u0633\u0643\u0643\u064a. \u0646\u0642\u062f\u0645 \u062e\u062f\u0645\u0627\u062a \u0645\u062a\u062e\u0635\u0635\u0629 \u0641\u064a \u0635\u064a\u0627\u063a\u0629 \u0627\u0644\u0639\u0642\u0648\u062f \u0648\u0627\u0644\u0627\u0633\u062a\u0634\u0627\u0631\u0627\u062a \u0627\u0644\u0642\u0627\u0646\u0648\u0646\u064a\u0629\u060c \u0648\u062a\u0633\u0648\u064a\u0629 \u0627\u0644\u0645\u0646\u0627\u0632\u0639\u0627\u062a\u060c \u0648\u0627\u0644\u0645\u0633\u0627\u0626\u0644 \u0627\u0644\u062a\u0646\u0638\u064a\u0645\u064a\u0629\u060c \u0645\u0648\u0641\u0631\u064a\u0646 \u062f\u0639\u0645\u0627\u064b \u0627\u0633\u062a\u0631\u0627\u062a\u064a\u062c\u064a\u0627\u064b \u0645\u0635\u0645\u0645\u0627\u064b \u062e\u0635\u064a\u0635\u0627\u064b \u0644\u062a\u0644\u0628\u064a\u0629 \u0627\u062d\u062a\u064a\u0627\u062c\u0627\u062a \u0639\u0645\u0644\u0627\u0626\u0646\u0627. \u0648\u0628\u0641\u0636\u0644 \u062e\u0628\u0631\u062a\u0646\u0627 \u0627\u0644\u0648\u0627\u0633\u0639\u0629 \u0641\u064a \u0642\u0637\u0627\u0639 \u0627\u0644\u0646\u0642\u0644 \u0627\u0644\u0645\u063a\u0631\u0628\u064a\u060c \u0646\u0644\u062a\u0632\u0645 \u0628\u062a\u0642\u062f\u064a\u0645 \u062d\u0644\u0648\u0644 \u0642\u0627\u0646\u0648\u0646\u064a\u0629 \u0641\u0639\u0651\u0627\u0644\u0629 \u0648\u0645\u062e\u0635\u0635\u0629 \u062a\u0644\u0628\u064a \u0627\u0644\u0627\u062d\u062a\u064a\u0627\u062c\u0627\u062a \u0627\u0644\u062e\u0627\u0635\u0629 \u0644\u0643\u0644 \u0639\u0645\u064a\u0644.<\/p>\t\t\t\t\t\t\t\t<\/div>\n\t\t\t\t<\/div>\n\t\t\t\t\t<\/div>\n\t\t\t\t<\/div>\n\t\t<div class=\"elementor-element elementor-element-1d676fc e-flex e-con-boxed e-con e-parent\" data-id=\"1d676fc\" data-element_type=\"container\" data-e-type=\"container\" data-settings=\"{&quot;background_background&quot;:&quot;classic&quot;}\">\n\t\t\t\t\t<div class=\"e-con-inner\">\n\t\t<div class=\"elementor-element elementor-element-345019e e-con-full e-flex e-con e-child\" data-id=\"345019e\" data-element_type=\"container\" data-e-type=\"container\">\n\t\t\t\t<div class=\"elementor-element elementor-element-ea4172b elementor-widget elementor-widget-text-editor\" data-id=\"ea4172b\" data-element_type=\"widget\" data-e-type=\"widget\" data-widget_type=\"text-editor.default\">\n\t\t\t\t\t\t\t\t\t<p>\u064a\u0642\u062f\u0645 \u0645\u0643\u062a\u0628 \u0627\u0644\u0623\u0633\u062a\u0627\u0630\u0629 \u0627\u0644\u0646\u062c\u0627\u062d \u062e\u062f\u064a\u062c\u0629 \u0645\u062c\u0645\u0648\u0639\u0629 \u0643\u0627\u0645\u0644\u0629 \u0645\u0646 \u0627\u0644\u062e\u062f\u0645\u0627\u062a \u0627\u0644\u0642\u0627\u0646\u0648\u0646\u064a\u0629 \u0627\u0644\u0634\u062e\u0635\u064a\u0629 \u0641\u064a \u0642\u0637\u0627\u0639 \u0627\u0644\u0646\u0642\u0644\u060c \u0648\u0627\u0644\u062a\u064a \u062a\u063a\u0637\u064a \u062c\u0645\u064a\u0639 \u0623\u0646\u0648\u0627\u0639 \u0627\u0644\u0646\u0642\u0644: \u0627\u0644\u0628\u0631\u064a \u0648\u0627\u0644\u0628\u062d\u0631\u064a \u0648\u0627\u0644\u062c\u0648\u064a \u0648\u0627\u0644\u0633\u0643\u0643\u064a.<\/p>\t\t\t\t\t\t\t\t<\/div>\n\t\t\t\t<div class=\"elementor-element elementor-element-6225969 elementor-invisible elementor-widget elementor-widget-heading\" data-id=\"6225969\" data-element_type=\"widget\" data-e-type=\"widget\" data-settings=\"{&quot;_animation&quot;:&quot;fadeIn&quot;,&quot;_animation_delay&quot;:200}\" data-widget_type=\"heading.default\">\n\t\t\t\t\t<h3 class=\"elementor-heading-title elementor-size-default\">\u062e\u062f\u0645\u0627\u062a\u0646\u0627 \u0641\u064a \u0642\u0627\u0646\u0648\u0646 \u0627\u0644\u0646\u0642\u0644\n<\/h3>\t\t\t\t<\/div>\n\t\t\t\t<div class=\"elementor-element elementor-element-dbc91f1 elementor-widget-divider--view-line elementor-invisible elementor-widget elementor-widget-divider\" data-id=\"dbc91f1\" data-element_type=\"widget\" data-e-type=\"widget\" data-settings=\"{&quot;_animation&quot;:&quot;fadeIn&quot;,&quot;_animation_delay&quot;:400}\" data-widget_type=\"divider.default\">\n\t\t\t\t\t\t\t<div class=\"elementor-divider\">\n\t\t\t<span class=\"elementor-divider-separator\">\n\t\t\t\t\t\t<\/span>\n\t\t<\/div>\n\t\t\t\t\t\t<\/div>\n\t\t<div class=\"elementor-element elementor-element-e6162ab e-con-full e-flex elementor-invisible e-con e-child\" data-id=\"e6162ab\" data-element_type=\"container\" data-e-type=\"container\" data-settings=\"{&quot;animation&quot;:&quot;fadeInUp&quot;,&quot;animation_delay&quot;:400}\">\n\t\t<div class=\"elementor-element elementor-element-2637763 e-con-full e-flex e-con e-child\" data-id=\"2637763\" data-element_type=\"container\" data-e-type=\"container\" data-settings=\"{&quot;background_background&quot;:&quot;classic&quot;}\">\n\t\t\t\t<div class=\"elementor-element elementor-element-96a394a elementor-view-default elementor-widget elementor-widget-icon\" data-id=\"96a394a\" data-element_type=\"widget\" data-e-type=\"widget\" data-widget_type=\"icon.default\">\n\t\t\t\t\t\t\t<div class=\"elementor-icon-wrapper\">\n\t\t\t<div class=\"elementor-icon\">\n\t\t\t<i aria-hidden=\"true\" class=\"icon icon-chat-1\"><\/i>\t\t\t<\/div>\n\t\t<\/div>\n\t\t\t\t\t\t<\/div>\n\t\t\t\t<div class=\"elementor-element elementor-element-9865805 elementor-widget elementor-widget-heading\" data-id=\"9865805\" data-element_type=\"widget\" data-e-type=\"widget\" data-widget_type=\"heading.default\">\n\t\t\t\t\t<h4 class=\"elementor-heading-title elementor-size-default\">\u0627\u0644\u0645\u0634\u0648\u0631\u0629 \u0648\u0627\u0644\u062a\u0642\u0627\u0636\u064a \u0641\u064a \u0645\u062c\u0627\u0644 \u0627\u0644\u0646\u0642\u0644 \u0627\u0644\u0628\u0631\u064a<\/h4>\t\t\t\t<\/div>\n\t\t\t\t<div class=\"elementor-element elementor-element-a5a81f5 elementor-widget elementor-widget-text-editor\" data-id=\"a5a81f5\" data-element_type=\"widget\" data-e-type=\"widget\" data-widget_type=\"text-editor.default\">\n\t\t\t\t\t\t\t\t\t<p id=\"elementor-tab-title-1181\" class=\"elementor-tab-title elementor-active\" tabindex=\"0\" role=\"button\" data-tab=\"1\" aria-controls=\"elementor-tab-content-1181\" aria-expanded=\"true\" aria-selected=\"true\">\u0646\u062d\u0646 \u0646\u0642\u062f\u0645 \u0627\u0644\u0645\u0634\u0648\u0631\u0629 \u0644\u0639\u0645\u0644\u0627\u0626\u0646\u0627 \u0641\u064a\u0645\u0627 \u064a\u062a\u0639\u0644\u0642 \u0628\u0639\u0642\u0648\u062f \u0627\u0644\u0646\u0642\u0644 \u0627\u0644\u0628\u0631\u064a\u060c \u0648\u0627\u0644\u062a\u0634\u0631\u064a\u0639\u0627\u062a \u0627\u0644\u0645\u062a\u0639\u0644\u0642\u0629 \u0628\u0646\u0642\u0644 \u0627\u0644\u0628\u0636\u0627\u0626\u0639 \u0648\u0627\u0644\u0623\u0634\u062e\u0627\u0635\u060c \u0641\u0636\u0644\u0627\u064b \u0639\u0646 \u0627\u0644\u062a\u0645\u062b\u064a\u0644 \u0641\u064a \u0627\u0644\u0646\u0632\u0627\u0639\u0627\u062a \u0627\u0644\u0645\u062a\u0639\u0644\u0642\u0629 \u0628\u062d\u0648\u0627\u062f\u062b \u0627\u0644\u0637\u0631\u0642 \u0648\u0627\u0644\u0645\u062e\u0627\u0644\u0641\u0627\u062a \u0648\u0627\u0644\u062a\u0623\u0645\u064a\u0646.<\/p>\t\t\t\t\t\t\t\t<\/div>\n\t\t\t\t<\/div>\n\t\t<div class=\"elementor-element elementor-element-1b8f064 e-con-full e-flex e-con e-child\" data-id=\"1b8f064\" data-element_type=\"container\" data-e-type=\"container\" data-settings=\"{&quot;background_background&quot;:&quot;classic&quot;}\">\n\t\t\t\t<div class=\"elementor-element elementor-element-8bc4ee6 elementor-view-default elementor-widget elementor-widget-icon\" data-id=\"8bc4ee6\" data-element_type=\"widget\" data-e-type=\"widget\" data-widget_type=\"icon.default\">\n\t\t\t\t\t\t\t<div class=\"elementor-icon-wrapper\">\n\t\t\t<div class=\"elementor-icon\">\n\t\t\t<i aria-hidden=\"true\" class=\"icon icon-eraser\"><\/i>\t\t\t<\/div>\n\t\t<\/div>\n\t\t\t\t\t\t<\/div>\n\t\t\t\t<div class=\"elementor-element elementor-element-9acf5a1 elementor-widget elementor-widget-heading\" data-id=\"9acf5a1\" data-element_type=\"widget\" data-e-type=\"widget\" data-widget_type=\"heading.default\">\n\t\t\t\t\t<h4 class=\"elementor-heading-title elementor-size-default\">\u0627\u0644\u0642\u0627\u0646\u0648\u0646 \u0627\u0644\u0628\u062d\u0631\u064a \u0648\u0642\u0627\u0646\u0648\u0646 \u0627\u0644\u0645\u0648\u0627\u0646\u0626<\/h4>\t\t\t\t<\/div>\n\t\t\t\t<div class=\"elementor-element elementor-element-423332a elementor-widget elementor-widget-text-editor\" data-id=\"423332a\" data-element_type=\"widget\" data-e-type=\"widget\" data-widget_type=\"text-editor.default\">\n\t\t\t\t\t\t\t\t\t<p id=\"elementor-tab-title-9821\" class=\"elementor-tab-title elementor-active\" tabindex=\"0\" role=\"button\" data-tab=\"1\" aria-controls=\"elementor-tab-content-9821\" aria-expanded=\"true\" aria-selected=\"true\">\u0627\u0644\u0645\u0633\u0627\u0639\u062f\u0629 \u0641\u064a \u0635\u064a\u0627\u063a\u0629 \u0648\u062a\u0641\u0627\u0648\u0636 \u0639\u0642\u0648\u062f \u0627\u0644\u0634\u062d\u0646\u060c \u0648\u0627\u0644\u0642\u0636\u0627\u064a\u0627 \u0627\u0644\u0645\u062a\u0639\u0644\u0642\u0629 \u0628\u0634\u0631\u0627\u0621 \u0627\u0644\u0633\u0641\u0646\u060c \u0648\u0627\u0644\u0646\u0632\u0627\u0639\u0627\u062a \u0627\u0644\u0645\u062a\u0639\u0644\u0642\u0629 \u0628\u0627\u0644\u062a\u0623\u0645\u064a\u0646 \u0627\u0644\u0628\u062d\u0631\u064a\u060c \u0646\u0627\u0647\u064a\u0643 \u0639\u0646 \u0645\u0639\u0627\u064a\u064a\u0631 \u0627\u0644\u0645\u0648\u0627\u0646\u0626 \u0648\u0627\u0644\u0628\u064a\u0626\u0629.<\/p>\t\t\t\t\t\t\t\t<\/div>\n\t\t\t\t<\/div>\n\t\t\t\t<\/div>\n\t\t<div class=\"elementor-element elementor-element-05f521b e-con-full e-flex elementor-invisible e-con e-child\" data-id=\"05f521b\" data-element_type=\"container\" data-e-type=\"container\" data-settings=\"{&quot;animation&quot;:&quot;fadeInUp&quot;,&quot;animation_delay&quot;:400}\">\n\t\t<div class=\"elementor-element elementor-element-6db3005 e-con-full e-flex e-con e-child\" data-id=\"6db3005\" data-element_type=\"container\" data-e-type=\"container\" data-settings=\"{&quot;background_background&quot;:&quot;classic&quot;}\">\n\t\t\t\t<div class=\"elementor-element elementor-element-b30395b elementor-view-default elementor-widget elementor-widget-icon\" data-id=\"b30395b\" data-element_type=\"widget\" data-e-type=\"widget\" data-widget_type=\"icon.default\">\n\t\t\t\t\t\t\t<div class=\"elementor-icon-wrapper\">\n\t\t\t<div class=\"elementor-icon\">\n\t\t\t<i aria-hidden=\"true\" class=\"icon icon-file-1\"><\/i>\t\t\t<\/div>\n\t\t<\/div>\n\t\t\t\t\t\t<\/div>\n\t\t\t\t<div class=\"elementor-element elementor-element-70535d5 elementor-widget elementor-widget-heading\" data-id=\"70535d5\" data-element_type=\"widget\" data-e-type=\"widget\" data-widget_type=\"heading.default\">\n\t\t\t\t\t<h4 class=\"elementor-heading-title elementor-size-default\">\u0642\u0627\u0646\u0648\u0646 \u0627\u0644\u0647\u0648\u0627\u0621<\/h4>\t\t\t\t<\/div>\n\t\t\t\t<div class=\"elementor-element elementor-element-8d0b729 elementor-widget elementor-widget-text-editor\" data-id=\"8d0b729\" data-element_type=\"widget\" data-e-type=\"widget\" data-widget_type=\"text-editor.default\">\n\t\t\t\t\t\t\t\t\t<p>\u0646\u0635\u0627\u0626\u062d \u062d\u0648\u0644 \u0627\u062a\u0641\u0627\u0642\u064a\u0627\u062a \u0627\u0644\u0646\u0642\u0644 \u0627\u0644\u062c\u0648\u064a\u060c \u0648\u062d\u0642\u0648\u0642 \u0627\u0644\u0631\u0643\u0627\u0628\u060c \u0648\u0627\u0644\u0646\u0632\u0627\u0639\u0627\u062a \u0627\u0644\u0645\u062a\u0639\u0644\u0642\u0629 \u0628\u062a\u0623\u062e\u064a\u0631 \u0627\u0644\u0631\u062d\u0644\u0627\u062a \u0627\u0644\u062c\u0648\u064a\u0629 \u0648\u0625\u0644\u063a\u0627\u0626\u0647\u0627\u060c \u0628\u0627\u0644\u0625\u0636\u0627\u0641\u0629 \u0625\u0644\u0649 \u0627\u0644\u0627\u0645\u062a\u062b\u0627\u0644 \u0627\u0644\u062a\u0646\u0638\u064a\u0645\u064a \u0644\u0644\u0633\u0644\u0637\u0627\u062a \u0627\u0644\u062c\u0648\u064a\u0629.<\/p>\t\t\t\t\t\t\t\t<\/div>\n\t\t\t\t<\/div>\n\t\t<div class=\"elementor-element elementor-element-b49e109 e-con-full e-flex e-con e-child\" data-id=\"b49e109\" data-element_type=\"container\" data-e-type=\"container\" data-settings=\"{&quot;background_background&quot;:&quot;classic&quot;}\">\n\t\t\t\t<div class=\"elementor-element elementor-element-5f921cc elementor-view-default elementor-widget elementor-widget-icon\" data-id=\"5f921cc\" data-element_type=\"widget\" data-e-type=\"widget\" data-widget_type=\"icon.default\">\n\t\t\t\t\t\t\t<div class=\"elementor-icon-wrapper\">\n\t\t\t<div class=\"elementor-icon\">\n\t\t\t<i aria-hidden=\"true\" class=\"icon icon-file-1\"><\/i>\t\t\t<\/div>\n\t\t<\/div>\n\t\t\t\t\t\t<\/div>\n\t\t\t\t<div class=\"elementor-element elementor-element-f738ea3 elementor-widget elementor-widget-heading\" data-id=\"f738ea3\" data-element_type=\"widget\" data-e-type=\"widget\" data-widget_type=\"heading.default\">\n\t\t\t\t\t<h4 class=\"elementor-heading-title elementor-size-default\">\u0642\u0627\u0646\u0648\u0646 \u0627\u0644\u0633\u0643\u0643 \u0627\u0644\u062d\u062f\u064a\u062f\u064a\u0629<\/h4>\t\t\t\t<\/div>\n\t\t\t\t<div class=\"elementor-element elementor-element-330da93 elementor-widget elementor-widget-text-editor\" data-id=\"330da93\" data-element_type=\"widget\" data-e-type=\"widget\" data-widget_type=\"text-editor.default\">\n\t\t\t\t\t\t\t\t\t<p>\u0627\u0644\u062f\u0639\u0645 \u0627\u0644\u0642\u0627\u0646\u0648\u0646\u064a \u0644\u0623\u0646\u0634\u0637\u0629 \u0627\u0644\u0633\u0643\u0643 \u0627\u0644\u062d\u062f\u064a\u062f\u064a\u0629 \u0648\u0627\u062a\u0641\u0627\u0642\u064a\u0627\u062a \u0627\u0644\u0646\u0642\u0644 \u0628\u0627\u0644\u0633\u0643\u0643 \u0627\u0644\u062d\u062f\u064a\u062f\u064a\u0629 \u0648\u0627\u0644\u062a\u0634\u0631\u064a\u0639\u0627\u062a \u0627\u0644\u0645\u062a\u0639\u0644\u0642\u0629 \u0628\u0633\u0644\u0627\u0645\u0629 \u0627\u0644\u0633\u0643\u0643 \u0627\u0644\u062d\u062f\u064a\u062f\u064a\u0629 \u0648\u0627\u0644\u0628\u0646\u064a\u0629 \u0627\u0644\u062a\u062d\u062a\u064a\u0629.<\/p>\t\t\t\t\t\t\t\t<\/div>\n\t\t\t\t<\/div>\n\t\t\t\t<\/div>\n\t\t<div class=\"elementor-element elementor-element-dba38a3 e-con-full e-flex elementor-invisible e-con e-child\" data-id=\"dba38a3\" data-element_type=\"container\" data-e-type=\"container\" data-settings=\"{&quot;animation&quot;:&quot;fadeInUp&quot;,&quot;animation_delay&quot;:400}\">\n\t\t<div class=\"elementor-element elementor-element-8d79dcc e-con-full e-flex e-con e-child\" data-id=\"8d79dcc\" data-element_type=\"container\" data-e-type=\"container\" data-settings=\"{&quot;background_background&quot;:&quot;classic&quot;}\">\n\t\t\t\t<div class=\"elementor-element elementor-element-5967c81 elementor-view-default elementor-widget elementor-widget-icon\" data-id=\"5967c81\" data-element_type=\"widget\" data-e-type=\"widget\" data-widget_type=\"icon.default\">\n\t\t\t\t\t\t\t<div class=\"elementor-icon-wrapper\">\n\t\t\t<div class=\"elementor-icon\">\n\t\t\t<i aria-hidden=\"true\" class=\"icon icon-file-1\"><\/i>\t\t\t<\/div>\n\t\t<\/div>\n\t\t\t\t\t\t<\/div>\n\t\t\t\t<div class=\"elementor-element elementor-element-86a6caa elementor-widget elementor-widget-heading\" data-id=\"86a6caa\" data-element_type=\"widget\" data-e-type=\"widget\" data-widget_type=\"heading.default\">\n\t\t\t\t\t<h4 class=\"elementor-heading-title elementor-size-default\">\u0627\u0644\u062a\u0623\u0645\u064a\u0646 \u0648\u0627\u0644\u0645\u0633\u0624\u0648\u0644\u064a\u0629<\/h4>\t\t\t\t<\/div>\n\t\t\t\t<div class=\"elementor-element elementor-element-4c106b2 elementor-widget elementor-widget-text-editor\" data-id=\"4c106b2\" data-element_type=\"widget\" data-e-type=\"widget\" data-widget_type=\"text-editor.default\">\n\t\t\t\t\t\t\t\t\t<p>\u0627\u0644\u062e\u0628\u0631\u0629 \u0641\u064a \u0627\u0644\u062a\u0639\u0627\u0645\u0644 \u0645\u0639 \u0642\u0636\u0627\u064a\u0627 \u0627\u0644\u062a\u0623\u0645\u064a\u0646 \u0639\u0644\u0649 \u0627\u0644\u0646\u0642\u0644\u060c \u0628\u0645\u0627 \u0641\u064a \u0630\u0644\u0643 \u0645\u0633\u0624\u0648\u0644\u064a\u0629 \u0627\u0644\u0646\u0627\u0642\u0644\u060c \u0648\u0627\u0644\u0645\u0637\u0627\u0644\u0628\u0627\u062a \u0628\u0627\u0644\u062a\u0639\u0648\u064a\u0636 \u0639\u0646 \u0627\u0644\u0623\u0636\u0631\u0627\u0631.<\/p>\t\t\t\t\t\t\t\t<\/div>\n\t\t\t\t<\/div>\n\t\t\t\t<\/div>\n\t\t\t\t<\/div>\n\t\t\t\t\t<\/div>\n\t\t\t\t<\/div>\n\t\t\t\t<\/div>\n\t\t\n    <div class=\"xs_social_share_widget xs_share_url after_content \t\tmain_content  wslu-style-1 wslu-share-box-shaped wslu-fill-colored wslu-none wslu-share-horizontal wslu-theme-font-no wslu-main_content\">\n\n\t\t\n        <ul>\n\t\t\t        <\/ul>\n    <\/div>","protected":false},"excerpt":{"rendered":"<p>Droit des transports Situ\u00e9 \u00e0 Sal\u00e9, MAITRE ENNAJAH KHADIJA poss\u00e8de une expertise pouss\u00e9e en droit des transports, couvrant tous les modes de transport pour s&rsquo;adapter correctement aux sp\u00e9cificit\u00e9s juridiques de ce domaine. Services Juridiques Compr\u00e9hensifs en Droit des Transports Situ\u00e9 \u00e0 Sal\u00e9, MAITRE ENNAJAH KHADIJA propose une palette exhaustive de prestations juridiques dans le domaine [&hellip;]<\/p>","protected":false},"author":1,"featured_media":0,"parent":0,"menu_order":0,"comment_status":"closed","ping_status":"closed","template":"elementor_header_footer","meta":{"postBodyCss":"","postBodyMargin":[],"postBodyPadding":[],"postBodyBackground":{"backgroundType":"classic","gradient":""},"footnotes":""},"class_list":["post-184","page","type-page","status-publish","hentry"],"rttpg_featured_image_url":null,"rttpg_author":{"display_name":"Maitreennajah","author_link":"https:\/\/www.maitreennajah.com\/ar\/author\/takafilawfirm\/"},"rttpg_comment":0,"rttpg_category":null,"rttpg_excerpt":"Droit des transports Situ\u00e9 \u00e0 Sal\u00e9, MAITRE ENNAJAH KHADIJA poss\u00e8de une expertise pouss\u00e9e en droit des transports, couvrant tous les modes de transport pour s&rsquo;adapter correctement aux sp\u00e9cificit\u00e9s juridiques de ce domaine. Services Juridiques Compr\u00e9hensifs en Droit des Transports Situ\u00e9 \u00e0 Sal\u00e9, MAITRE ENNAJAH KHADIJA propose une palette exhaustive de prestations juridiques dans le domaine&hellip;","_links":{"self":[{"href":"https:\/\/www.maitreennajah.com\/ar\/wp-json\/wp\/v2\/pages\/184","targetHints":{"allow":["GET"]}}],"collection":[{"href":"https:\/\/www.maitreennajah.com\/ar\/wp-json\/wp\/v2\/pages"}],"about":[{"href":"https:\/\/www.maitreennajah.com\/ar\/wp-json\/wp\/v2\/types\/page"}],"author":[{"embeddable":true,"href":"https:\/\/www.maitreennajah.com\/ar\/wp-json\/wp\/v2\/users\/1"}],"replies":[{"embeddable":true,"href":"https:\/\/www.maitreennajah.com\/ar\/wp-json\/wp\/v2\/comments?post=184"}],"version-history":[{"count":13,"href":"https:\/\/www.maitreennajah.com\/ar\/wp-json\/wp\/v2\/pages\/184\/revisions"}],"predecessor-version":[{"id":1687,"href":"https:\/\/www.maitreennajah.com\/ar\/wp-json\/wp\/v2\/pages\/184\/revisions\/1687"}],"wp:attachment":[{"href":"https:\/\/www.maitreennajah.com\/ar\/wp-json\/wp\/v2\/media?parent=184"}],"curies":[{"name":"wp","href":"https:\/\/api.w.org\/{rel}","templated":true}]}}