{"id":186,"date":"2025-10-22T06:42:46","date_gmt":"2025-10-22T06:42:46","guid":{"rendered":"https:\/\/www.maitreennajah.com\/?page_id=186"},"modified":"2026-01-10T08:15:31","modified_gmt":"2026-01-10T08:15:31","slug":"arbitrage","status":"publish","type":"page","link":"https:\/\/www.maitreennajah.com\/ar\/arbitrage\/","title":{"rendered":"\u0627\u0644\u062a\u062d\u0643\u064a\u0645"},"content":{"rendered":"<div data-elementor-type=\"wp-page\" data-elementor-id=\"186\" class=\"elementor elementor-186\">\n\t\t\t\t<div class=\"elementor-element elementor-element-2f633ba e-flex e-con-boxed e-con e-parent\" data-id=\"2f633ba\" data-element_type=\"container\" data-e-type=\"container\" data-settings=\"{&quot;background_background&quot;:&quot;classic&quot;}\">\n\t\t\t\t\t<div class=\"e-con-inner\">\n\t\t<div class=\"elementor-element elementor-element-5d21868 e-con-full e-flex e-con e-child\" data-id=\"5d21868\" data-element_type=\"container\" data-e-type=\"container\">\n\t\t\t\t<div class=\"elementor-element elementor-element-c1a9316 elementor-widget elementor-widget-heading\" data-id=\"c1a9316\" data-element_type=\"widget\" data-e-type=\"widget\" data-widget_type=\"heading.default\">\n\t\t\t\t\t<h2 class=\"elementor-heading-title elementor-size-default\">\u0645\u062d\u0627\u0645\u064a\u0629 \u062a\u062d\u0643\u064a\u0645 \u0641\u064a \u0633\u0644\u0627\n<\/h2>\t\t\t\t<\/div>\n\t\t\t\t<div class=\"elementor-element elementor-element-ba3c1a4 elementor-widget elementor-widget-text-editor\" data-id=\"ba3c1a4\" data-element_type=\"widget\" data-e-type=\"widget\" data-widget_type=\"text-editor.default\">\n\t\t\t\t\t\t\t\t\t<p>\u0641\u064a \u0645\u062f\u064a\u0646\u0629 \u0633\u0644\u0627\u060c \u064a\u0643\u0631\u0633 \u0645\u0643\u062a\u0628 \u0627\u0644\u0623\u0633\u062a\u0627\u0630\u0629 \u0627\u0644\u0646\u062c\u0627\u062d \u062e\u062f\u064a\u062c\u0629 \u062c\u0647\u0648\u062f\u0647 \u0644\u062d\u0644 \u0627\u0644\u0646\u0632\u0627\u0639\u0627\u062a \u0645\u0646 \u062e\u0644\u0627\u0644 \u0627\u0644\u062a\u062d\u0643\u064a\u0645\u060c \u0648\u064a\u0642\u062f\u0645 \u062e\u0628\u0631\u0629 \u0645\u062a\u0639\u0645\u0642\u0629 \u0644\u0644\u0639\u0645\u0644\u0627\u0621 \u0627\u0644\u0630\u064a\u0646 \u064a\u0628\u062d\u062b\u0648\u0646 \u0639\u0646 \u0628\u062f\u064a\u0644 \u0641\u0639\u0627\u0644 \u0644\u0644\u0645\u0633\u0627\u0631 \u0627\u0644\u0642\u0636\u0627\u0626\u064a.<\/p>\t\t\t\t\t\t\t\t<\/div>\n\t\t\t\t<\/div>\n\t\t\t\t\t<\/div>\n\t\t\t\t<\/div>\n\t\t<div class=\"elementor-element elementor-element-280bde2 e-flex e-con-boxed e-con e-parent\" data-id=\"280bde2\" data-element_type=\"container\" data-e-type=\"container\">\n\t\t\t\t\t<div class=\"e-con-inner\">\n\t\t<div class=\"elementor-element elementor-element-e6b2cd6 e-con-full e-flex elementor-invisible e-con e-child\" data-id=\"e6b2cd6\" data-element_type=\"container\" data-e-type=\"container\" data-settings=\"{&quot;background_background&quot;:&quot;classic&quot;,&quot;animation&quot;:&quot;fadeInUp&quot;,&quot;animation_delay&quot;:200}\">\n\t\t\t\t<\/div>\n\t\t<div class=\"elementor-element elementor-element-5a74e92 e-con-full e-flex elementor-invisible e-con e-child\" data-id=\"5a74e92\" data-element_type=\"container\" data-e-type=\"container\" data-settings=\"{&quot;background_background&quot;:&quot;classic&quot;,&quot;animation&quot;:&quot;fadeInUp&quot;}\">\n\t\t\t\t<div class=\"elementor-element elementor-element-218c353 elementor-widget elementor-widget-heading\" data-id=\"218c353\" data-element_type=\"widget\" data-e-type=\"widget\" data-widget_type=\"heading.default\">\n\t\t\t\t\t<h3 class=\"elementor-heading-title elementor-size-default\">\u0645\u0647\u0627\u0631\u0627\u062a \u0627\u0644\u062a\u062d\u0643\u064a\u0645 \u0644\u062d\u0644 \u0627\u0644\u0646\u0632\u0627\u0639\u0627\u062a \u0628\u0641\u0639\u0627\u0644\u064a\u0629<\/h3>\t\t\t\t<\/div>\n\t\t\t\t<div class=\"elementor-element elementor-element-3a7b8c8 elementor-widget-divider--view-line elementor-widget elementor-widget-divider\" data-id=\"3a7b8c8\" data-element_type=\"widget\" data-e-type=\"widget\" data-widget_type=\"divider.default\">\n\t\t\t\t\t\t\t<div class=\"elementor-divider\">\n\t\t\t<span class=\"elementor-divider-separator\">\n\t\t\t\t\t\t<\/span>\n\t\t<\/div>\n\t\t\t\t\t\t<\/div>\n\t\t\t\t<div class=\"elementor-element elementor-element-5ff6b48 elementor-widget elementor-widget-text-editor\" data-id=\"5ff6b48\" data-element_type=\"widget\" data-e-type=\"widget\" data-widget_type=\"text-editor.default\">\n\t\t\t\t\t\t\t\t\t<div class=\"elementor-element elementor-element-902b286 elementor-widget elementor-widget-heading\" data-id=\"902b286\" data-element_type=\"widget\" data-widget_type=\"heading.default\"><p>\u0623\u0647\u0644\u0627\u064b \u0628\u0643\u0645 \u0641\u064a \u0635\u0641\u062d\u0629 \u0627\u0644\u062a\u062d\u0643\u064a\u0645 \u0627\u0644\u062e\u0627\u0635\u0629 \u0628\u0645\u0643\u062a\u0628 \u0627\u0644\u0645\u062d\u0627\u0645\u0627\u0629 \"\u0627\u0644\u0623\u0633\u062a\u0627\u0630\u0629 \u0627\u0644\u0646\u062c\u0627\u062d \u062e\u062f\u064a\u062c\u0629\" \u0627\u0644\u0643\u0627\u0626\u0646 \u0641\u064a \u0645\u062f\u064a\u0646\u0629 \u0633\u0644\u0627. \u0646\u062d\u0646 \u0645\u062a\u062e\u0635\u0635\u0648\u0646 \u0641\u064a \u0625\u062f\u0627\u0631\u0629 \u0627\u0644\u0646\u0632\u0627\u0639\u0627\u062a \u0645\u0646 \u062e\u0644\u0627\u0644 \u0627\u0644\u062a\u062d\u0643\u064a\u0645\u060c \u0648\u0646\u0642\u062f\u0645 \u062e\u0628\u0631\u0627\u062a\u0646\u0627 \u0644\u0644\u0639\u0645\u0644\u0627\u0621\u060c \u0627\u0644\u0645\u062d\u0644\u064a\u064a\u0646 \u0648\u0627\u0644\u062f\u0648\u0644\u064a\u064a\u0646\u060c \u0627\u0644\u0630\u064a\u0646 \u064a\u0628\u062d\u062b\u0648\u0646 \u0639\u0646 \u0628\u062f\u064a\u0644 \u0641\u0639\u0627\u0644 \u0644\u0644\u0625\u062c\u0631\u0627\u0621\u0627\u062a \u0627\u0644\u0642\u0627\u0646\u0648\u0646\u064a\u0629.<\/p><p>\u064a\u062a\u0645\u062a\u0639 \u0645\u0643\u062a\u0628\u0646\u0627 \u0628\u062e\u0628\u0631\u0629 \u0648\u0627\u0633\u0639\u0629 \u0641\u064a \u0625\u062f\u0627\u0631\u0629 \u0625\u062c\u0631\u0627\u0621\u0627\u062a \u0627\u0644\u062a\u062d\u0643\u064a\u0645\u060c \u0648\u0636\u0645\u0627\u0646 \u062d\u0644 \u0648\u0625\u062f\u0627\u0631\u0629 \u0627\u0644\u0646\u0632\u0627\u0639\u0627\u062a \u0628\u0643\u0641\u0627\u0621\u0629 \u0641\u064a \u0645\u062e\u062a\u0644\u0641 \u0627\u0644\u0645\u062c\u0627\u0644\u0627\u062a.<\/p><\/div>\t\t\t\t\t\t\t\t<\/div>\n\t\t\t\t<\/div>\n\t\t\t\t\t<\/div>\n\t\t\t\t<\/div>\n\t\t<div class=\"elementor-element elementor-element-0febc0a e-flex e-con-boxed e-con e-parent\" data-id=\"0febc0a\" data-element_type=\"container\" data-e-type=\"container\" data-settings=\"{&quot;background_background&quot;:&quot;classic&quot;}\">\n\t\t\t\t\t<div class=\"e-con-inner\">\n\t\t<div class=\"elementor-element elementor-element-9ce3b3b e-con-full e-flex e-con e-child\" data-id=\"9ce3b3b\" data-element_type=\"container\" data-e-type=\"container\">\n\t\t\t\t<div class=\"elementor-element elementor-element-ca0b19f elementor-widget elementor-widget-text-editor\" data-id=\"ca0b19f\" data-element_type=\"widget\" data-e-type=\"widget\" data-widget_type=\"text-editor.default\">\n\t\t\t\t\t\t\t\t\t<p>\u064a\u0642\u062f\u0645 \u0645\u0643\u062a\u0628 \u0627\u0644\u0645\u062d\u0627\u0645\u0627\u0629 \u0627\u0644\u0623\u0633\u062a\u0627\u0630\u0629 \u0627\u0644\u0646\u062c\u0627\u062d \u062e\u062f\u064a\u062c\u0629 \u0645\u062c\u0645\u0648\u0639\u0629 \u0634\u0627\u0645\u0644\u0629 \u0645\u0646 \u0627\u0644\u062e\u062f\u0645\u0627\u062a \u0627\u0644\u0645\u062a\u0639\u0644\u0642\u0629 \u0628\u0627\u0644\u062a\u062d\u0643\u064a\u0645\u060c \u0628\u0645\u0627 \u0641\u064a \u0630\u0644\u0643:<\/p>\t\t\t\t\t\t\t\t<\/div>\n\t\t\t\t<div class=\"elementor-element elementor-element-13979d0 elementor-invisible elementor-widget elementor-widget-heading\" data-id=\"13979d0\" data-element_type=\"widget\" data-e-type=\"widget\" data-settings=\"{&quot;_animation&quot;:&quot;fadeIn&quot;,&quot;_animation_delay&quot;:200}\" data-widget_type=\"heading.default\">\n\t\t\t\t\t<h3 class=\"elementor-heading-title elementor-size-default\">\u062e\u062f\u0645\u0627\u062a \u0627\u0644\u062a\u062d\u0643\u064a\u0645 \u0644\u062f\u064a\u0646\u0627\n<\/h3>\t\t\t\t<\/div>\n\t\t\t\t<div class=\"elementor-element elementor-element-5b775fa elementor-widget-divider--view-line elementor-invisible elementor-widget elementor-widget-divider\" data-id=\"5b775fa\" data-element_type=\"widget\" data-e-type=\"widget\" data-settings=\"{&quot;_animation&quot;:&quot;fadeIn&quot;,&quot;_animation_delay&quot;:400}\" data-widget_type=\"divider.default\">\n\t\t\t\t\t\t\t<div class=\"elementor-divider\">\n\t\t\t<span class=\"elementor-divider-separator\">\n\t\t\t\t\t\t<\/span>\n\t\t<\/div>\n\t\t\t\t\t\t<\/div>\n\t\t<div class=\"elementor-element elementor-element-a8b26fc e-con-full e-flex elementor-invisible e-con e-child\" data-id=\"a8b26fc\" data-element_type=\"container\" data-e-type=\"container\" data-settings=\"{&quot;animation&quot;:&quot;fadeInUp&quot;,&quot;animation_delay&quot;:400}\">\n\t\t<div class=\"elementor-element elementor-element-092553f e-con-full e-flex e-con e-child\" data-id=\"092553f\" data-element_type=\"container\" data-e-type=\"container\" data-settings=\"{&quot;background_background&quot;:&quot;classic&quot;}\">\n\t\t\t\t<div class=\"elementor-element elementor-element-deab2af elementor-view-default elementor-widget elementor-widget-icon\" data-id=\"deab2af\" data-element_type=\"widget\" data-e-type=\"widget\" data-widget_type=\"icon.default\">\n\t\t\t\t\t\t\t<div class=\"elementor-icon-wrapper\">\n\t\t\t<div class=\"elementor-icon\">\n\t\t\t<i aria-hidden=\"true\" class=\"icon icon-chat-1\"><\/i>\t\t\t<\/div>\n\t\t<\/div>\n\t\t\t\t\t\t<\/div>\n\t\t\t\t<div class=\"elementor-element elementor-element-4d01153 elementor-widget elementor-widget-heading\" data-id=\"4d01153\" data-element_type=\"widget\" data-e-type=\"widget\" data-widget_type=\"heading.default\">\n\t\t\t\t\t<h4 class=\"elementor-heading-title elementor-size-default\">\u0627\u0644\u062a\u0645\u062b\u064a\u0644 \u0641\u064a \u0625\u062c\u0631\u0627\u0621\u0627\u062a \u0627\u0644\u062a\u062d\u0643\u064a\u0645<\/h4>\t\t\t\t<\/div>\n\t\t\t\t<div class=\"elementor-element elementor-element-83be962 elementor-widget elementor-widget-text-editor\" data-id=\"83be962\" data-element_type=\"widget\" data-e-type=\"widget\" data-widget_type=\"text-editor.default\">\n\t\t\t\t\t\t\t\t\t<p>\u0646\u062d\u0646 \u0646\u062f\u0639\u0645 \u0639\u0645\u0644\u0627\u0626\u0646\u0627 \u0641\u064a \u062c\u0645\u064a\u0639 \u0645\u0631\u0627\u062d\u0644 \u0627\u0644\u062a\u062d\u0643\u064a\u0645\u060c \u0645\u0646 \u062a\u0634\u0643\u064a\u0644 \u0647\u064a\u0626\u0629 \u0627\u0644\u062a\u062d\u0643\u064a\u0645 \u0625\u0644\u0649 \u0645\u0631\u062d\u0644\u0629 \u0645\u0627 \u0628\u0639\u062f \u0627\u0644\u062a\u062d\u0643\u064a\u0645\u060c \u0628\u0645\u0627 \u0641\u064a \u0630\u0644\u0643 \u0625\u062f\u0627\u0631\u0629 \u062c\u0644\u0633\u0627\u062a \u0627\u0644\u0627\u0633\u062a\u0645\u0627\u0639.<\/p>\t\t\t\t\t\t\t\t<\/div>\n\t\t\t\t<\/div>\n\t\t<div class=\"elementor-element elementor-element-2d7b0bc e-con-full e-flex e-con e-child\" data-id=\"2d7b0bc\" data-element_type=\"container\" data-e-type=\"container\" data-settings=\"{&quot;background_background&quot;:&quot;classic&quot;}\">\n\t\t\t\t<div class=\"elementor-element elementor-element-568807f elementor-view-default elementor-widget elementor-widget-icon\" data-id=\"568807f\" data-element_type=\"widget\" data-e-type=\"widget\" data-widget_type=\"icon.default\">\n\t\t\t\t\t\t\t<div class=\"elementor-icon-wrapper\">\n\t\t\t<div class=\"elementor-icon\">\n\t\t\t<i aria-hidden=\"true\" class=\"icon icon-eraser\"><\/i>\t\t\t<\/div>\n\t\t<\/div>\n\t\t\t\t\t\t<\/div>\n\t\t\t\t<div class=\"elementor-element elementor-element-e5ea253 elementor-widget elementor-widget-heading\" data-id=\"e5ea253\" data-element_type=\"widget\" data-e-type=\"widget\" data-widget_type=\"heading.default\">\n\t\t\t\t\t<h4 class=\"elementor-heading-title elementor-size-default\">\u0646\u0635\u0627\u0626\u062d \u0644\u0645\u0646\u0639 \u0627\u0644\u0646\u0632\u0627\u0639\u0627\u062a <\/h4>\t\t\t\t<\/div>\n\t\t\t\t<div class=\"elementor-element elementor-element-13c8774 elementor-widget elementor-widget-text-editor\" data-id=\"13c8774\" data-element_type=\"widget\" data-e-type=\"widget\" data-widget_type=\"text-editor.default\">\n\t\t\t\t\t\t\t\t\t<p>\u0646\u062d\u0646 \u0646\u0642\u062f\u0645 \u0627\u0644\u0645\u0634\u0648\u0631\u0629 \u0644\u0639\u0645\u0644\u0627\u0626\u0646\u0627 \u0628\u0634\u0623\u0646 \u0623\u0643\u062b\u0631 \u0627\u0633\u062a\u0631\u0627\u062a\u064a\u062c\u064a\u0627\u062a \u0645\u0646\u0639 \u0627\u0644\u0646\u0632\u0627\u0639\u0627\u062a \u0641\u0639\u0627\u0644\u064a\u0629 \u0648\u0635\u064a\u0627\u063a\u0629 \u0634\u0631\u0648\u0637 \u0627\u0644\u062a\u062d\u0643\u064a\u0645 \u0627\u0644\u0641\u0639\u0627\u0644\u0629 \u0641\u064a \u0627\u0644\u0639\u0642\u0648\u062f \u0627\u0644\u062a\u062c\u0627\u0631\u064a\u0629.<\/p>\t\t\t\t\t\t\t\t<\/div>\n\t\t\t\t<\/div>\n\t\t\t\t<\/div>\n\t\t<div class=\"elementor-element elementor-element-5734254 e-con-full e-flex elementor-invisible e-con e-child\" data-id=\"5734254\" data-element_type=\"container\" data-e-type=\"container\" data-settings=\"{&quot;animation&quot;:&quot;fadeInUp&quot;,&quot;animation_delay&quot;:400}\">\n\t\t<div class=\"elementor-element elementor-element-22b4aec e-con-full e-flex e-con e-child\" data-id=\"22b4aec\" data-element_type=\"container\" data-e-type=\"container\" data-settings=\"{&quot;background_background&quot;:&quot;classic&quot;}\">\n\t\t\t\t<div class=\"elementor-element elementor-element-b430278 elementor-view-default elementor-widget elementor-widget-icon\" data-id=\"b430278\" data-element_type=\"widget\" data-e-type=\"widget\" data-widget_type=\"icon.default\">\n\t\t\t\t\t\t\t<div class=\"elementor-icon-wrapper\">\n\t\t\t<div class=\"elementor-icon\">\n\t\t\t<i aria-hidden=\"true\" class=\"icon icon-file-1\"><\/i>\t\t\t<\/div>\n\t\t<\/div>\n\t\t\t\t\t\t<\/div>\n\t\t\t\t<div class=\"elementor-element elementor-element-ddd7c69 elementor-widget elementor-widget-heading\" data-id=\"ddd7c69\" data-element_type=\"widget\" data-e-type=\"widget\" data-widget_type=\"heading.default\">\n\t\t\t\t\t<h4 class=\"elementor-heading-title elementor-size-default\">\u062a\u0646\u0641\u064a\u0630 \u0623\u062d\u0643\u0627\u0645 \u0627\u0644\u062a\u062d\u0643\u064a\u0645<\/h4>\t\t\t\t<\/div>\n\t\t\t\t<div class=\"elementor-element elementor-element-faaf4b2 elementor-widget elementor-widget-text-editor\" data-id=\"faaf4b2\" data-element_type=\"widget\" data-e-type=\"widget\" data-widget_type=\"text-editor.default\">\n\t\t\t\t\t\t\t\t\t<p>\u0627\u0644\u0645\u0633\u0627\u0639\u062f\u0629 \u0641\u064a \u062a\u0646\u0641\u064a\u0630 \u0623\u062d\u0643\u0627\u0645 \u0627\u0644\u062a\u062d\u0643\u064a\u0645.<\/p>\t\t\t\t\t\t\t\t<\/div>\n\t\t\t\t<\/div>\n\t\t<div class=\"elementor-element elementor-element-f6fee1a e-con-full e-flex e-con e-child\" data-id=\"f6fee1a\" data-element_type=\"container\" data-e-type=\"container\" data-settings=\"{&quot;background_background&quot;:&quot;classic&quot;}\">\n\t\t\t\t<div class=\"elementor-element elementor-element-f39635f elementor-view-default elementor-widget elementor-widget-icon\" data-id=\"f39635f\" data-element_type=\"widget\" data-e-type=\"widget\" data-widget_type=\"icon.default\">\n\t\t\t\t\t\t\t<div class=\"elementor-icon-wrapper\">\n\t\t\t<div class=\"elementor-icon\">\n\t\t\t<i aria-hidden=\"true\" class=\"icon icon-checked1\"><\/i>\t\t\t<\/div>\n\t\t<\/div>\n\t\t\t\t\t\t<\/div>\n\t\t\t\t<div class=\"elementor-element elementor-element-ce61c39 elementor-widget elementor-widget-heading\" data-id=\"ce61c39\" data-element_type=\"widget\" data-e-type=\"widget\" data-widget_type=\"heading.default\">\n\t\t\t\t\t<h4 class=\"elementor-heading-title elementor-size-default\">\u0627\u0644\u062a\u062d\u0643\u064a\u0645 \u0627\u0644\u062a\u062c\u0627\u0631\u064a \u0648\u0627\u0644\u062f\u0648\u0644\u064a<\/h4>\t\t\t\t<\/div>\n\t\t\t\t<div class=\"elementor-element elementor-element-7cfb748 elementor-widget elementor-widget-text-editor\" data-id=\"7cfb748\" data-element_type=\"widget\" data-e-type=\"widget\" data-widget_type=\"text-editor.default\">\n\t\t\t\t\t\t\t\t\t<p>\u0627\u0644\u062a\u062e\u0635\u0635 \u0641\u064a \u062d\u0644 \u0627\u0644\u0646\u0632\u0627\u0639\u0627\u062a \u0627\u0644\u062a\u062c\u0627\u0631\u064a\u0629 \u0648\u0627\u0644\u062f\u0648\u0644\u064a\u0629\u060c \u0648\u062a\u0642\u062f\u064a\u0645 \u0625\u062a\u0642\u0627\u0646 \u0645\u0641\u0635\u0644 \u0644\u0642\u0648\u0627\u0639\u062f \u0627\u0644\u062a\u062d\u0643\u064a\u0645 \u0627\u0644\u0645\u0624\u0633\u0633\u064a.<\/p>\t\t\t\t\t\t\t\t<\/div>\n\t\t\t\t<\/div>\n\t\t\t\t<\/div>\n\t\t<div class=\"elementor-element elementor-element-ab41a96 e-con-full e-flex elementor-invisible e-con e-child\" data-id=\"ab41a96\" data-element_type=\"container\" data-e-type=\"container\" data-settings=\"{&quot;animation&quot;:&quot;fadeInUp&quot;,&quot;animation_delay&quot;:600}\">\n\t\t<div class=\"elementor-element elementor-element-9d284d2 e-con-full e-flex e-con e-child\" data-id=\"9d284d2\" data-element_type=\"container\" data-e-type=\"container\" data-settings=\"{&quot;background_background&quot;:&quot;classic&quot;}\">\n\t\t\t\t<div class=\"elementor-element elementor-element-7c46e09 elementor-view-default elementor-widget elementor-widget-icon\" data-id=\"7c46e09\" data-element_type=\"widget\" data-e-type=\"widget\" data-widget_type=\"icon.default\">\n\t\t\t\t\t\t\t<div class=\"elementor-icon-wrapper\">\n\t\t\t<div class=\"elementor-icon\">\n\t\t\t<i aria-hidden=\"true\" class=\"icon icon-finance-book\"><\/i>\t\t\t<\/div>\n\t\t<\/div>\n\t\t\t\t\t\t<\/div>\n\t\t\t\t<div class=\"elementor-element elementor-element-ae97fa9 elementor-widget elementor-widget-heading\" data-id=\"ae97fa9\" data-element_type=\"widget\" data-e-type=\"widget\" data-widget_type=\"heading.default\">\n\t\t\t\t\t<h4 class=\"elementor-heading-title elementor-size-default\">\u0627\u0644\u0648\u0633\u0627\u0637\u0629 \u0648\u0627\u0644\u0637\u0631\u0642 \u0627\u0644\u0628\u062f\u064a\u0644\u0629 \u0627\u0644\u0623\u062e\u0631\u0649 \u0644\u062d\u0644 \u0627\u0644\u0646\u0632\u0627\u0639\u0627\u062a<\/h4>\t\t\t\t<\/div>\n\t\t\t\t<div class=\"elementor-element elementor-element-e8d3667 elementor-widget elementor-widget-text-editor\" data-id=\"e8d3667\" data-element_type=\"widget\" data-e-type=\"widget\" data-widget_type=\"text-editor.default\">\n\t\t\t\t\t\t\t\t\t<p>\u0627\u0644\u062f\u0639\u0645 \u0648\u0627\u0644\u062a\u0648\u062c\u064a\u0647 \u0641\u064a \u0645\u062c\u0627\u0644 \u0627\u0644\u0648\u0633\u0627\u0637\u0629 \u0648\u063a\u064a\u0631\u0647\u0627 \u0645\u0646 \u0623\u0634\u0643\u0627\u0644 \u062d\u0644 \u0627\u0644\u0646\u0632\u0627\u0639\u0627\u062a \u0633\u0644\u0645\u064a\u0627\u060c \u0643\u0628\u062f\u0627\u0626\u0644 \u0623\u0648 \u0628\u0627\u0644\u0625\u0636\u0627\u0641\u0629 \u0625\u0644\u0649 \u0627\u0644\u062a\u062d\u0643\u064a\u0645.<\/p>\t\t\t\t\t\t\t\t<\/div>\n\t\t\t\t<\/div>\n\t\t\t\t<\/div>\n\t\t\t\t<\/div>\n\t\t\t\t\t<\/div>\n\t\t\t\t<\/div>\n\t\t\t\t<\/div>\n\t\t\n    <div class=\"xs_social_share_widget xs_share_url after_content \t\tmain_content  wslu-style-1 wslu-share-box-shaped wslu-fill-colored wslu-none wslu-share-horizontal wslu-theme-font-no wslu-main_content\">\n\n\t\t\n        <ul>\n\t\t\t        <\/ul>\n    <\/div>","protected":false},"excerpt":{"rendered":"<p>Avocat Arbitrage Sal\u00e9 \u00c0 Sal\u00e9, MAITRE ENNAJAH KHADIJA se consacre \u00e0 la r\u00e9solution de litiges par le biais de l&rsquo;arbitrage, offrant une expertise approfondie aux clients en qu\u00eate d&rsquo;une alternative efficiente \u00e0 la voie judiciaire. Comp\u00e9tence en Arbitrage pour un R\u00e8glement Efficace des Conflits Bienvenue sur la page consacr\u00e9e \u00e0 l&rsquo;Arbitrage du MAITRE ENNAJAH KHADIJA, [&hellip;]<\/p>","protected":false},"author":1,"featured_media":0,"parent":0,"menu_order":0,"comment_status":"closed","ping_status":"closed","template":"elementor_header_footer","meta":{"postBodyCss":"","postBodyMargin":[],"postBodyPadding":[],"postBodyBackground":{"backgroundType":"classic","gradient":""},"footnotes":""},"class_list":["post-186","page","type-page","status-publish","hentry"],"rttpg_featured_image_url":null,"rttpg_author":{"display_name":"Maitreennajah","author_link":"https:\/\/www.maitreennajah.com\/ar\/author\/takafilawfirm\/"},"rttpg_comment":0,"rttpg_category":null,"rttpg_excerpt":"Avocat Arbitrage Sal\u00e9 \u00c0 Sal\u00e9, MAITRE ENNAJAH KHADIJA se consacre \u00e0 la r\u00e9solution de litiges par le biais de l&rsquo;arbitrage, offrant une expertise approfondie aux clients en qu\u00eate d&rsquo;une alternative efficiente \u00e0 la voie judiciaire. Comp\u00e9tence en Arbitrage pour un R\u00e8glement Efficace des Conflits Bienvenue sur la page consacr\u00e9e \u00e0 l&rsquo;Arbitrage du MAITRE ENNAJAH KHADIJA,&hellip;","_links":{"self":[{"href":"https:\/\/www.maitreennajah.com\/ar\/wp-json\/wp\/v2\/pages\/186","targetHints":{"allow":["GET"]}}],"collection":[{"href":"https:\/\/www.maitreennajah.com\/ar\/wp-json\/wp\/v2\/pages"}],"about":[{"href":"https:\/\/www.maitreennajah.com\/ar\/wp-json\/wp\/v2\/types\/page"}],"author":[{"embeddable":true,"href":"https:\/\/www.maitreennajah.com\/ar\/wp-json\/wp\/v2\/users\/1"}],"replies":[{"embeddable":true,"href":"https:\/\/www.maitreennajah.com\/ar\/wp-json\/wp\/v2\/comments?post=186"}],"version-history":[{"count":19,"href":"https:\/\/www.maitreennajah.com\/ar\/wp-json\/wp\/v2\/pages\/186\/revisions"}],"predecessor-version":[{"id":1657,"href":"https:\/\/www.maitreennajah.com\/ar\/wp-json\/wp\/v2\/pages\/186\/revisions\/1657"}],"wp:attachment":[{"href":"https:\/\/www.maitreennajah.com\/ar\/wp-json\/wp\/v2\/media?parent=186"}],"curies":[{"name":"wp","href":"https:\/\/api.w.org\/{rel}","templated":true}]}}