{"id":189,"date":"2025-10-22T06:43:19","date_gmt":"2025-10-22T06:43:19","guid":{"rendered":"https:\/\/www.maitreennajah.com\/?page_id=189"},"modified":"2026-01-10T08:19:46","modified_gmt":"2026-01-10T08:19:46","slug":"droit-de-la-consommation","status":"publish","type":"page","link":"https:\/\/www.maitreennajah.com\/ar\/droit-de-la-consommation\/","title":{"rendered":"\u0642\u0627\u0646\u0648\u0646 \u062d\u0645\u0627\u064a\u0629 \u0627\u0644\u0645\u0633\u062a\u0647\u0644\u0643"},"content":{"rendered":"<div data-elementor-type=\"wp-page\" data-elementor-id=\"189\" class=\"elementor elementor-189\">\n\t\t\t\t<div class=\"elementor-element elementor-element-3750bde e-flex e-con-boxed e-con e-parent\" data-id=\"3750bde\" data-element_type=\"container\" data-e-type=\"container\" data-settings=\"{&quot;background_background&quot;:&quot;classic&quot;}\">\n\t\t\t\t\t<div class=\"e-con-inner\">\n\t\t<div class=\"elementor-element elementor-element-47b32ba e-con-full e-flex e-con e-child\" data-id=\"47b32ba\" data-element_type=\"container\" data-e-type=\"container\">\n\t\t\t\t<div class=\"elementor-element elementor-element-b853179 elementor-widget elementor-widget-heading\" data-id=\"b853179\" data-element_type=\"widget\" data-e-type=\"widget\" data-widget_type=\"heading.default\">\n\t\t\t\t\t<h2 class=\"elementor-heading-title elementor-size-default\">\u0642\u0627\u0646\u0648\u0646 \u062d\u0645\u0627\u064a\u0629 \u0627\u0644\u0645\u0633\u062a\u0647\u0644\u0643<\/h2>\t\t\t\t<\/div>\n\t\t\t\t<div class=\"elementor-element elementor-element-0ef27d8 elementor-widget elementor-widget-text-editor\" data-id=\"0ef27d8\" data-element_type=\"widget\" data-e-type=\"widget\" data-widget_type=\"text-editor.default\">\n\t\t\t\t\t\t\t\t\t<p>\u0645\u062d\u0627\u0645\u064a\u0629 \u0642\u0627\u0646\u0648\u0646 \u0627\u0644\u0645\u0633\u062a\u0647\u0644\u0643 \u0641\u064a \u0645\u062f\u064a\u0646\u0629 \u0633\u0644\u0627<\/p>\t\t\t\t\t\t\t\t<\/div>\n\t\t\t\t<\/div>\n\t\t\t\t\t<\/div>\n\t\t\t\t<\/div>\n\t\t<div class=\"elementor-element elementor-element-0d473ac e-flex e-con-boxed e-con e-parent\" data-id=\"0d473ac\" data-element_type=\"container\" data-e-type=\"container\">\n\t\t\t\t\t<div class=\"e-con-inner\">\n\t\t<div class=\"elementor-element elementor-element-ad31ccb e-con-full e-flex elementor-invisible e-con e-child\" data-id=\"ad31ccb\" data-element_type=\"container\" data-e-type=\"container\" data-settings=\"{&quot;background_background&quot;:&quot;classic&quot;,&quot;animation&quot;:&quot;fadeInUp&quot;,&quot;animation_delay&quot;:200}\">\n\t\t\t\t<\/div>\n\t\t<div class=\"elementor-element elementor-element-37197b2 e-con-full e-flex elementor-invisible e-con e-child\" data-id=\"37197b2\" data-element_type=\"container\" data-e-type=\"container\" data-settings=\"{&quot;background_background&quot;:&quot;classic&quot;,&quot;animation&quot;:&quot;fadeInUp&quot;}\">\n\t\t\t\t<div class=\"elementor-element elementor-element-ccc888a elementor-widget elementor-widget-heading\" data-id=\"ccc888a\" data-element_type=\"widget\" data-e-type=\"widget\" data-widget_type=\"heading.default\">\n\t\t\t\t\t<h3 class=\"elementor-heading-title elementor-size-default\">\u062e\u0628\u0631\u062a\u0646\u0627 \u0641\u064a \u0642\u0627\u0646\u0648\u0646 \u062d\u0645\u0627\u064a\u0629 \u0627\u0644\u0645\u0633\u062a\u0647\u0644\u0643\n<\/h3>\t\t\t\t<\/div>\n\t\t\t\t<div class=\"elementor-element elementor-element-f306661 elementor-widget-divider--view-line elementor-widget elementor-widget-divider\" data-id=\"f306661\" data-element_type=\"widget\" data-e-type=\"widget\" data-widget_type=\"divider.default\">\n\t\t\t\t\t\t\t<div class=\"elementor-divider\">\n\t\t\t<span class=\"elementor-divider-separator\">\n\t\t\t\t\t\t<\/span>\n\t\t<\/div>\n\t\t\t\t\t\t<\/div>\n\t\t\t\t<div class=\"elementor-element elementor-element-25c7fe3 elementor-widget elementor-widget-text-editor\" data-id=\"25c7fe3\" data-element_type=\"widget\" data-e-type=\"widget\" data-widget_type=\"text-editor.default\">\n\t\t\t\t\t\t\t\t\t<p>\u0623\u0647\u0644\u0627\u064b \u0628\u0643\u0645 \u0641\u064a \u0642\u0633\u0645 \u0642\u0627\u0646\u0648\u0646 \u0627\u0644\u0645\u0633\u062a\u0647\u0644\u0643 \u0627\u0644\u062a\u0627\u0628\u0639 \u0644\u0645\u0643\u062a\u0628 \u0627\u0644\u0623\u0633\u062a\u0627\u0630\u0629 \u0627\u0644\u0646\u062c\u0627\u062d \u062e\u062f\u064a\u062c\u0629\u060c \u0648\u0645\u0642\u0631\u0647 \u0641\u064a \u0645\u062f\u064a\u0646\u0629 \u0633\u0644\u0627.<\/p><p>\u064a\u0642\u062f\u0645 \u0645\u0643\u062a\u0628\u0646\u0627 \u062e\u0628\u0631\u0629 \u0642\u0627\u0646\u0648\u0646\u064a\u0629 \u0645\u062a\u062e\u0635\u0635\u0629 \u0644\u062f\u0639\u0645 \u0627\u0644\u0634\u0631\u0643\u0627\u062a \u0648\u0627\u0644\u0645\u0633\u062a\u0647\u0644\u0643\u064a\u0646 \u0641\u064a \u0645\u062c\u0627\u0644 \u0642\u0627\u0646\u0648\u0646 \u0627\u0644\u0645\u0633\u062a\u0647\u0644\u0643 \u0627\u0644\u0645\u0639\u0642\u062f \u0641\u064a \u0627\u0644\u0645\u063a\u0631\u0628.<\/p><p>\u0645\u0647\u0645\u062a\u0646\u0627 \u0647\u064a \u062a\u0642\u062f\u064a\u0645 \u062a\u0648\u0635\u064a\u0627\u062a \u0642\u0627\u0646\u0648\u0646\u064a\u0629 \u062f\u0642\u064a\u0642\u0629 \u0648\u0645\u0641\u064a\u062f\u0629 \u0644\u0636\u0645\u0627\u0646 \u0627\u0644\u0627\u0645\u062a\u062b\u0627\u0644 \u0644\u0644\u0648\u0627\u0626\u062d \u0648\u062d\u0645\u0627\u064a\u0629 \u062d\u0642\u0648\u0642 \u0627\u0644\u0645\u0633\u062a\u0647\u0644\u0643.<\/p>\t\t\t\t\t\t\t\t<\/div>\n\t\t\t\t<\/div>\n\t\t\t\t\t<\/div>\n\t\t\t\t<\/div>\n\t\t<div class=\"elementor-element elementor-element-848d234 e-flex e-con-boxed e-con e-parent\" data-id=\"848d234\" data-element_type=\"container\" data-e-type=\"container\" data-settings=\"{&quot;background_background&quot;:&quot;classic&quot;}\">\n\t\t\t\t\t<div class=\"e-con-inner\">\n\t\t<div class=\"elementor-element elementor-element-e39f713 e-con-full e-flex e-con e-child\" data-id=\"e39f713\" data-element_type=\"container\" data-e-type=\"container\">\n\t\t\t\t<div class=\"elementor-element elementor-element-9c4419f elementor-widget elementor-widget-text-editor\" data-id=\"9c4419f\" data-element_type=\"widget\" data-e-type=\"widget\" data-widget_type=\"text-editor.default\">\n\t\t\t\t\t\t\t\t\t<p>\u0625\u0646 \u0645\u0643\u062a\u0628\u0646\u0627 \u0627\u0644\u0642\u0627\u0646\u0648\u0646\u064a \u0645\u062a\u062e\u0635\u0635 \u0628\u0627\u0644\u0643\u0627\u0645\u0644 \u0641\u064a \u0627\u0644\u0642\u0627\u0646\u0648\u0646 \u0627\u0644\u062a\u062c\u0627\u0631\u064a\u060c \u0648\u064a\u0642\u062f\u0645 \u0627\u0644\u0645\u0633\u0627\u0639\u062f\u0629 \u0627\u0644\u0642\u0627\u0646\u0648\u0646\u064a\u0629 \u0627\u0644\u0634\u0627\u0645\u0644\u0629 \u0644\u0636\u0645\u0627\u0646 \u0623\u0645\u0646 \u0648\u062a\u0637\u0648\u064a\u0631 \u0634\u0631\u0643\u062a\u0643:<\/p>\t\t\t\t\t\t\t\t<\/div>\n\t\t\t\t<div class=\"elementor-element elementor-element-3fd5688 elementor-invisible elementor-widget elementor-widget-heading\" data-id=\"3fd5688\" data-element_type=\"widget\" data-e-type=\"widget\" data-settings=\"{&quot;_animation&quot;:&quot;fadeIn&quot;,&quot;_animation_delay&quot;:200}\" data-widget_type=\"heading.default\">\n\t\t\t\t\t<h3 class=\"elementor-heading-title elementor-size-default\">\u0645\u062d\u0627\u0645\u064a\u0629 \u0627\u0644\u062f\u0639\u0627\u0648\u0649 \u0627\u0644\u062a\u062c\u0627\u0631\u064a\u0629 - \u0645\u062d\u0627\u0645\u064a\u0629 \u0643\u0641\u0621 \u0644\u0642\u0636\u0627\u064a\u0627\u0643 \u0627\u0644\u062a\u062c\u0627\u0631\u064a\u0629\n<\/h3>\t\t\t\t<\/div>\n\t\t\t\t<div class=\"elementor-element elementor-element-9082666 elementor-widget-divider--view-line elementor-invisible elementor-widget elementor-widget-divider\" data-id=\"9082666\" data-element_type=\"widget\" data-e-type=\"widget\" data-settings=\"{&quot;_animation&quot;:&quot;fadeIn&quot;,&quot;_animation_delay&quot;:400}\" data-widget_type=\"divider.default\">\n\t\t\t\t\t\t\t<div class=\"elementor-divider\">\n\t\t\t<span class=\"elementor-divider-separator\">\n\t\t\t\t\t\t<\/span>\n\t\t<\/div>\n\t\t\t\t\t\t<\/div>\n\t\t<div class=\"elementor-element elementor-element-e298769 e-con-full e-flex elementor-invisible e-con e-child\" data-id=\"e298769\" data-element_type=\"container\" data-e-type=\"container\" data-settings=\"{&quot;animation&quot;:&quot;fadeInUp&quot;,&quot;animation_delay&quot;:400}\">\n\t\t<div class=\"elementor-element elementor-element-6c0e7c3 e-con-full e-flex e-con e-child\" data-id=\"6c0e7c3\" data-element_type=\"container\" data-e-type=\"container\" data-settings=\"{&quot;background_background&quot;:&quot;classic&quot;}\">\n\t\t\t\t<div class=\"elementor-element elementor-element-47ea059 elementor-view-default elementor-widget elementor-widget-icon\" data-id=\"47ea059\" data-element_type=\"widget\" data-e-type=\"widget\" data-widget_type=\"icon.default\">\n\t\t\t\t\t\t\t<div class=\"elementor-icon-wrapper\">\n\t\t\t<div class=\"elementor-icon\">\n\t\t\t<i aria-hidden=\"true\" class=\"icon icon-chat-1\"><\/i>\t\t\t<\/div>\n\t\t<\/div>\n\t\t\t\t\t\t<\/div>\n\t\t\t\t<div class=\"elementor-element elementor-element-3f72e22 elementor-widget elementor-widget-heading\" data-id=\"3f72e22\" data-element_type=\"widget\" data-e-type=\"widget\" data-widget_type=\"heading.default\">\n\t\t\t\t\t<h4 class=\"elementor-heading-title elementor-size-default\">\u0646\u0635\u0627\u0626\u062d \u0627\u0644\u0627\u0645\u062a\u062b\u0627\u0644 \n<\/h4>\t\t\t\t<\/div>\n\t\t\t\t<div class=\"elementor-element elementor-element-aa0c3fa elementor-widget elementor-widget-text-editor\" data-id=\"aa0c3fa\" data-element_type=\"widget\" data-e-type=\"widget\" data-widget_type=\"text-editor.default\">\n\t\t\t\t\t\t\t\t\t<p>\u0646\u062d\u0646 \u0646\u062f\u0639\u0645 \u0627\u0644\u0634\u0631\u0643\u0627\u062a \u0641\u064a \u0627\u0644\u062a\u0632\u0627\u0645\u0647\u0627 \u0628\u0627\u0644\u0642\u0648\u0627\u0646\u064a\u0646 \u0648\u0627\u0644\u0645\u0639\u0627\u064a\u064a\u0631 \u0627\u0644\u0645\u063a\u0631\u0628\u064a\u0629 \u0627\u0644\u0645\u062a\u0639\u0644\u0642\u0629 \u0628\u062d\u0645\u0627\u064a\u0629 \u0627\u0644\u0645\u0633\u062a\u0647\u0644\u0643\u060c \u0628\u0645\u0627 \u0641\u064a \u0630\u0644\u0643 \u0645\u0645\u0627\u0631\u0633\u0627\u062a \u0627\u0644\u062a\u062c\u0627\u0631\u0629 \u0627\u0644\u0639\u0627\u062f\u0644\u0629\u060c \u0648\u0648\u0636\u0639 \u0627\u0644\u0639\u0644\u0627\u0645\u0627\u062a \u0639\u0644\u0649 \u0627\u0644\u0645\u0646\u062a\u062c\u0627\u062a \u0648\u0627\u0644\u0625\u0639\u0644\u0627\u0646.<\/p>\t\t\t\t\t\t\t\t<\/div>\n\t\t\t\t<\/div>\n\t\t<div class=\"elementor-element elementor-element-c6febca e-con-full e-flex e-con e-child\" data-id=\"c6febca\" data-element_type=\"container\" data-e-type=\"container\" data-settings=\"{&quot;background_background&quot;:&quot;classic&quot;}\">\n\t\t\t\t<div class=\"elementor-element elementor-element-abb6ff8 elementor-view-default elementor-widget elementor-widget-icon\" data-id=\"abb6ff8\" data-element_type=\"widget\" data-e-type=\"widget\" data-widget_type=\"icon.default\">\n\t\t\t\t\t\t\t<div class=\"elementor-icon-wrapper\">\n\t\t\t<div class=\"elementor-icon\">\n\t\t\t<i aria-hidden=\"true\" class=\"icon icon-eraser\"><\/i>\t\t\t<\/div>\n\t\t<\/div>\n\t\t\t\t\t\t<\/div>\n\t\t\t\t<div class=\"elementor-element elementor-element-10bee2f elementor-widget elementor-widget-heading\" data-id=\"10bee2f\" data-element_type=\"widget\" data-e-type=\"widget\" data-widget_type=\"heading.default\">\n\t\t\t\t\t<h4 class=\"elementor-heading-title elementor-size-default\">\u0627\u0644\u0646\u0632\u0627\u0639\u0627\u062a \u0648\u0627\u0644\u062a\u0645\u062b\u064a\u0644 \u0627\u0644\u0642\u0627\u0646\u0648\u0646\u064a<\/h4>\t\t\t\t<\/div>\n\t\t\t\t<div class=\"elementor-element elementor-element-8f37fc6 elementor-widget elementor-widget-text-editor\" data-id=\"8f37fc6\" data-element_type=\"widget\" data-e-type=\"widget\" data-widget_type=\"text-editor.default\">\n\t\t\t\t\t\t\t\t\t<p>\u0646\u062d\u0646 \u0646\u062f\u0627\u0641\u0639 \u0639\u0646 \u0643\u0644 \u0645\u0646 \u0627\u0644\u0634\u0631\u0643\u0627\u062a \u0648\u0627\u0644\u0645\u0633\u062a\u0647\u0644\u0643\u064a\u0646 \u0641\u064a \u0627\u0644\u0646\u0632\u0627\u0639\u0627\u062a \u0627\u0644\u0645\u062a\u0639\u0644\u0642\u0629 \u0628\u0642\u0627\u0646\u0648\u0646 \u0627\u0644\u0645\u0633\u062a\u0647\u0644\u0643\u060c \u0648\u0646\u0642\u062f\u0645 \u062a\u0645\u062b\u064a\u0644\u064b\u0627 \u0641\u0639\u0627\u0644\u064b\u0627 \u0641\u064a \u0627\u0644\u062f\u0641\u0627\u0639 \u0648\u0627\u0644\u0627\u062f\u0639\u0627\u0621 \u0623\u0645\u0627\u0645 \u0627\u0644\u0645\u062d\u0627\u0643\u0645.<\/p>\t\t\t\t\t\t\t\t<\/div>\n\t\t\t\t<\/div>\n\t\t\t\t<\/div>\n\t\t<div class=\"elementor-element elementor-element-9d44980 e-con-full e-flex elementor-invisible e-con e-child\" data-id=\"9d44980\" data-element_type=\"container\" data-e-type=\"container\" data-settings=\"{&quot;animation&quot;:&quot;fadeInUp&quot;,&quot;animation_delay&quot;:400}\">\n\t\t<div class=\"elementor-element elementor-element-bdf9175 e-con-full e-flex e-con e-child\" data-id=\"bdf9175\" data-element_type=\"container\" data-e-type=\"container\" data-settings=\"{&quot;background_background&quot;:&quot;classic&quot;}\">\n\t\t\t\t<div class=\"elementor-element elementor-element-09b8c45 elementor-view-default elementor-widget elementor-widget-icon\" data-id=\"09b8c45\" data-element_type=\"widget\" data-e-type=\"widget\" data-widget_type=\"icon.default\">\n\t\t\t\t\t\t\t<div class=\"elementor-icon-wrapper\">\n\t\t\t<div class=\"elementor-icon\">\n\t\t\t<i aria-hidden=\"true\" class=\"icon icon-file-1\"><\/i>\t\t\t<\/div>\n\t\t<\/div>\n\t\t\t\t\t\t<\/div>\n\t\t\t\t<div class=\"elementor-element elementor-element-3ab63b1 elementor-widget elementor-widget-heading\" data-id=\"3ab63b1\" data-element_type=\"widget\" data-e-type=\"widget\" data-widget_type=\"heading.default\">\n\t\t\t\t\t<h4 class=\"elementor-heading-title elementor-size-default\">\u0639\u0642\u062f \u0627\u0644\u0628\u064a\u0639 \u0648\u0627\u0644\u0636\u0645\u0627\u0646\u0627\u062a<\/h4>\t\t\t\t<\/div>\n\t\t\t\t<div class=\"elementor-element elementor-element-831db96 elementor-widget elementor-widget-text-editor\" data-id=\"831db96\" data-element_type=\"widget\" data-e-type=\"widget\" data-widget_type=\"text-editor.default\">\n\t\t\t\t\t\t\t\t\t<p>\u0627\u0644\u0645\u0633\u0627\u0639\u062f\u0629 \u0641\u064a \u0635\u064a\u0627\u063a\u0629 \u0648\u0645\u0631\u0627\u062c\u0639\u0629 \u0639\u0642\u0648\u062f \u0627\u0644\u0628\u064a\u0639\u060c \u0648\u0627\u0644\u062a\u0623\u0643\u062f \u0645\u0646 \u062a\u0648\u0627\u0641\u0642\u0647\u0627 \u0645\u0639 \u0645\u0639\u0627\u064a\u064a\u0631 \u062d\u0645\u0627\u064a\u0629 \u0627\u0644\u0645\u0633\u062a\u0647\u0644\u0643 \u0627\u0644\u0642\u0627\u0646\u0648\u0646\u064a\u0629.<\/p>\t\t\t\t\t\t\t\t<\/div>\n\t\t\t\t<\/div>\n\t\t<div class=\"elementor-element elementor-element-bdc4660 e-con-full e-flex e-con e-child\" data-id=\"bdc4660\" data-element_type=\"container\" data-e-type=\"container\" data-settings=\"{&quot;background_background&quot;:&quot;classic&quot;}\">\n\t\t\t\t<div class=\"elementor-element elementor-element-b5e9a11 elementor-view-default elementor-widget elementor-widget-icon\" data-id=\"b5e9a11\" data-element_type=\"widget\" data-e-type=\"widget\" data-widget_type=\"icon.default\">\n\t\t\t\t\t\t\t<div class=\"elementor-icon-wrapper\">\n\t\t\t<div class=\"elementor-icon\">\n\t\t\t<i aria-hidden=\"true\" class=\"icon icon-checked1\"><\/i>\t\t\t<\/div>\n\t\t<\/div>\n\t\t\t\t\t\t<\/div>\n\t\t\t\t<div class=\"elementor-element elementor-element-f1cba7f elementor-widget elementor-widget-heading\" data-id=\"f1cba7f\" data-element_type=\"widget\" data-e-type=\"widget\" data-widget_type=\"heading.default\">\n\t\t\t\t\t<h4 class=\"elementor-heading-title elementor-size-default\">\u0627\u0633\u062a\u062f\u0639\u0627\u0621\u0627\u062a \u0627\u0644\u0645\u0646\u062a\u062c\u0627\u062a \u0648\u0645\u0633\u0624\u0648\u0644\u064a\u0629 \u0627\u0644\u0645\u0646\u062a\u062c <\/h4>\t\t\t\t<\/div>\n\t\t\t\t<div class=\"elementor-element elementor-element-b31827e elementor-widget elementor-widget-text-editor\" data-id=\"b31827e\" data-element_type=\"widget\" data-e-type=\"widget\" data-widget_type=\"text-editor.default\">\n\t\t\t\t\t\t\t\t\t<p>\u0627\u0644\u0645\u0634\u0648\u0631\u0629 \u0627\u0644\u0642\u0627\u0646\u0648\u0646\u064a\u0629 \u0628\u0634\u0623\u0646 \u0625\u062f\u0627\u0631\u0629 \u0627\u0633\u062a\u0631\u062c\u0627\u0639 \u0627\u0644\u0645\u0646\u062a\u062c\u0627\u062a \u0648\u0645\u0633\u0624\u0648\u0644\u064a\u0629 \u0627\u0644\u0634\u0631\u0643\u0629 \u0627\u0644\u0645\u0635\u0646\u0639\u0629 \u0623\u0648 \u0627\u0644\u0645\u0648\u0632\u0639 \u0641\u064a \u062d\u0627\u0644\u0629 \u062d\u062f\u0648\u062b \u0636\u0631\u0631 \u0628\u0633\u0628\u0628 \u0645\u0646\u062a\u062c \u0645\u0639\u064a\u0628.<\/p>\t\t\t\t\t\t\t\t<\/div>\n\t\t\t\t<\/div>\n\t\t\t\t<\/div>\n\t\t<div class=\"elementor-element elementor-element-fb04aa6 e-con-full e-flex elementor-invisible e-con e-child\" data-id=\"fb04aa6\" data-element_type=\"container\" data-e-type=\"container\" data-settings=\"{&quot;animation&quot;:&quot;fadeInUp&quot;,&quot;animation_delay&quot;:400}\">\n\t\t<div class=\"elementor-element elementor-element-23b4ac0 e-con-full e-flex e-con e-child\" data-id=\"23b4ac0\" data-element_type=\"container\" data-e-type=\"container\" data-settings=\"{&quot;background_background&quot;:&quot;classic&quot;}\">\n\t\t\t\t<div class=\"elementor-element elementor-element-22eb0bf elementor-view-default elementor-widget elementor-widget-icon\" data-id=\"22eb0bf\" data-element_type=\"widget\" data-e-type=\"widget\" data-widget_type=\"icon.default\">\n\t\t\t\t\t\t\t<div class=\"elementor-icon-wrapper\">\n\t\t\t<div class=\"elementor-icon\">\n\t\t\t<i aria-hidden=\"true\" class=\"icon icon-file-1\"><\/i>\t\t\t<\/div>\n\t\t<\/div>\n\t\t\t\t\t\t<\/div>\n\t\t\t\t<div class=\"elementor-element elementor-element-d307c7a elementor-widget elementor-widget-heading\" data-id=\"d307c7a\" data-element_type=\"widget\" data-e-type=\"widget\" data-widget_type=\"heading.default\">\n\t\t\t\t\t<h4 class=\"elementor-heading-title elementor-size-default\">\u0645\u0645\u0627\u0631\u0633\u0627\u062a \u062a\u062c\u0627\u0631\u064a\u0629 \u063a\u064a\u0631 \u0639\u0627\u062f\u0644\u0629 <\/h4>\t\t\t\t<\/div>\n\t\t\t\t<div class=\"elementor-element elementor-element-0e8669f elementor-widget elementor-widget-text-editor\" data-id=\"0e8669f\" data-element_type=\"widget\" data-e-type=\"widget\" data-widget_type=\"text-editor.default\">\n\t\t\t\t\t\t\t\t\t<p>\u0627\u0644\u0645\u0633\u0627\u0639\u062f\u0629 \u0641\u064a \u0627\u0643\u062a\u0634\u0627\u0641 \u0645\u0645\u0627\u0631\u0633\u0627\u062a \u0627\u0644\u0623\u0639\u0645\u0627\u0644 \u0627\u0644\u062a\u064a \u062a\u0639\u062a\u0628\u0631 \u063a\u064a\u0631 \u0639\u0627\u062f\u0644\u0629 \u0623\u0648 \u062e\u0627\u062f\u0639\u0629\u060c \u0628\u0645\u0627 \u0641\u064a \u0630\u0644\u0643 \u0627\u0644\u0625\u0639\u0644\u0627\u0646\u0627\u062a \u0627\u0644\u0643\u0627\u0630\u0628\u0629\u060c \u0648\u0645\u0639\u0627\u0644\u062c\u062a\u0647\u0627.<\/p>\t\t\t\t\t\t\t\t<\/div>\n\t\t\t\t<\/div>\n\t\t<div class=\"elementor-element elementor-element-e7a1567 e-con-full e-flex e-con e-child\" data-id=\"e7a1567\" data-element_type=\"container\" data-e-type=\"container\" data-settings=\"{&quot;background_background&quot;:&quot;classic&quot;}\">\n\t\t\t\t<div class=\"elementor-element elementor-element-c5b3625 elementor-view-default elementor-widget elementor-widget-icon\" data-id=\"c5b3625\" data-element_type=\"widget\" data-e-type=\"widget\" data-widget_type=\"icon.default\">\n\t\t\t\t\t\t\t<div class=\"elementor-icon-wrapper\">\n\t\t\t<div class=\"elementor-icon\">\n\t\t\t<i aria-hidden=\"true\" class=\"icon icon-checked1\"><\/i>\t\t\t<\/div>\n\t\t<\/div>\n\t\t\t\t\t\t<\/div>\n\t\t\t\t<div class=\"elementor-element elementor-element-e5a4f38 elementor-widget elementor-widget-heading\" data-id=\"e5a4f38\" data-element_type=\"widget\" data-e-type=\"widget\" data-widget_type=\"heading.default\">\n\t\t\t\t\t<h4 class=\"elementor-heading-title elementor-size-default\">\u0644\u0645\u0627\u0630\u0627 \u062a\u062e\u062a\u0627\u0631 \u0634\u0631\u0643\u062a\u0646\u0627\u061f<\/h4>\t\t\t\t<\/div>\n\t\t\t\t<div class=\"elementor-element elementor-element-86d4994 elementor-widget elementor-widget-text-editor\" data-id=\"86d4994\" data-element_type=\"widget\" data-e-type=\"widget\" data-widget_type=\"text-editor.default\">\n\t\t\t\t\t\t\t\t\t<p>\u062a\u0648\u0635\u064a\u0627\u062a \u0628\u0634\u0623\u0646 \u0627\u0644\u0627\u0645\u062a\u062b\u0627\u0644 \u0644\u0642\u0627\u0646\u0648\u0646 \u062d\u0645\u0627\u064a\u0629 \u0627\u0644\u0628\u064a\u0627\u0646\u0627\u062a \u0627\u0644\u0634\u062e\u0635\u064a\u0629 \u0644\u0644\u0645\u0633\u062a\u0647\u0644\u0643\u060c \u0648\u0647\u0648 \u0623\u0645\u0631 \u0636\u0631\u0648\u0631\u064a \u0644\u0644\u0634\u0631\u0643\u0627\u062a \u0627\u0644\u062a\u064a \u062a\u0639\u0645\u0644 \u0639\u0628\u0631 \u0627\u0644\u0625\u0646\u062a\u0631\u0646\u062a \u0623\u0648 \u062e\u0627\u0631\u062c\u0647\u0627.<\/p>\t\t\t\t\t\t\t\t<\/div>\n\t\t\t\t<\/div>\n\t\t\t\t<\/div>\n\t\t\t\t<\/div>\n\t\t\t\t\t<\/div>\n\t\t\t\t<\/div>\n\t\t\t\t<\/div>\n\t\t\n    <div class=\"xs_social_share_widget xs_share_url after_content \t\tmain_content  wslu-style-1 wslu-share-box-shaped wslu-fill-colored wslu-none wslu-share-horizontal wslu-theme-font-no wslu-main_content\">\n\n\t\t\n        <ul>\n\t\t\t        <\/ul>\n    <\/div>","protected":false},"excerpt":{"rendered":"<p>Droit de la consommation Avocat Droit de la Consommation Sal\u00e9 Notre expertise en Droit de la Consommation Bienvenue dans la section qui traite du Droit de la Consommation du MAITRE ENNAJAH KHADIJA, bas\u00e9 \u00e0 Sal\u00e9. Notre cabinet propose une comp\u00e9tence juridique sp\u00e9cialis\u00e9e pour soutenir les entreprises et les consommateurs dans le domaine complexe du droit [&hellip;]<\/p>","protected":false},"author":1,"featured_media":0,"parent":0,"menu_order":0,"comment_status":"closed","ping_status":"closed","template":"elementor_header_footer","meta":{"postBodyCss":"","postBodyMargin":[],"postBodyPadding":[],"postBodyBackground":{"backgroundType":"classic","gradient":""},"footnotes":""},"class_list":["post-189","page","type-page","status-publish","hentry"],"rttpg_featured_image_url":null,"rttpg_author":{"display_name":"Maitreennajah","author_link":"https:\/\/www.maitreennajah.com\/ar\/author\/takafilawfirm\/"},"rttpg_comment":0,"rttpg_category":null,"rttpg_excerpt":"Droit de la consommation Avocat Droit de la Consommation Sal\u00e9 Notre expertise en Droit de la Consommation Bienvenue dans la section qui traite du Droit de la Consommation du MAITRE ENNAJAH KHADIJA, bas\u00e9 \u00e0 Sal\u00e9. Notre cabinet propose une comp\u00e9tence juridique sp\u00e9cialis\u00e9e pour soutenir les entreprises et les consommateurs dans le domaine complexe du droit&hellip;","_links":{"self":[{"href":"https:\/\/www.maitreennajah.com\/ar\/wp-json\/wp\/v2\/pages\/189","targetHints":{"allow":["GET"]}}],"collection":[{"href":"https:\/\/www.maitreennajah.com\/ar\/wp-json\/wp\/v2\/pages"}],"about":[{"href":"https:\/\/www.maitreennajah.com\/ar\/wp-json\/wp\/v2\/types\/page"}],"author":[{"embeddable":true,"href":"https:\/\/www.maitreennajah.com\/ar\/wp-json\/wp\/v2\/users\/1"}],"replies":[{"embeddable":true,"href":"https:\/\/www.maitreennajah.com\/ar\/wp-json\/wp\/v2\/comments?post=189"}],"version-history":[{"count":16,"href":"https:\/\/www.maitreennajah.com\/ar\/wp-json\/wp\/v2\/pages\/189\/revisions"}],"predecessor-version":[{"id":1663,"href":"https:\/\/www.maitreennajah.com\/ar\/wp-json\/wp\/v2\/pages\/189\/revisions\/1663"}],"wp:attachment":[{"href":"https:\/\/www.maitreennajah.com\/ar\/wp-json\/wp\/v2\/media?parent=189"}],"curies":[{"name":"wp","href":"https:\/\/api.w.org\/{rel}","templated":true}]}}