{"id":191,"date":"2025-10-22T06:44:32","date_gmt":"2025-10-22T06:44:32","guid":{"rendered":"https:\/\/www.maitreennajah.com\/?page_id=191"},"modified":"2026-01-10T08:33:23","modified_gmt":"2026-01-10T08:33:23","slug":"propriete-intellectuelle-et-industrielle","status":"publish","type":"page","link":"https:\/\/www.maitreennajah.com\/ar\/propriete-intellectuelle-et-industrielle\/","title":{"rendered":"\u0627\u0644\u0645\u0644\u0643\u064a\u0629 \u0627\u0644\u0641\u0643\u0631\u064a\u0629 \u0648\u0627\u0644\u0635\u0646\u0627\u0639\u064a\u0629"},"content":{"rendered":"<div data-elementor-type=\"wp-page\" data-elementor-id=\"191\" class=\"elementor elementor-191\">\n\t\t\t\t<div class=\"elementor-element elementor-element-88e1e5f e-flex e-con-boxed e-con e-parent\" data-id=\"88e1e5f\" data-element_type=\"container\" data-e-type=\"container\" data-settings=\"{&quot;background_background&quot;:&quot;classic&quot;}\">\n\t\t\t\t\t<div class=\"e-con-inner\">\n\t\t<div class=\"elementor-element elementor-element-d6f185e e-con-full e-flex e-con e-child\" data-id=\"d6f185e\" data-element_type=\"container\" data-e-type=\"container\">\n\t\t\t\t<div class=\"elementor-element elementor-element-bfa20dc elementor-widget elementor-widget-heading\" data-id=\"bfa20dc\" data-element_type=\"widget\" data-e-type=\"widget\" data-widget_type=\"heading.default\">\n\t\t\t\t\t<h2 class=\"elementor-heading-title elementor-size-default\">\u0627\u0644\u0642\u0627\u0646\u0648\u0646 \u0627\u0644\u0641\u0643\u0631\u064a \u0648\u0627\u0644\u0635\u0646\u0627\u0639\u064a<\/h2>\t\t\t\t<\/div>\n\t\t\t\t<div class=\"elementor-element elementor-element-719d8a3 elementor-widget elementor-widget-text-editor\" data-id=\"719d8a3\" data-element_type=\"widget\" data-e-type=\"widget\" data-widget_type=\"text-editor.default\">\n\t\t\t\t\t\t\t\t\t<p>\u064a\u0642\u062f\u0645 \u0645\u0643\u062a\u0628 \u0627\u0644\u0623\u0633\u062a\u0627\u0630\u0629 \u0627\u0644\u0646\u062c\u0627\u062d \u062e\u062f\u064a\u062c\u0629 \u0641\u064a \u0633\u0644\u0627 \u062f\u0641\u0627\u0639\u064b\u0627 \u0642\u0627\u0646\u0648\u0646\u064a\u064b\u0627 \u0645\u062a\u0639\u0645\u0642\u064b\u0627 \u0628\u0627\u0644\u0625\u0636\u0627\u0641\u0629 \u0625\u0644\u0649 \u0627\u0644\u0645\u0634\u0648\u0631\u0629 \u0627\u0644\u0627\u0633\u062a\u0631\u0627\u062a\u064a\u062c\u064a\u0629 \u0644\u062d\u0645\u0627\u064a\u0629 \u0648\u062a\u062d\u0633\u064a\u0646 \u0623\u0635\u0648\u0644\u0643 \u0627\u0644\u0641\u0643\u0631\u064a\u0629 \u0648\u0627\u0644\u0635\u0646\u0627\u0639\u064a\u0629 \u0641\u064a \u0627\u0644\u0645\u063a\u0631\u0628.<\/p>\t\t\t\t\t\t\t\t<\/div>\n\t\t\t\t<\/div>\n\t\t\t\t\t<\/div>\n\t\t\t\t<\/div>\n\t\t<div class=\"elementor-element elementor-element-02e1bea e-flex e-con-boxed e-con e-parent\" data-id=\"02e1bea\" data-element_type=\"container\" data-e-type=\"container\">\n\t\t\t\t\t<div class=\"e-con-inner\">\n\t\t<div class=\"elementor-element elementor-element-e2dc9e0 e-con-full e-flex elementor-invisible e-con e-child\" data-id=\"e2dc9e0\" data-element_type=\"container\" data-e-type=\"container\" data-settings=\"{&quot;background_background&quot;:&quot;classic&quot;,&quot;animation&quot;:&quot;fadeInUp&quot;,&quot;animation_delay&quot;:200}\">\n\t\t\t\t<\/div>\n\t\t<div class=\"elementor-element elementor-element-a1df608 e-con-full e-flex elementor-invisible e-con e-child\" data-id=\"a1df608\" data-element_type=\"container\" data-e-type=\"container\" data-settings=\"{&quot;background_background&quot;:&quot;classic&quot;,&quot;animation&quot;:&quot;fadeInUp&quot;}\">\n\t\t\t\t<div class=\"elementor-element elementor-element-37a79ce elementor-widget elementor-widget-heading\" data-id=\"37a79ce\" data-element_type=\"widget\" data-e-type=\"widget\" data-widget_type=\"heading.default\">\n\t\t\t\t\t<h3 class=\"elementor-heading-title elementor-size-default\">\u0627\u0644\u062e\u0628\u0631\u0629 \u0627\u0644\u0642\u0627\u0646\u0648\u0646\u064a\u0629 \u0641\u064a \u0627\u0644\u0645\u0644\u0643\u064a\u0629 \u0627\u0644\u0641\u0643\u0631\u064a\u0629 \u0648\u0627\u0644\u0635\u0646\u0627\u0639\u064a\u0629\n<\/h3>\t\t\t\t<\/div>\n\t\t\t\t<div class=\"elementor-element elementor-element-77b2e1c elementor-widget-divider--view-line elementor-widget elementor-widget-divider\" data-id=\"77b2e1c\" data-element_type=\"widget\" data-e-type=\"widget\" data-widget_type=\"divider.default\">\n\t\t\t\t\t\t\t<div class=\"elementor-divider\">\n\t\t\t<span class=\"elementor-divider-separator\">\n\t\t\t\t\t\t<\/span>\n\t\t<\/div>\n\t\t\t\t\t\t<\/div>\n\t\t\t\t<div class=\"elementor-element elementor-element-de771b3 elementor-widget elementor-widget-text-editor\" data-id=\"de771b3\" data-element_type=\"widget\" data-e-type=\"widget\" data-widget_type=\"text-editor.default\">\n\t\t\t\t\t\t\t\t\t<p>\u0645\u0643\u062a\u0628 \u0627\u0644\u0623\u0633\u062a\u0627\u0630\u0629 \u0627\u0644\u0646\u062c\u0627\u062d \u062e\u062f\u064a\u062c\u0629 \u0634\u0631\u064a\u0643\u0643 \u0627\u0644\u0623\u0645\u062b\u0644 \u0644\u062d\u0645\u0627\u064a\u0629 \u0648\u062a\u0639\u0632\u064a\u0632 \u0623\u0635\u0648\u0644\u0643 \u0627\u0644\u0641\u0643\u0631\u064a\u0629 \u0648\u0627\u0644\u0635\u0646\u0627\u0639\u064a\u0629 \u0641\u064a \u0627\u0644\u0645\u063a\u0631\u0628. \u0646\u062a\u0645\u062a\u0639 \u0628\u062e\u0628\u0631\u0629 \u0648\u0627\u0633\u0639\u0629 \u0641\u064a \u0645\u062c\u0627\u0644\u0627\u062a \u0645\u062a\u0646\u0648\u0639\u0629\u060c \u062a\u0634\u0645\u0644 \u062d\u0645\u0627\u064a\u0629 \u0627\u0644\u0639\u0644\u0627\u0645\u0627\u062a \u0627\u0644\u062a\u062c\u0627\u0631\u064a\u0629 \u0648\u0628\u0631\u0627\u0621\u0627\u062a \u0627\u0644\u0627\u062e\u062a\u0631\u0627\u0639 \u0648\u0627\u0644\u062a\u0635\u0627\u0645\u064a\u0645 \u0648\u0627\u0644\u0646\u0645\u0627\u0630\u062c\u060c \u0628\u0627\u0644\u0625\u0636\u0627\u0641\u0629 \u0625\u0644\u0649 \u0625\u062f\u0627\u0631\u0629 \u0642\u0636\u0627\u064a\u0627 \u0627\u0644\u0645\u0644\u0643\u064a\u0629 \u0627\u0644\u0641\u0643\u0631\u064a\u0629. \u0643\u0645\u0627 \u0646\u0642\u062f\u0645 \u0627\u0633\u062a\u0634\u0627\u0631\u0627\u062a \u0642\u0627\u0646\u0648\u0646\u064a\u0629 \u0628\u0634\u0623\u0646 \u062d\u0642\u0648\u0642 \u0627\u0644\u062a\u0623\u0644\u064a\u0641 \u0648\u0627\u0644\u0646\u0634\u0631 \u0648\u0627\u062a\u0641\u0627\u0642\u064a\u0627\u062a \u0627\u0644\u062a\u0631\u062e\u064a\u0635. \u0646\u0648\u0641\u0631 \u0644\u0643 \u0627\u0644\u062a\u0648\u062c\u064a\u0647 \u0627\u0644\u0627\u0633\u062a\u0631\u0627\u062a\u064a\u062c\u064a \u0644\u0636\u0645\u0627\u0646 \u0627\u0644\u062d\u0645\u0627\u064a\u0629 \u0627\u0644\u0645\u062b\u0644\u0649 \u0644\u0627\u062e\u062a\u0631\u0627\u0639\u0627\u062a\u0643 \u0648\u0625\u0628\u062f\u0627\u0639\u0627\u062a\u0643\u060c \u0648\u0641\u0642\u064b\u0627 \u0644\u0644\u0642\u0627\u0646\u0648\u0646 \u0627\u0644\u0645\u063a\u0631\u0628\u064a \u0648\u0627\u0644\u062f\u0648\u0644\u064a.<\/p>\t\t\t\t\t\t\t\t<\/div>\n\t\t\t\t<\/div>\n\t\t\t\t\t<\/div>\n\t\t\t\t<\/div>\n\t\t<div class=\"elementor-element elementor-element-1a32457 e-flex e-con-boxed e-con e-parent\" data-id=\"1a32457\" data-element_type=\"container\" data-e-type=\"container\" data-settings=\"{&quot;background_background&quot;:&quot;classic&quot;}\">\n\t\t\t\t\t<div class=\"e-con-inner\">\n\t\t<div class=\"elementor-element elementor-element-5bb1c5e e-con-full e-flex e-con e-child\" data-id=\"5bb1c5e\" data-element_type=\"container\" data-e-type=\"container\">\n\t\t\t\t<div class=\"elementor-element elementor-element-ab4c215 elementor-invisible elementor-widget elementor-widget-heading\" data-id=\"ab4c215\" data-element_type=\"widget\" data-e-type=\"widget\" data-settings=\"{&quot;_animation&quot;:&quot;fadeIn&quot;,&quot;_animation_delay&quot;:200}\" data-widget_type=\"heading.default\">\n\t\t\t\t\t<h3 class=\"elementor-heading-title elementor-size-default\">\u062e\u062f\u0645\u0627\u062a \u0627\u0644\u0645\u0644\u0643\u064a\u0629 \u0627\u0644\u0641\u0643\u0631\u064a\u0629 \u0648\u0627\u0644\u0635\u0646\u0627\u0639\u064a\u0629\n<\/h3>\t\t\t\t<\/div>\n\t\t\t\t<div class=\"elementor-element elementor-element-ec450c3 elementor-widget-divider--view-line elementor-invisible elementor-widget elementor-widget-divider\" data-id=\"ec450c3\" data-element_type=\"widget\" data-e-type=\"widget\" data-settings=\"{&quot;_animation&quot;:&quot;fadeIn&quot;,&quot;_animation_delay&quot;:400}\" data-widget_type=\"divider.default\">\n\t\t\t\t\t\t\t<div class=\"elementor-divider\">\n\t\t\t<span class=\"elementor-divider-separator\">\n\t\t\t\t\t\t<\/span>\n\t\t<\/div>\n\t\t\t\t\t\t<\/div>\n\t\t<div class=\"elementor-element elementor-element-2eb96ad e-con-full e-flex elementor-invisible e-con e-child\" data-id=\"2eb96ad\" data-element_type=\"container\" data-e-type=\"container\" data-settings=\"{&quot;animation&quot;:&quot;fadeInUp&quot;,&quot;animation_delay&quot;:400}\">\n\t\t<div class=\"elementor-element elementor-element-d1dc142 e-con-full e-flex e-con e-child\" data-id=\"d1dc142\" data-element_type=\"container\" data-e-type=\"container\" data-settings=\"{&quot;background_background&quot;:&quot;classic&quot;}\">\n\t\t\t\t<div class=\"elementor-element elementor-element-a2f2e8b elementor-view-default elementor-widget elementor-widget-icon\" data-id=\"a2f2e8b\" data-element_type=\"widget\" data-e-type=\"widget\" data-widget_type=\"icon.default\">\n\t\t\t\t\t\t\t<div class=\"elementor-icon-wrapper\">\n\t\t\t<div class=\"elementor-icon\">\n\t\t\t<i aria-hidden=\"true\" class=\"icon icon-chat-1\"><\/i>\t\t\t<\/div>\n\t\t<\/div>\n\t\t\t\t\t\t<\/div>\n\t\t\t\t<div class=\"elementor-element elementor-element-06feaae elementor-widget elementor-widget-heading\" data-id=\"06feaae\" data-element_type=\"widget\" data-e-type=\"widget\" data-widget_type=\"heading.default\">\n\t\t\t\t\t<h4 class=\"elementor-heading-title elementor-size-default\">\u062d\u0645\u0627\u064a\u0629 \u0627\u0644\u0639\u0644\u0627\u0645\u0627\u062a \u0627\u0644\u062a\u062c\u0627\u0631\u064a\u0629 \u0648\u0628\u0631\u0627\u0621\u0627\u062a \u0627\u0644\u0627\u062e\u062a\u0631\u0627\u0639 \u0648\u0627\u0644\u062a\u0635\u0627\u0645\u064a\u0645<\/h4>\t\t\t\t<\/div>\n\t\t\t\t<div class=\"elementor-element elementor-element-c6cf16c elementor-widget elementor-widget-text-editor\" data-id=\"c6cf16c\" data-element_type=\"widget\" data-e-type=\"widget\" data-widget_type=\"text-editor.default\">\n\t\t\t\t\t\t\t\t\t<p id=\"elementor-tab-title-1181\" class=\"elementor-tab-title elementor-active\" tabindex=\"0\" role=\"button\" data-tab=\"1\" aria-controls=\"elementor-tab-content-1181\" aria-expanded=\"true\" aria-selected=\"true\">\u0646\u062d\u0646 \u0646\u0642\u062f\u0645 \u0645\u0633\u0627\u0639\u062f\u0629 \u0634\u0627\u0645\u0644\u0629 \u0641\u064a \u062a\u0642\u062f\u064a\u0645 \u0648\u0625\u062f\u0627\u0631\u0629 \u0627\u0644\u0639\u0644\u0627\u0645\u0627\u062a \u0627\u0644\u062a\u062c\u0627\u0631\u064a\u0629 \u0648\u0628\u0631\u0627\u0621\u0627\u062a \u0627\u0644\u0627\u062e\u062a\u0631\u0627\u0639 \u0648\u0627\u0644\u062a\u0635\u0627\u0645\u064a\u0645 \u0648\u0627\u0644\u0646\u0645\u0627\u0630\u062c \u0627\u0644\u062e\u0627\u0635\u0629 \u0628\u0643\u060c \u0648\u0636\u0645\u0627\u0646 \u0627\u0645\u062a\u062b\u0627\u0644\u0647\u0627 \u0644\u0644\u0642\u0648\u0627\u0646\u064a\u0646 \u0627\u0644\u0645\u063a\u0631\u0628\u064a\u0629 \u0648\u0627\u0644\u062f\u0648\u0644\u064a\u0629.<\/p>\t\t\t\t\t\t\t\t<\/div>\n\t\t\t\t<\/div>\n\t\t<div class=\"elementor-element elementor-element-ed61565 e-con-full e-flex e-con e-child\" data-id=\"ed61565\" data-element_type=\"container\" data-e-type=\"container\" data-settings=\"{&quot;background_background&quot;:&quot;classic&quot;}\">\n\t\t\t\t<div class=\"elementor-element elementor-element-faa26fa elementor-view-default elementor-widget elementor-widget-icon\" data-id=\"faa26fa\" data-element_type=\"widget\" data-e-type=\"widget\" data-widget_type=\"icon.default\">\n\t\t\t\t\t\t\t<div class=\"elementor-icon-wrapper\">\n\t\t\t<div class=\"elementor-icon\">\n\t\t\t<i aria-hidden=\"true\" class=\"icon icon-eraser\"><\/i>\t\t\t<\/div>\n\t\t<\/div>\n\t\t\t\t\t\t<\/div>\n\t\t\t\t<div class=\"elementor-element elementor-element-497006b elementor-widget elementor-widget-heading\" data-id=\"497006b\" data-element_type=\"widget\" data-e-type=\"widget\" data-widget_type=\"heading.default\">\n\t\t\t\t\t<h4 class=\"elementor-heading-title elementor-size-default\">\u062d\u0642\u0648\u0642 \u0627\u0644\u0637\u0628\u0639 \u0648\u0627\u0644\u0646\u0634\u0631 \u0648\u0627\u0644\u062d\u0642\u0648\u0642 \u0630\u0627\u062a \u0627\u0644\u0635\u0644\u0629<\/h4>\t\t\t\t<\/div>\n\t\t\t\t<div class=\"elementor-element elementor-element-0885077 elementor-widget elementor-widget-text-editor\" data-id=\"0885077\" data-element_type=\"widget\" data-e-type=\"widget\" data-widget_type=\"text-editor.default\">\n\t\t\t\t\t\t\t\t\t<p id=\"elementor-tab-title-9821\" class=\"elementor-tab-title elementor-active\" tabindex=\"0\" role=\"button\" data-tab=\"1\" aria-controls=\"elementor-tab-content-9821\" aria-expanded=\"true\" aria-selected=\"true\">- \u0627\u0644\u062a\u0648\u0635\u064a\u0627\u062a \u0627\u0644\u0645\u062a\u0639\u0644\u0642\u0629 \u0628\u062d\u0645\u0627\u064a\u0629 \u0648\u0625\u062f\u0627\u0631\u0629 \u0648\u0627\u0633\u062a\u062e\u062f\u0627\u0645 \u0623\u0639\u0645\u0627\u0644\u0643\u0645 \u0627\u0644\u0623\u062f\u0628\u064a\u0629 \u0648\u0627\u0644\u0641\u0646\u064a\u0629 \u0648\u0627\u0644\u0639\u0644\u0645\u064a\u0629 \u0648\u0641\u0642\u0627 \u0644\u0644\u0645\u0639\u0627\u064a\u064a\u0631 \u0627\u0644\u0645\u063a\u0631\u0628\u064a\u0629 \u0648\u0627\u0644\u0627\u062a\u0641\u0627\u0642\u064a\u0627\u062a \u0627\u0644\u062f\u0648\u0644\u064a\u0629.<\/p>\t\t\t\t\t\t\t\t<\/div>\n\t\t\t\t<\/div>\n\t\t\t\t<\/div>\n\t\t<div class=\"elementor-element elementor-element-44258e0 e-con-full e-flex elementor-invisible e-con e-child\" data-id=\"44258e0\" data-element_type=\"container\" data-e-type=\"container\" data-settings=\"{&quot;animation&quot;:&quot;fadeInUp&quot;,&quot;animation_delay&quot;:400}\">\n\t\t<div class=\"elementor-element elementor-element-ed2d894 e-con-full e-flex e-con e-child\" data-id=\"ed2d894\" data-element_type=\"container\" data-e-type=\"container\" data-settings=\"{&quot;background_background&quot;:&quot;classic&quot;}\">\n\t\t\t\t<div class=\"elementor-element elementor-element-9e2dd66 elementor-view-default elementor-widget elementor-widget-icon\" data-id=\"9e2dd66\" data-element_type=\"widget\" data-e-type=\"widget\" data-widget_type=\"icon.default\">\n\t\t\t\t\t\t\t<div class=\"elementor-icon-wrapper\">\n\t\t\t<div class=\"elementor-icon\">\n\t\t\t<i aria-hidden=\"true\" class=\"icon icon-file-1\"><\/i>\t\t\t<\/div>\n\t\t<\/div>\n\t\t\t\t\t\t<\/div>\n\t\t\t\t<div class=\"elementor-element elementor-element-fed21d1 elementor-widget elementor-widget-heading\" data-id=\"fed21d1\" data-element_type=\"widget\" data-e-type=\"widget\" data-widget_type=\"heading.default\">\n\t\t\t\t\t<h4 class=\"elementor-heading-title elementor-size-default\">\u0646\u0632\u0627\u0639\u0627\u062a \u0627\u0644\u0645\u0644\u0643\u064a\u0629 \u0627\u0644\u0641\u0643\u0631\u064a\u0629<\/h4>\t\t\t\t<\/div>\n\t\t\t\t<div class=\"elementor-element elementor-element-9b254bf elementor-widget elementor-widget-text-editor\" data-id=\"9b254bf\" data-element_type=\"widget\" data-e-type=\"widget\" data-widget_type=\"text-editor.default\">\n\t\t\t\t\t\t\t\t\t<p>\u0627\u0644\u062a\u062f\u062e\u0644 \u0641\u064a \u0627\u0644\u0646\u0632\u0627\u0639\u0627\u062a \u0627\u0644\u0645\u062a\u0639\u0644\u0642\u0629 \u0628\u0627\u0644\u062a\u0632\u0648\u064a\u0631 \u0648\u0627\u0644\u0645\u0646\u0627\u0641\u0633\u0629 \u063a\u064a\u0631 \u0627\u0644\u0639\u0627\u062f\u0644\u0629 \u0648\u063a\u064a\u0631\u0647\u0627 \u0645\u0646 \u0627\u0646\u062a\u0647\u0627\u0643\u0627\u062a \u0627\u0644\u0645\u0644\u0643\u064a\u0629 \u0627\u0644\u0641\u0643\u0631\u064a\u0629\u060c \u0645\u0639 \u0636\u0645\u0627\u0646 \u0627\u0644\u062f\u0641\u0627\u0639 \u0627\u0644\u0642\u0648\u064a \u0639\u0646 \u062d\u0642\u0648\u0642\u0643.<\/p>\t\t\t\t\t\t\t\t<\/div>\n\t\t\t\t<\/div>\n\t\t<div class=\"elementor-element elementor-element-46cdca4 e-con-full e-flex e-con e-child\" data-id=\"46cdca4\" data-element_type=\"container\" data-e-type=\"container\" data-settings=\"{&quot;background_background&quot;:&quot;classic&quot;}\">\n\t\t\t\t<div class=\"elementor-element elementor-element-09975da elementor-view-default elementor-widget elementor-widget-icon\" data-id=\"09975da\" data-element_type=\"widget\" data-e-type=\"widget\" data-widget_type=\"icon.default\">\n\t\t\t\t\t\t\t<div class=\"elementor-icon-wrapper\">\n\t\t\t<div class=\"elementor-icon\">\n\t\t\t<i aria-hidden=\"true\" class=\"icon icon-file-1\"><\/i>\t\t\t<\/div>\n\t\t<\/div>\n\t\t\t\t\t\t<\/div>\n\t\t\t\t<div class=\"elementor-element elementor-element-c605571 elementor-widget elementor-widget-heading\" data-id=\"c605571\" data-element_type=\"widget\" data-e-type=\"widget\" data-widget_type=\"heading.default\">\n\t\t\t\t\t<h4 class=\"elementor-heading-title elementor-size-default\">\u0627\u062a\u0641\u0627\u0642\u064a\u0627\u062a \u0627\u0644\u062a\u0631\u062e\u064a\u0635 \u0648\u0646\u0642\u0644 \u0627\u0644\u062a\u0643\u0646\u0648\u0644\u0648\u062c\u064a\u0627<\/h4>\t\t\t\t<\/div>\n\t\t\t\t<div class=\"elementor-element elementor-element-96d002b elementor-widget elementor-widget-text-editor\" data-id=\"96d002b\" data-element_type=\"widget\" data-e-type=\"widget\" data-widget_type=\"text-editor.default\">\n\t\t\t\t\t\t\t\t\t<p>\u0627\u0644\u0645\u0633\u0627\u0639\u062f\u0629 \u0641\u064a \u0627\u0644\u062a\u0641\u0627\u0648\u0636 \u0648\u0635\u064a\u0627\u063a\u0629 \u0627\u062a\u0641\u0627\u0642\u064a\u0627\u062a \u0627\u0644\u062a\u0631\u062e\u064a\u0635 \u0648\u0627\u0644\u062a\u0646\u0627\u0632\u0644 \u0648\u0646\u0642\u0644 \u0627\u0644\u062a\u0643\u0646\u0648\u0644\u0648\u062c\u064a\u0627\u060c \u0648\u0628\u0627\u0644\u062a\u0627\u0644\u064a \u0636\u0645\u0627\u0646 \u062d\u0645\u0627\u064a\u0629 \u0645\u0635\u0627\u0644\u062d\u0643.<\/p>\t\t\t\t\t\t\t\t<\/div>\n\t\t\t\t<\/div>\n\t\t\t\t<\/div>\n\t\t<div class=\"elementor-element elementor-element-3be4ced e-con-full e-flex elementor-invisible e-con e-child\" data-id=\"3be4ced\" data-element_type=\"container\" data-e-type=\"container\" data-settings=\"{&quot;animation&quot;:&quot;fadeInUp&quot;,&quot;animation_delay&quot;:400}\">\n\t\t<div class=\"elementor-element elementor-element-5695a3f e-con-full e-flex e-con e-child\" data-id=\"5695a3f\" data-element_type=\"container\" data-e-type=\"container\" data-settings=\"{&quot;background_background&quot;:&quot;classic&quot;}\">\n\t\t\t\t<div class=\"elementor-element elementor-element-0e0746c elementor-view-default elementor-widget elementor-widget-icon\" data-id=\"0e0746c\" data-element_type=\"widget\" data-e-type=\"widget\" data-widget_type=\"icon.default\">\n\t\t\t\t\t\t\t<div class=\"elementor-icon-wrapper\">\n\t\t\t<div class=\"elementor-icon\">\n\t\t\t<i aria-hidden=\"true\" class=\"icon icon-file-1\"><\/i>\t\t\t<\/div>\n\t\t<\/div>\n\t\t\t\t\t\t<\/div>\n\t\t\t\t<div class=\"elementor-element elementor-element-c6d71b3 elementor-widget elementor-widget-heading\" data-id=\"c6d71b3\" data-element_type=\"widget\" data-e-type=\"widget\" data-widget_type=\"heading.default\">\n\t\t\t\t\t<h4 class=\"elementor-heading-title elementor-size-default\">\u0627\u0633\u062a\u0631\u0627\u062a\u064a\u062c\u064a\u0629 \u0627\u0644\u0645\u0644\u0643\u064a\u0629 \u0627\u0644\u0641\u0643\u0631\u064a\u0629<\/h4>\t\t\t\t<\/div>\n\t\t\t\t<div class=\"elementor-element elementor-element-55ac7d3 elementor-widget elementor-widget-text-editor\" data-id=\"55ac7d3\" data-element_type=\"widget\" data-e-type=\"widget\" data-widget_type=\"text-editor.default\">\n\t\t\t\t\t\t\t\t\t<p>\u062a\u0637\u0648\u064a\u0631 \u0627\u0633\u062a\u0631\u0627\u062a\u064a\u062c\u064a\u0627\u062a \u0627\u0644\u0645\u0644\u0643\u064a\u0629 \u0627\u0644\u0641\u0643\u0631\u064a\u0629 \u0627\u0644\u0645\u0635\u0645\u0645\u0629 \u062e\u0635\u064a\u0635\u0627 \u0644\u062a\u062d\u0633\u064a\u0646 \u0627\u0644\u0642\u064a\u0645\u0629 \u0648\u062d\u0645\u0627\u064a\u0629 \u0623\u0635\u0648\u0644\u0643 \u0641\u064a \u0627\u0644\u0633\u064a\u0627\u0642 \u0627\u0644\u0642\u0627\u0646\u0648\u0646\u064a \u0627\u0644\u0645\u063a\u0631\u0628\u064a \u0648\u0627\u0644\u062f\u0648\u0644\u064a.<\/p>\t\t\t\t\t\t\t\t<\/div>\n\t\t\t\t<\/div>\n\t\t<div class=\"elementor-element elementor-element-29149d7 e-con-full e-flex e-con e-child\" data-id=\"29149d7\" data-element_type=\"container\" data-e-type=\"container\" data-settings=\"{&quot;background_background&quot;:&quot;classic&quot;}\">\n\t\t\t\t<div class=\"elementor-element elementor-element-87f87df elementor-view-default elementor-widget elementor-widget-icon\" data-id=\"87f87df\" data-element_type=\"widget\" data-e-type=\"widget\" data-widget_type=\"icon.default\">\n\t\t\t\t\t\t\t<div class=\"elementor-icon-wrapper\">\n\t\t\t<div class=\"elementor-icon\">\n\t\t\t<i aria-hidden=\"true\" class=\"icon icon-file-1\"><\/i>\t\t\t<\/div>\n\t\t<\/div>\n\t\t\t\t\t\t<\/div>\n\t\t\t\t<div class=\"elementor-element elementor-element-be6d9c2 elementor-widget elementor-widget-heading\" data-id=\"be6d9c2\" data-element_type=\"widget\" data-e-type=\"widget\" data-widget_type=\"heading.default\">\n\t\t\t\t\t<h4 class=\"elementor-heading-title elementor-size-default\">\u0639\u0645\u0644\u064a\u0627\u062a \u062a\u062f\u0642\u064a\u0642 \u0627\u0644\u0645\u0644\u0643\u064a\u0629 \u0627\u0644\u0641\u0643\u0631\u064a\u0629<\/h4>\t\t\t\t<\/div>\n\t\t\t\t<div class=\"elementor-element elementor-element-3311ca1 elementor-widget elementor-widget-text-editor\" data-id=\"3311ca1\" data-element_type=\"widget\" data-e-type=\"widget\" data-widget_type=\"text-editor.default\">\n\t\t\t\t\t\t\t\t\t<p>\u0646\u062d\u0646 \u0646\u062c\u0631\u064a \u0639\u0645\u0644\u064a\u0627\u062a \u0627\u0644\u062a\u062f\u0642\u064a\u0642 \u0644\u0627\u0643\u062a\u0634\u0627\u0641 \u0623\u0635\u0648\u0644 \u0627\u0644\u0645\u0644\u0643\u064a\u0629 \u0627\u0644\u0641\u0643\u0631\u064a\u0629 \u0627\u0644\u062e\u0627\u0635\u0629 \u0628\u0643 \u0648\u062a\u0642\u064a\u064a\u0645\u0647\u0627 \u0648\u062d\u0645\u0627\u064a\u062a\u0647\u0627\u060c \u0628\u064a\u0646\u0645\u0627 \u0646\u0631\u0634\u062f\u0643 \u0625\u0644\u0649 \u0623\u0641\u0636\u0644 \u0645\u0645\u0627\u0631\u0633\u0627\u062a \u0627\u0644\u0625\u062f\u0627\u0631\u0629 \u0648\u0627\u0644\u062a\u0634\u063a\u064a\u0644.<\/p>\t\t\t\t\t\t\t\t<\/div>\n\t\t\t\t<\/div>\n\t\t\t\t<\/div>\n\t\t\t\t<\/div>\n\t\t\t\t\t<\/div>\n\t\t\t\t<\/div>\n\t\t\t\t<\/div>\n\t\t\n    <div class=\"xs_social_share_widget xs_share_url after_content \t\tmain_content  wslu-style-1 wslu-share-box-shaped wslu-fill-colored wslu-none wslu-share-horizontal wslu-theme-font-no wslu-main_content\">\n\n\t\t\n        <ul>\n\t\t\t        <\/ul>\n    <\/div>","protected":false},"excerpt":{"rendered":"<p>Droit Intellectuelle et Industrielle MAITRE ENNAJAH KHADIJA \u00e0 Sal\u00e9 offre une d\u00e9fense juridique approfondie ainsi que des conseils strat\u00e9giques pour la protection et l&rsquo;am\u00e9lioration de vos actifs intellectuels et industriels au Maroc. Expertise Juridique en Propri\u00e9t\u00e9 Intellectuelle et Industrielle MAITRE ENNAJAH KHADIJA est votre alli\u00e9 indispensable pour la protection et l&rsquo;am\u00e9lioration de vos actifs en [&hellip;]<\/p>","protected":false},"author":1,"featured_media":0,"parent":0,"menu_order":0,"comment_status":"closed","ping_status":"closed","template":"elementor_header_footer","meta":{"postBodyCss":"","postBodyMargin":[],"postBodyPadding":[],"postBodyBackground":{"backgroundType":"classic","gradient":""},"footnotes":""},"class_list":["post-191","page","type-page","status-publish","hentry"],"rttpg_featured_image_url":null,"rttpg_author":{"display_name":"Maitreennajah","author_link":"https:\/\/www.maitreennajah.com\/ar\/author\/takafilawfirm\/"},"rttpg_comment":0,"rttpg_category":null,"rttpg_excerpt":"Droit Intellectuelle et Industrielle MAITRE ENNAJAH KHADIJA \u00e0 Sal\u00e9 offre une d\u00e9fense juridique approfondie ainsi que des conseils strat\u00e9giques pour la protection et l&rsquo;am\u00e9lioration de vos actifs intellectuels et industriels au Maroc. Expertise Juridique en Propri\u00e9t\u00e9 Intellectuelle et Industrielle MAITRE ENNAJAH KHADIJA est votre alli\u00e9 indispensable pour la protection et l&rsquo;am\u00e9lioration de vos actifs en&hellip;","_links":{"self":[{"href":"https:\/\/www.maitreennajah.com\/ar\/wp-json\/wp\/v2\/pages\/191","targetHints":{"allow":["GET"]}}],"collection":[{"href":"https:\/\/www.maitreennajah.com\/ar\/wp-json\/wp\/v2\/pages"}],"about":[{"href":"https:\/\/www.maitreennajah.com\/ar\/wp-json\/wp\/v2\/types\/page"}],"author":[{"embeddable":true,"href":"https:\/\/www.maitreennajah.com\/ar\/wp-json\/wp\/v2\/users\/1"}],"replies":[{"embeddable":true,"href":"https:\/\/www.maitreennajah.com\/ar\/wp-json\/wp\/v2\/comments?post=191"}],"version-history":[{"count":19,"href":"https:\/\/www.maitreennajah.com\/ar\/wp-json\/wp\/v2\/pages\/191\/revisions"}],"predecessor-version":[{"id":1678,"href":"https:\/\/www.maitreennajah.com\/ar\/wp-json\/wp\/v2\/pages\/191\/revisions\/1678"}],"wp:attachment":[{"href":"https:\/\/www.maitreennajah.com\/ar\/wp-json\/wp\/v2\/media?parent=191"}],"curies":[{"name":"wp","href":"https:\/\/api.w.org\/{rel}","templated":true}]}}